{"id":3415,"date":"2024-05-13T06:30:27","date_gmt":"2024-05-13T06:30:27","guid":{"rendered":"http:\/\/64.91.246.76\/~energizer\/?post_type=product&#038;p=3415"},"modified":"2024-10-30T11:55:05","modified_gmt":"2024-10-30T11:55:05","slug":"energizer-ultimate-lithium-9v","status":"publish","type":"product","link":"https:\/\/energizer.com\/eu\/spain\/product\/energizer-ultimate-lithium-9v\/","title":{"rendered":"ENERGIZER\u00ae ULTIMATE LITHIUM &#8211; 9V"},"content":{"rendered":"<ul>\n<li>Pilas Energizer Ultimate Lithium 9V<\/li>\n<li>M\u00e1xima Duraci\u00f3n: Estas pilas de 9 V mantienen encendidos tus dispositivos elementos esenciales<\/li>\n<li>Energ\u00eda Confiable: Pilas de litio para detectores de humo, timbres, videojuegos, linternas y otros dispositivos de uso cotidiano<\/li>\n<li>Confiables: Estas pilas de litio de 9 V tienen una vida \u00fatil de hasta 10 a\u00f1os almacenadas y toleran temperaturas extremas, de -40 \u00b0C a 60 \u00b0C, para su uso en interiores y exteriores durante todo el a\u00f1o<\/li>\n<li>Innovaci\u00f3n Energizer: De los creadores de la primera pila AA de litio del mundo en 1992<\/li>\n<li>Embalajes 100% Reciclables: Los Embalajes Energizer son 100% reciclables, apoyan la silvicultura responsable y no contienen pl\u00e1stico, excepto los precintos de algunos embalajes<\/li>\n<\/ul>\n","protected":false},"excerpt":{"rendered":"<p>Saque el m\u00e1ximo partido a sus dispositivos de alta tecnolog\u00eda con la potencia fiable de esta pila de 9 V de larga duraci\u00f3n de Energizer; Energizer Ultimate Lithium 9V. Abast\u00e9zcase de pilas de litio para detectores de humo y juguetes, as\u00ed como de pilas para timbres y linternas. Este paquete de pilas tambi\u00e9n es una gran elecci\u00f3n si necesita una pila Energizer de 9V para una afeitadora. Las pilas de litio Energizer de 9V conservan la energ\u00eda hasta 10 a\u00f1os mientras est\u00e1n almacenadas, por lo que siempre estar\u00e1n listas cuando usted lo est\u00e9. Adem\u00e1s, las Energizer Ultimate Lithium resisten temperaturas extremas, de -40 \u00b0C a 60 \u00b0C, para proporcionarle energ\u00eda cuando m\u00e1s la necesita.<\/p>\n<p>La gama Energizer Ultimate Lithium tambi\u00e9n incluye pilas AAA y AA, por lo que es f\u00e1cil encontrar energ\u00eda fiable en el tama\u00f1o que necesita.<\/p>\n","protected":false},"featured_media":0,"comment_status":"open","ping_status":"closed","template":"","meta":{"_acf_changed":false},"product_brand":[],"product_cat":[30],"product_tag":[],"class_list":{"0":"post-3415","1":"product","2":"type-product","3":"status-publish","5":"product_cat-energizer-ultimate-lithium","7":"first","8":"instock","9":"shipping-taxable","10":"product-type-simple"},"acf":[],"_links":{"self":[{"href":"https:\/\/energizer.com\/eu\/spain\/wp-json\/wp\/v2\/product\/3415","targetHints":{"allow":["GET"]}}],"collection":[{"href":"https:\/\/energizer.com\/eu\/spain\/wp-json\/wp\/v2\/product"}],"about":[{"href":"https:\/\/energizer.com\/eu\/spain\/wp-json\/wp\/v2\/types\/product"}],"replies":[{"embeddable":true,"href":"https:\/\/energizer.com\/eu\/spain\/wp-json\/wp\/v2\/comments?post=3415"}],"version-history":[{"count":13,"href":"https:\/\/energizer.com\/eu\/spain\/wp-json\/wp\/v2\/product\/3415\/revisions"}],"predecessor-version":[{"id":10343,"href":"https:\/\/energizer.com\/eu\/spain\/wp-json\/wp\/v2\/product\/3415\/revisions\/10343"}],"wp:attachment":[{"href":"https:\/\/energizer.com\/eu\/spain\/wp-json\/wp\/v2\/media?parent=3415"}],"wp:term":[{"taxonomy":"product_brand","embeddable":true,"href":"https:\/\/energizer.com\/eu\/spain\/wp-json\/wp\/v2\/product_brand?post=3415"},{"taxonomy":"product_cat","embeddable":true,"href":"https:\/\/energizer.com\/eu\/spain\/wp-json\/wp\/v2\/product_cat?post=3415"},{"taxonomy":"product_tag","embeddable":true,"href":"https:\/\/energizer.com\/eu\/spain\/wp-json\/wp\/v2\/product_tag?post=3415"}],"curies":[{"name":"wp","href":"https:\/\/api.w.org\/{rel}","templated":true}]}}