{"id":3424,"date":"2024-05-13T08:18:10","date_gmt":"2024-05-13T08:18:10","guid":{"rendered":"http:\/\/64.91.246.76\/~energizer\/?post_type=product&#038;p=3424"},"modified":"2024-11-25T06:42:33","modified_gmt":"2024-11-25T06:42:33","slug":"energizer-alkaline-power-aaa","status":"publish","type":"product","link":"https:\/\/energizer.com\/eu\/spain\/product\/energizer-alkaline-power-aaa\/","title":{"rendered":"ENERGIZER\u00ae ALKALINE POWER &#8211; AAA"},"content":{"rendered":"<ul>\n<li>Pilas Energizer Alkaline Power AAA<\/li>\n<li>Larga Duraci\u00f3n: Energ\u00eda fiable para que tus dispositivos sigan funcionando<\/li>\n<li>Energ\u00eda Confiable: pilas alcalinas Energizer para sus art\u00edculos cotidianos m\u00e1s demandados, como relojes, linternas, luces y controles<\/li>\n<li>Confiable: Cada pila alcalina AAA Energizer tiene una vida \u00fatil de hasta 7 a\u00f1os, por lo que estar\u00e1n listas cuando las necesite<\/li>\n<li>Innovaci\u00f3n Energizer: De los creadores de la pila AA m\u00e1s duradera del mundo, Energizer Ultimate Lithium<\/li>\n<li>Embalajes 100% Reciclables: Los Embalajes Energizer son 100% reciclables, apoyan la silvicultura responsable y no contienen pl\u00e1stico, excepto los precintos de algunos embalajes<\/li>\n<li>Incluye Materiales Reciclados: *Acero hasta un 10% reciclado. S\u00f3lo AA\/AAA. Empaques especialmente marcados<\/li>\n<\/ul>\n","protected":false},"excerpt":{"rendered":"<p>Saque el m\u00e1ximo partido a sus dispositivos esenciales con la energ\u00eda fiable y duradera que cabe esperar de las pilas Energizer. Abast\u00e9zcase de pilas AAA para control remoto de videojuegos y pilas para c\u00e1maras, as\u00ed como de pilas alcalinas Energizer AAA para linternas, controles remotos, relojes y juguetes. Cada pila Energizer Alkaline Power AAA mantiene la energ\u00eda hasta 7 a\u00f1os mientras est\u00e1 guardada. Con Energizer, la energ\u00eda estar\u00e1 lista cuando usted lo est\u00e9. La gama Energizer Alkaline Power tambi\u00e9n incluye pilas AA, C, D y 9V, por lo que es f\u00e1cil encontrar energ\u00eda confiable en el tama\u00f1o que necesita.<\/p>\n","protected":false},"featured_media":0,"comment_status":"open","ping_status":"closed","template":"","meta":{"_acf_changed":false},"product_brand":[],"product_cat":[57],"product_tag":[],"class_list":{"0":"post-3424","1":"product","2":"type-product","3":"status-publish","5":"product_cat-alkaline-power","7":"first","8":"instock","9":"shipping-taxable","10":"product-type-simple"},"acf":[],"_links":{"self":[{"href":"https:\/\/energizer.com\/eu\/spain\/wp-json\/wp\/v2\/product\/3424","targetHints":{"allow":["GET"]}}],"collection":[{"href":"https:\/\/energizer.com\/eu\/spain\/wp-json\/wp\/v2\/product"}],"about":[{"href":"https:\/\/energizer.com\/eu\/spain\/wp-json\/wp\/v2\/types\/product"}],"replies":[{"embeddable":true,"href":"https:\/\/energizer.com\/eu\/spain\/wp-json\/wp\/v2\/comments?post=3424"}],"version-history":[{"count":13,"href":"https:\/\/energizer.com\/eu\/spain\/wp-json\/wp\/v2\/product\/3424\/revisions"}],"predecessor-version":[{"id":10654,"href":"https:\/\/energizer.com\/eu\/spain\/wp-json\/wp\/v2\/product\/3424\/revisions\/10654"}],"wp:attachment":[{"href":"https:\/\/energizer.com\/eu\/spain\/wp-json\/wp\/v2\/media?parent=3424"}],"wp:term":[{"taxonomy":"product_brand","embeddable":true,"href":"https:\/\/energizer.com\/eu\/spain\/wp-json\/wp\/v2\/product_brand?post=3424"},{"taxonomy":"product_cat","embeddable":true,"href":"https:\/\/energizer.com\/eu\/spain\/wp-json\/wp\/v2\/product_cat?post=3424"},{"taxonomy":"product_tag","embeddable":true,"href":"https:\/\/energizer.com\/eu\/spain\/wp-json\/wp\/v2\/product_tag?post=3424"}],"curies":[{"name":"wp","href":"https:\/\/api.w.org\/{rel}","templated":true}]}}