{"id":4174,"date":"2024-05-16T06:36:04","date_gmt":"2024-05-16T06:36:04","guid":{"rendered":"https:\/\/23b13e8ab3.nxcli.io\/spain\/?post_type=product&#038;p=4174"},"modified":"2024-12-10T06:06:18","modified_gmt":"2024-12-10T06:06:18","slug":"energizer-electronic-batteries-cr1216","status":"publish","type":"product","link":"https:\/\/energizer.com\/eu\/spain\/product\/energizer-electronic-batteries-cr1216\/","title":{"rendered":"ENERGIZER\u00ae PILAS ELECTR\u00d3NICAS \u2013 CR1216"},"content":{"rendered":"<ul>\n<li>Pila de bot\u00f3n de litio Energizer 1216<\/li>\n<li>Ofrece un rendimiento duradero y fiable en dispositivos especializados como monitores tu frecuencia card\u00edaca, controles remotos, sistemas de entrada sin llave, monitores de glucosa, juguetes y juegos<\/li>\n<li>Mantiene la energ\u00eda hasta 10 a\u00f1os en almacenamiento, lo que garantiza de usted tengas Pila de bot\u00f3n de litio listas cuando las necesite<\/li>\n<li>Tama\u00f1o de la celda: 1216; IEC: CR1216; Tipo: bot\u00f3n de litio; Voltio: 3<\/li>\n<li>Reemplazo para: L40 y DL1216<\/li>\n<li>Estas pilas de litio pueden soportar un amplio rango de temperaturas, desde -30\u00ba a 60\u00ba C<\/li>\n<\/ul>\n","protected":false},"excerpt":{"rendered":"<p>No te dejes enga\u00f1ar por su peque\u00f1o tama\u00f1o: Esta pila de 3 voltios Energizer 1216 Lithium Coin ofrece una gran cantidad de energ\u00eda confiable y duradera para sus dispositivos que funcionan con pilas de bot\u00f3n. Desde monitores de frecuencia card\u00edaca o glucosa hasta controles remotos, sistemas de entrada sin llave, llaveros, relojes, juguetes y juegos, e incluso dispositivos m\u00e1s especializados, nuestras pilas de bot\u00f3n son compatibles con los dispositivos que se adaptan a su vida, para que pueda seguir adelante.<\/p>\n","protected":false},"featured_media":0,"comment_status":"open","ping_status":"closed","template":"","meta":{"_acf_changed":false},"product_brand":[],"product_cat":[58],"product_tag":[],"class_list":{"0":"post-4174","1":"product","2":"type-product","3":"status-publish","5":"product_cat-specialty","7":"first","8":"instock","9":"shipping-taxable","10":"product-type-simple"},"acf":[],"_links":{"self":[{"href":"https:\/\/energizer.com\/eu\/spain\/wp-json\/wp\/v2\/product\/4174","targetHints":{"allow":["GET"]}}],"collection":[{"href":"https:\/\/energizer.com\/eu\/spain\/wp-json\/wp\/v2\/product"}],"about":[{"href":"https:\/\/energizer.com\/eu\/spain\/wp-json\/wp\/v2\/types\/product"}],"replies":[{"embeddable":true,"href":"https:\/\/energizer.com\/eu\/spain\/wp-json\/wp\/v2\/comments?post=4174"}],"version-history":[{"count":13,"href":"https:\/\/energizer.com\/eu\/spain\/wp-json\/wp\/v2\/product\/4174\/revisions"}],"predecessor-version":[{"id":10910,"href":"https:\/\/energizer.com\/eu\/spain\/wp-json\/wp\/v2\/product\/4174\/revisions\/10910"}],"wp:attachment":[{"href":"https:\/\/energizer.com\/eu\/spain\/wp-json\/wp\/v2\/media?parent=4174"}],"wp:term":[{"taxonomy":"product_brand","embeddable":true,"href":"https:\/\/energizer.com\/eu\/spain\/wp-json\/wp\/v2\/product_brand?post=4174"},{"taxonomy":"product_cat","embeddable":true,"href":"https:\/\/energizer.com\/eu\/spain\/wp-json\/wp\/v2\/product_cat?post=4174"},{"taxonomy":"product_tag","embeddable":true,"href":"https:\/\/energizer.com\/eu\/spain\/wp-json\/wp\/v2\/product_tag?post=4174"}],"curies":[{"name":"wp","href":"https:\/\/api.w.org\/{rel}","templated":true}]}}