{"id":4176,"date":"2024-05-16T06:41:54","date_gmt":"2024-05-16T06:41:54","guid":{"rendered":"https:\/\/23b13e8ab3.nxcli.io\/spain\/?post_type=product&#038;p=4176"},"modified":"2024-11-05T11:30:54","modified_gmt":"2024-11-05T11:30:54","slug":"energizer-electronic-batteries-aaaa-lr61","status":"publish","type":"product","link":"https:\/\/energizer.com\/eu\/spain\/product\/energizer-electronic-batteries-aaaa-lr61\/","title":{"rendered":"ENERGIZER\u00ae PILAS ELECTR\u00d3NICAS \u2013 AAAA\/LR61"},"content":{"rendered":"<ul>\n<li>Lectores de libros electr\u00f3nicos<\/li>\n<li>Consolas de juegos port\u00e1tiles<\/li>\n<li>Organizadores personales<\/li>\n<li>Juegos y juguetes electr\u00f3nicos<\/li>\n<li>Ordenadores<\/li>\n<li>Controles remotos<\/li>\n<li>Cuidado personal<\/li>\n<li>Calculadoras<\/li>\n<li>Cerraduras sin llave y el\u00e9ctricas<\/li>\n<li>Mandos de garaje<\/li>\n<li>Term\u00f3metros digitales<\/li>\n<li>Tensi\u00f3metros<\/li>\n<li>Salud en el hogar<\/li>\n<\/ul>\n","protected":false},"excerpt":{"rendered":"<p>Energizer\u00ae ha sido l\u00edder mundial en pilas para dispositivos electr\u00f3nicos peque\u00f1os durante d\u00e9cadas. Por lo tanto, puede confiar en la ingenier\u00eda de precisi\u00f3n de las pilas para alimentar todos sus peque\u00f1os dispositivos electr\u00f3nicos, desde monitores de glucosa y rastreadores de actividad f\u00edsica hasta los \u00faltimos juegos y juguetes.<\/p>\n","protected":false},"featured_media":0,"comment_status":"open","ping_status":"closed","template":"","meta":{"_acf_changed":false},"product_brand":[],"product_cat":[58],"product_tag":[],"class_list":{"0":"post-4176","1":"product","2":"type-product","3":"status-publish","5":"product_cat-specialty","7":"first","8":"instock","9":"shipping-taxable","10":"product-type-simple"},"acf":[],"_links":{"self":[{"href":"https:\/\/energizer.com\/eu\/spain\/wp-json\/wp\/v2\/product\/4176","targetHints":{"allow":["GET"]}}],"collection":[{"href":"https:\/\/energizer.com\/eu\/spain\/wp-json\/wp\/v2\/product"}],"about":[{"href":"https:\/\/energizer.com\/eu\/spain\/wp-json\/wp\/v2\/types\/product"}],"replies":[{"embeddable":true,"href":"https:\/\/energizer.com\/eu\/spain\/wp-json\/wp\/v2\/comments?post=4176"}],"version-history":[{"count":12,"href":"https:\/\/energizer.com\/eu\/spain\/wp-json\/wp\/v2\/product\/4176\/revisions"}],"predecessor-version":[{"id":10618,"href":"https:\/\/energizer.com\/eu\/spain\/wp-json\/wp\/v2\/product\/4176\/revisions\/10618"}],"wp:attachment":[{"href":"https:\/\/energizer.com\/eu\/spain\/wp-json\/wp\/v2\/media?parent=4176"}],"wp:term":[{"taxonomy":"product_brand","embeddable":true,"href":"https:\/\/energizer.com\/eu\/spain\/wp-json\/wp\/v2\/product_brand?post=4176"},{"taxonomy":"product_cat","embeddable":true,"href":"https:\/\/energizer.com\/eu\/spain\/wp-json\/wp\/v2\/product_cat?post=4176"},{"taxonomy":"product_tag","embeddable":true,"href":"https:\/\/energizer.com\/eu\/spain\/wp-json\/wp\/v2\/product_tag?post=4176"}],"curies":[{"name":"wp","href":"https:\/\/api.w.org\/{rel}","templated":true}]}}