{"id":4184,"date":"2024-05-16T06:53:09","date_gmt":"2024-05-16T06:53:09","guid":{"rendered":"https:\/\/23b13e8ab3.nxcli.io\/spain\/?post_type=product&#038;p=4184"},"modified":"2024-11-25T09:55:47","modified_gmt":"2024-11-25T09:55:47","slug":"energizer-electronic-batteries-cr1632","status":"publish","type":"product","link":"https:\/\/energizer.com\/eu\/spain\/product\/energizer-electronic-batteries-cr1632\/","title":{"rendered":"ENERGIZER\u00ae PILAS ELECTR\u00d3NICAS \u2013 CR1632"},"content":{"rendered":"<ul>\n<li>Pila tipo bot\u00f3n de litio Energizer 1632<\/li>\n<li>Ofrece un rendimiento confiable y duradero en dispositivos especializados como monitores de frecuencia card\u00edaca, controles remotos, sistemas de entrada sin llave, monitores de glucosa, dispositivos y juegos<\/li>\n<li>Mantiene la energ\u00eda hasta 10 a\u00f1os en almacenamiento, lo que garantiza que tenga Pilas de bot\u00f3n de litio listas cuando las necesite<\/li>\n<li>Tama\u00f1o de la pila: 1632; IEC: CR1632; Tipo: Bot\u00f3n de Litio; Voltaje: 3<\/li>\n<li>Reemplazo para: DL1632<\/li>\n<li>Estas Pilas de litio pueden soportar un amplio rango de temperaturas, desde -30\u00ba hasta 60\u00ba C<\/li>\n<\/ul>\n","protected":false},"excerpt":{"rendered":"<p>No te dejes enga\u00f1ar por su peque\u00f1o tama\u00f1o: Esta pilas de bot\u00f3n de litio Energizer 1632 de 3 voltios ofrece energ\u00eda confiable y duradera para sus art\u00edculos operados por pilas de bot\u00f3n. Desde monitores de frecuencia card\u00edaca o glucosa hasta controles remotos, sistemas de entrada sin llave, llaveros, relojes, juguetes y juegos, e incluso dispositivos m\u00e1s especializados, nuestras pilas tipo bot\u00f3n son compatibles con los dispositivos que se adaptan a su vida, para que pueda seguir adelante.<\/p>\n","protected":false},"featured_media":0,"comment_status":"open","ping_status":"closed","template":"","meta":{"_acf_changed":false},"product_brand":[],"product_cat":[58],"product_tag":[],"class_list":{"0":"post-4184","1":"product","2":"type-product","3":"status-publish","5":"product_cat-specialty","7":"first","8":"instock","9":"shipping-taxable","10":"product-type-simple"},"acf":[],"_links":{"self":[{"href":"https:\/\/energizer.com\/eu\/spain\/wp-json\/wp\/v2\/product\/4184","targetHints":{"allow":["GET"]}}],"collection":[{"href":"https:\/\/energizer.com\/eu\/spain\/wp-json\/wp\/v2\/product"}],"about":[{"href":"https:\/\/energizer.com\/eu\/spain\/wp-json\/wp\/v2\/types\/product"}],"replies":[{"embeddable":true,"href":"https:\/\/energizer.com\/eu\/spain\/wp-json\/wp\/v2\/comments?post=4184"}],"version-history":[{"count":12,"href":"https:\/\/energizer.com\/eu\/spain\/wp-json\/wp\/v2\/product\/4184\/revisions"}],"predecessor-version":[{"id":10675,"href":"https:\/\/energizer.com\/eu\/spain\/wp-json\/wp\/v2\/product\/4184\/revisions\/10675"}],"wp:attachment":[{"href":"https:\/\/energizer.com\/eu\/spain\/wp-json\/wp\/v2\/media?parent=4184"}],"wp:term":[{"taxonomy":"product_brand","embeddable":true,"href":"https:\/\/energizer.com\/eu\/spain\/wp-json\/wp\/v2\/product_brand?post=4184"},{"taxonomy":"product_cat","embeddable":true,"href":"https:\/\/energizer.com\/eu\/spain\/wp-json\/wp\/v2\/product_cat?post=4184"},{"taxonomy":"product_tag","embeddable":true,"href":"https:\/\/energizer.com\/eu\/spain\/wp-json\/wp\/v2\/product_tag?post=4184"}],"curies":[{"name":"wp","href":"https:\/\/api.w.org\/{rel}","templated":true}]}}