{"id":4226,"date":"2024-05-16T07:32:36","date_gmt":"2024-05-16T07:32:36","guid":{"rendered":"https:\/\/23b13e8ab3.nxcli.io\/spain\/?post_type=product&#038;p=4226"},"modified":"2024-11-05T11:03:54","modified_gmt":"2024-11-05T11:03:54","slug":"energizer-electronic-batteries-cr2430","status":"publish","type":"product","link":"https:\/\/energizer.com\/eu\/spain\/product\/energizer-electronic-batteries-cr2430\/","title":{"rendered":"ENERGIZER\u00ae PILAS ELECTR\u00d3NICAS \u2013 CR2430"},"content":{"rendered":"<ul>\n<li>Energizer pila de bot\u00f3n de litio 2430<\/li>\n<li>Ofrece un rendimiento duradero y fiable en dispositivos especializados como monitores de frecuencia card\u00edaca, controles remotos, sistemas de entrada sin llave, monitores de glucosa, juguetes y juegos<\/li>\n<li>Mantiene la energ\u00eda hasta 10 a\u00f1os en almacenamiento, asegurando que sus pilas de bot\u00f3n de litio mantendr\u00e1n su carga cuando las necesite<\/li>\n<li>Tama\u00f1o de la pila: 2430; IEC: CR2430; Tipo: Bot\u00f3n de litio; Voltio: 3<\/li>\n<li>Reemplazo para: L20, DL2430, LF12W y 5011LC<\/li>\n<li>Estas pilas de litio pueden soportar un amplio rango de temperaturas, desde -30\u00ba a 60\u00ba C<\/li>\n<\/ul>\n","protected":false},"excerpt":{"rendered":"<p>No te dejes enga\u00f1ar por su peque\u00f1o tama\u00f1o: Esta pila de bot\u00f3n de litio Energizer 2430 de 3 voltios ofrece energ\u00eda confiable y duradera para sus art\u00edculos que funcionan con pilas tipo bot\u00f3n. Desde monitores de frecuencia card\u00edaca o glucosa hasta controles remotos, sistemas de entrada sin llave, llaveros, relojes, juguetes y juegos, e incluso dispositivos m\u00e1s especializados, nuestras pilas tipo moneda son compatibles con los dispositivos que se adaptan a su vida, para que pueda seguir adelante.<\/p>\n","protected":false},"featured_media":0,"comment_status":"open","ping_status":"closed","template":"","meta":{"_acf_changed":false},"product_brand":[],"product_cat":[58],"product_tag":[],"class_list":{"0":"post-4226","1":"product","2":"type-product","3":"status-publish","5":"product_cat-specialty","7":"first","8":"instock","9":"shipping-taxable","10":"product-type-simple"},"acf":[],"_links":{"self":[{"href":"https:\/\/energizer.com\/eu\/spain\/wp-json\/wp\/v2\/product\/4226","targetHints":{"allow":["GET"]}}],"collection":[{"href":"https:\/\/energizer.com\/eu\/spain\/wp-json\/wp\/v2\/product"}],"about":[{"href":"https:\/\/energizer.com\/eu\/spain\/wp-json\/wp\/v2\/types\/product"}],"replies":[{"embeddable":true,"href":"https:\/\/energizer.com\/eu\/spain\/wp-json\/wp\/v2\/comments?post=4226"}],"version-history":[{"count":14,"href":"https:\/\/energizer.com\/eu\/spain\/wp-json\/wp\/v2\/product\/4226\/revisions"}],"predecessor-version":[{"id":10613,"href":"https:\/\/energizer.com\/eu\/spain\/wp-json\/wp\/v2\/product\/4226\/revisions\/10613"}],"wp:attachment":[{"href":"https:\/\/energizer.com\/eu\/spain\/wp-json\/wp\/v2\/media?parent=4226"}],"wp:term":[{"taxonomy":"product_brand","embeddable":true,"href":"https:\/\/energizer.com\/eu\/spain\/wp-json\/wp\/v2\/product_brand?post=4226"},{"taxonomy":"product_cat","embeddable":true,"href":"https:\/\/energizer.com\/eu\/spain\/wp-json\/wp\/v2\/product_cat?post=4226"},{"taxonomy":"product_tag","embeddable":true,"href":"https:\/\/energizer.com\/eu\/spain\/wp-json\/wp\/v2\/product_tag?post=4226"}],"curies":[{"name":"wp","href":"https:\/\/api.w.org\/{rel}","templated":true}]}}