{"id":4234,"date":"2024-05-16T07:37:41","date_gmt":"2024-05-16T07:37:41","guid":{"rendered":"https:\/\/23b13e8ab3.nxcli.io\/spain\/?post_type=product&#038;p=4234"},"modified":"2024-11-25T12:20:36","modified_gmt":"2024-11-25T12:20:36","slug":"energizer-electronic-batteries-cr1620","status":"publish","type":"product","link":"https:\/\/energizer.com\/eu\/spain\/product\/energizer-electronic-batteries-cr1620\/","title":{"rendered":"ENERGIZER\u00ae PILAS ELECTR\u00d3NICAS \u2013 CR1620"},"content":{"rendered":"<ul>\n<li>Pila tipo bot\u00f3n de litio Energizer 1620<\/li>\n<li>Ofrece un rendimiento confiable y duradero en dispositivos de especialidad como monitores de frecuencia card\u00edaca, controles remotos, sistemas de entrada sin llave, monitores de glucosa, juguetes y juegos<\/li>\n<li>Mantiene la energ\u00eda almacenada hasta por 10 a\u00f1os, lo que garantiza que tendr\u00e1 Pilas de bot\u00f3n de litio listas cuando las necesite<\/li>\n<li>Tama\u00f1o de pila: 1620; IEC: CR1620; Tipo: Bot\u00f3n de litio; Voltio: 3<\/li>\n<li>Reemplazo para: L08, 280-208, DL1620 y 5009LC<\/li>\n<li>Estas Pilas de litio pueden soportar un amplio rango de temperaturas, desde -30\u00ba hasta 60\u00ba C<\/li>\n<\/ul>\n","protected":false},"excerpt":{"rendered":"<p>No te dejes enga\u00f1ar por su peque\u00f1o tama\u00f1o: Esta pila de bot\u00f3n de litio Energizer 1620 de 3 voltios ofrece una gran cantidad de energ\u00eda confiable y duradera para sus art\u00edculos que funcionan con pilas de bot\u00f3n. Desde monitores de frecuencia card\u00edaca o glucosa hasta controles remotos, sistemas de entrada sin llave, llaveros, relojes, juguetes y juegos, e incluso dispositivos m\u00e1s especializados, nuestras pilas tipo bot\u00f3n son compatibles con los dispositivos que se adaptan a su vida, para que pueda seguir adelante.<\/p>\n","protected":false},"featured_media":0,"comment_status":"open","ping_status":"closed","template":"","meta":{"_acf_changed":false},"product_brand":[],"product_cat":[58],"product_tag":[],"class_list":{"0":"post-4234","1":"product","2":"type-product","3":"status-publish","5":"product_cat-specialty","7":"first","8":"instock","9":"shipping-taxable","10":"product-type-simple"},"acf":[],"_links":{"self":[{"href":"https:\/\/energizer.com\/eu\/spain\/wp-json\/wp\/v2\/product\/4234","targetHints":{"allow":["GET"]}}],"collection":[{"href":"https:\/\/energizer.com\/eu\/spain\/wp-json\/wp\/v2\/product"}],"about":[{"href":"https:\/\/energizer.com\/eu\/spain\/wp-json\/wp\/v2\/types\/product"}],"replies":[{"embeddable":true,"href":"https:\/\/energizer.com\/eu\/spain\/wp-json\/wp\/v2\/comments?post=4234"}],"version-history":[{"count":10,"href":"https:\/\/energizer.com\/eu\/spain\/wp-json\/wp\/v2\/product\/4234\/revisions"}],"predecessor-version":[{"id":10694,"href":"https:\/\/energizer.com\/eu\/spain\/wp-json\/wp\/v2\/product\/4234\/revisions\/10694"}],"wp:attachment":[{"href":"https:\/\/energizer.com\/eu\/spain\/wp-json\/wp\/v2\/media?parent=4234"}],"wp:term":[{"taxonomy":"product_brand","embeddable":true,"href":"https:\/\/energizer.com\/eu\/spain\/wp-json\/wp\/v2\/product_brand?post=4234"},{"taxonomy":"product_cat","embeddable":true,"href":"https:\/\/energizer.com\/eu\/spain\/wp-json\/wp\/v2\/product_cat?post=4234"},{"taxonomy":"product_tag","embeddable":true,"href":"https:\/\/energizer.com\/eu\/spain\/wp-json\/wp\/v2\/product_tag?post=4234"}],"curies":[{"name":"wp","href":"https:\/\/api.w.org\/{rel}","templated":true}]}}