{"id":4245,"date":"2024-05-16T07:47:01","date_gmt":"2024-05-16T07:47:01","guid":{"rendered":"https:\/\/23b13e8ab3.nxcli.io\/spain\/?post_type=product&#038;p=4245"},"modified":"2024-11-25T11:23:46","modified_gmt":"2024-11-25T11:23:46","slug":"energizer-electronic-batteries-cr1025","status":"publish","type":"product","link":"https:\/\/energizer.com\/eu\/spain\/product\/energizer-electronic-batteries-cr1025\/","title":{"rendered":"ENERGIZER\u00ae PILAS ELECTR\u00d3NICAS \u2013 CR1025"},"content":{"rendered":"<ul>\n<li>Pilas de bot\u00f3n de litio Energizer 1025<\/li>\n<li>Ofrece un rendimiento confiable y duradero en dispositivos especiales como monitores de frecuencia card\u00edaca, controles remotos, sistemas de entrada sin llave, monitores de glucosa, juguetes y juegos<\/li>\n<li>Conserva la carga hasta por 10 a\u00f1os en almacenamiento, lo que garantiza que tendr\u00e1 Pila de bot\u00f3n de litio listas cuando las necesite<\/li>\n<li>Tama\u00f1o de celda: 1025; IEC: CR1025; Tipo: bot\u00f3n de litio; Voltio: 3<\/li>\n<li>Reemplazo para: 5033LC, DL1025 y L44<\/li>\n<li>Estas Pilas de litio duraderas y confiables pueden soportar un amplio rango de temperaturas de -30\u00ba a 60\u00ba C<\/li>\n<\/ul>\n","protected":false},"excerpt":{"rendered":"<p>No te dejes enga\u00f1ar por su peque\u00f1o tama\u00f1o: Esta pilas de bot\u00f3n de litio Energizer 1025 de 3 voltios ofrece energ\u00eda confiable y duradera para sus art\u00edculos que funcionan con pilas tipo bot\u00f3n. Desde monitores de frecuencia card\u00edaca o glucosa hasta controles remotos, sistemas de entrada sin llave, llaveros, relojes, juguetes y juegos, e incluso dispositivos m\u00e1s especializados, nuestras pilas tipo moneda son compatibles con los dispositivos que se adaptan a su vida, para que pueda seguir adelante.<\/p>\n","protected":false},"featured_media":0,"comment_status":"open","ping_status":"closed","template":"","meta":{"_acf_changed":false},"product_brand":[],"product_cat":[58],"product_tag":[],"class_list":{"0":"post-4245","1":"product","2":"type-product","3":"status-publish","5":"product_cat-specialty","7":"first","8":"instock","9":"shipping-taxable","10":"product-type-simple"},"acf":[],"_links":{"self":[{"href":"https:\/\/energizer.com\/eu\/spain\/wp-json\/wp\/v2\/product\/4245","targetHints":{"allow":["GET"]}}],"collection":[{"href":"https:\/\/energizer.com\/eu\/spain\/wp-json\/wp\/v2\/product"}],"about":[{"href":"https:\/\/energizer.com\/eu\/spain\/wp-json\/wp\/v2\/types\/product"}],"replies":[{"embeddable":true,"href":"https:\/\/energizer.com\/eu\/spain\/wp-json\/wp\/v2\/comments?post=4245"}],"version-history":[{"count":10,"href":"https:\/\/energizer.com\/eu\/spain\/wp-json\/wp\/v2\/product\/4245\/revisions"}],"predecessor-version":[{"id":10683,"href":"https:\/\/energizer.com\/eu\/spain\/wp-json\/wp\/v2\/product\/4245\/revisions\/10683"}],"wp:attachment":[{"href":"https:\/\/energizer.com\/eu\/spain\/wp-json\/wp\/v2\/media?parent=4245"}],"wp:term":[{"taxonomy":"product_brand","embeddable":true,"href":"https:\/\/energizer.com\/eu\/spain\/wp-json\/wp\/v2\/product_brand?post=4245"},{"taxonomy":"product_cat","embeddable":true,"href":"https:\/\/energizer.com\/eu\/spain\/wp-json\/wp\/v2\/product_cat?post=4245"},{"taxonomy":"product_tag","embeddable":true,"href":"https:\/\/energizer.com\/eu\/spain\/wp-json\/wp\/v2\/product_tag?post=4245"}],"curies":[{"name":"wp","href":"https:\/\/api.w.org\/{rel}","templated":true}]}}