{"id":4247,"date":"2024-05-16T07:49:10","date_gmt":"2024-05-16T07:49:10","guid":{"rendered":"https:\/\/23b13e8ab3.nxcli.io\/spain\/?post_type=product&#038;p=4247"},"modified":"2024-11-05T10:49:25","modified_gmt":"2024-11-05T10:49:25","slug":"energizer-ultimate-lithium-coin-cr2016-2","status":"publish","type":"product","link":"https:\/\/energizer.com\/eu\/spain\/product\/energizer-ultimate-lithium-coin-cr2016-2\/","title":{"rendered":"ENERGIZER\u00ae ULTIMATE LITHIUM BOT\u00d3N \u2013 CR2016"},"content":{"rendered":"<ul>\n<li>Pilas de bot\u00f3n de litio Energizer CR2016<\/li>\n<li>De larga duraci\u00f3n: Cada pila de litio mantiene su energ\u00eda hasta por 10 a\u00f1os en almacenamiento, por lo que siempre estar\u00e1n listas cuando las necesites<\/li>\n<li>Energ\u00eda confiable: Ofrece un rendimiento duradero y confiable en dispositivos especiales como monitores de frecuencia card\u00edaca, controles remotos, sistemas de entrada sin llave, monitores de glucosa y juguetes<\/li>\n<li>Seguro: Las pilas de bot\u00f3n de litio Energizer est\u00e1n protegidas en un embalaje a prueba de ni\u00f1os<\/li>\n<li>Confiable: Estas pilas de litio Energizer CR2016 funcionan en temperaturas extremas, soportando -30\u00ba a 60\u00ba C<\/li>\n<li>Innovaci\u00f3n Energizer: De los fabricantes de las pilas AA m\u00e1s duraderas del mundo, Energizer Ultimate Lithium<\/li>\n<\/ul>\n","protected":false},"excerpt":{"rendered":"<p>Aprovecha al m\u00e1ximo tus dispositivos esenciales con la energ\u00eda confiable y duradera que esperas de Energizer. Abastezca de pilas Energizer CR2016 para relojes y dispositivos port\u00e1tiles, as\u00ed como pilas para llaveros, controles remotos y sensores de alarma. Este paquete de pilas tambi\u00e9n es una excelente opci\u00f3n si necesita una pila nueva para la llave del autom\u00f3vil. Cada pila Energizer CR2016 conserva la carga por hasta 10 a\u00f1os mientras est\u00e1 almacenada y puede soportar temperaturas de -30\u00ba a 60\u00baC. Tambi\u00e9n est\u00e1n dise\u00f1ados de manera responsable con cero mercurio y empaques de seguridad a prueba de ni\u00f1os.<\/p>\n","protected":false},"featured_media":0,"comment_status":"open","ping_status":"closed","template":"","meta":{"_acf_changed":false},"product_brand":[],"product_cat":[58],"product_tag":[],"class_list":{"0":"post-4247","1":"product","2":"type-product","3":"status-publish","5":"product_cat-specialty","7":"first","8":"instock","9":"shipping-taxable","10":"product-type-simple"},"acf":[],"_links":{"self":[{"href":"https:\/\/energizer.com\/eu\/spain\/wp-json\/wp\/v2\/product\/4247","targetHints":{"allow":["GET"]}}],"collection":[{"href":"https:\/\/energizer.com\/eu\/spain\/wp-json\/wp\/v2\/product"}],"about":[{"href":"https:\/\/energizer.com\/eu\/spain\/wp-json\/wp\/v2\/types\/product"}],"replies":[{"embeddable":true,"href":"https:\/\/energizer.com\/eu\/spain\/wp-json\/wp\/v2\/comments?post=4247"}],"version-history":[{"count":12,"href":"https:\/\/energizer.com\/eu\/spain\/wp-json\/wp\/v2\/product\/4247\/revisions"}],"predecessor-version":[{"id":10608,"href":"https:\/\/energizer.com\/eu\/spain\/wp-json\/wp\/v2\/product\/4247\/revisions\/10608"}],"wp:attachment":[{"href":"https:\/\/energizer.com\/eu\/spain\/wp-json\/wp\/v2\/media?parent=4247"}],"wp:term":[{"taxonomy":"product_brand","embeddable":true,"href":"https:\/\/energizer.com\/eu\/spain\/wp-json\/wp\/v2\/product_brand?post=4247"},{"taxonomy":"product_cat","embeddable":true,"href":"https:\/\/energizer.com\/eu\/spain\/wp-json\/wp\/v2\/product_cat?post=4247"},{"taxonomy":"product_tag","embeddable":true,"href":"https:\/\/energizer.com\/eu\/spain\/wp-json\/wp\/v2\/product_tag?post=4247"}],"curies":[{"name":"wp","href":"https:\/\/api.w.org\/{rel}","templated":true}]}}