{"id":4441,"date":"2024-05-16T12:23:35","date_gmt":"2024-05-16T12:23:35","guid":{"rendered":"https:\/\/23b13e8ab3.nxcli.io\/spain\/?post_type=product&#038;p=4441"},"modified":"2024-11-25T08:15:37","modified_gmt":"2024-11-25T08:15:37","slug":"energizer-photo-lithium-batteries-2cr5","status":"publish","type":"product","link":"https:\/\/energizer.com\/eu\/spain\/product\/energizer-photo-lithium-batteries-2cr5\/","title":{"rendered":"ENERGIZER\u00ae PILAS FOTO LITIO \u2013 2CR5"},"content":{"rendered":"<ul>\n<li>Pilas fotogr\u00e1ficas de litio Energizer 2CR5, que ofrecen un rendimiento duradero para su c\u00e1mara, toma tras toma<\/li>\n<li>Compatible con los dispositivos actuales de alta tecnolog\u00eda que consumen mucha energ\u00eda: Perfecto para c\u00e1maras de pel\u00edcula y c\u00e1maras digitales<\/li>\n<li>Tipo: Litio; Voltio: 6<\/li>\n<li>Reemplazo para: DL245, KL2CR5<\/li>\n<li>Potente: Las Pilas Energizer Photo est\u00e1n dise\u00f1adas para cumplir con los requisitos de los dispositivos de alta potencia actuales<\/li>\n<\/ul>\n","protected":false},"excerpt":{"rendered":"<p>No dejes de capturar ning\u00fan momento: Las Pilas fotogr\u00e1ficas Energizer 2CR5 de litio de 6 voltios est\u00e1n dise\u00f1adas para ofrecer un rendimiento preciso y duradero a las c\u00e1maras y unidades de flash de alta tecnolog\u00eda que consumen mucha energ\u00eda. Nuestras Pilas fotogr\u00e1ficas de 6 V dejar\u00e1n una impresi\u00f3n duradera: Ninguna otra Pila captura m\u00e1s fotograf\u00edas, seg\u00fan pruebas est\u00e1ndar de la industria.<\/p>\n","protected":false},"featured_media":0,"comment_status":"open","ping_status":"closed","template":"","meta":{"_acf_changed":false},"product_brand":[],"product_cat":[58],"product_tag":[],"class_list":{"0":"post-4441","1":"product","2":"type-product","3":"status-publish","5":"product_cat-specialty","7":"first","8":"instock","9":"shipping-taxable","10":"product-type-simple"},"acf":[],"_links":{"self":[{"href":"https:\/\/energizer.com\/eu\/spain\/wp-json\/wp\/v2\/product\/4441","targetHints":{"allow":["GET"]}}],"collection":[{"href":"https:\/\/energizer.com\/eu\/spain\/wp-json\/wp\/v2\/product"}],"about":[{"href":"https:\/\/energizer.com\/eu\/spain\/wp-json\/wp\/v2\/types\/product"}],"replies":[{"embeddable":true,"href":"https:\/\/energizer.com\/eu\/spain\/wp-json\/wp\/v2\/comments?post=4441"}],"version-history":[{"count":13,"href":"https:\/\/energizer.com\/eu\/spain\/wp-json\/wp\/v2\/product\/4441\/revisions"}],"predecessor-version":[{"id":10669,"href":"https:\/\/energizer.com\/eu\/spain\/wp-json\/wp\/v2\/product\/4441\/revisions\/10669"}],"wp:attachment":[{"href":"https:\/\/energizer.com\/eu\/spain\/wp-json\/wp\/v2\/media?parent=4441"}],"wp:term":[{"taxonomy":"product_brand","embeddable":true,"href":"https:\/\/energizer.com\/eu\/spain\/wp-json\/wp\/v2\/product_brand?post=4441"},{"taxonomy":"product_cat","embeddable":true,"href":"https:\/\/energizer.com\/eu\/spain\/wp-json\/wp\/v2\/product_cat?post=4441"},{"taxonomy":"product_tag","embeddable":true,"href":"https:\/\/energizer.com\/eu\/spain\/wp-json\/wp\/v2\/product_tag?post=4441"}],"curies":[{"name":"wp","href":"https:\/\/api.w.org\/{rel}","templated":true}]}}