{"id":4443,"date":"2024-05-16T12:25:05","date_gmt":"2024-05-16T12:25:05","guid":{"rendered":"https:\/\/23b13e8ab3.nxcli.io\/spain\/?post_type=product&#038;p=4443"},"modified":"2024-11-25T08:17:17","modified_gmt":"2024-11-25T08:17:17","slug":"energizer-photo-lithium-batteries-223","status":"publish","type":"product","link":"https:\/\/energizer.com\/eu\/spain\/product\/energizer-photo-lithium-batteries-223\/","title":{"rendered":"ENERGIZER\u00ae PILAS FOTO LITIO \u2013 223"},"content":{"rendered":"<ul>\n<li>Las pilas\u00a0fotogr\u00e1ficas Energizer<sup>\u00ae<\/sup> son duraderas<\/li>\n<li>Suficientemente potente para las linternas de alta tecnolog\u00eda actuales<\/li>\n<li>Unidades de flash y gafas de visi\u00f3n nocturna<\/li>\n<\/ul>\n","protected":false},"excerpt":{"rendered":"<p>Las pilas\u00a0fotogr\u00e1ficas Energizer<sup>\u00ae<\/sup> proporcionan un rendimiento \u00f3ptimo y duradero para sus c\u00e1maras de pel\u00edcula y digitales. Las pilas\u00a0son tan confiables que puede contar con ellas para todo, toma tras toma.<\/p>\n","protected":false},"featured_media":0,"comment_status":"open","ping_status":"closed","template":"","meta":{"_acf_changed":false},"product_brand":[],"product_cat":[58],"product_tag":[],"class_list":{"0":"post-4443","1":"product","2":"type-product","3":"status-publish","5":"product_cat-specialty","7":"first","8":"instock","9":"shipping-taxable","10":"product-type-simple"},"acf":[],"_links":{"self":[{"href":"https:\/\/energizer.com\/eu\/spain\/wp-json\/wp\/v2\/product\/4443","targetHints":{"allow":["GET"]}}],"collection":[{"href":"https:\/\/energizer.com\/eu\/spain\/wp-json\/wp\/v2\/product"}],"about":[{"href":"https:\/\/energizer.com\/eu\/spain\/wp-json\/wp\/v2\/types\/product"}],"replies":[{"embeddable":true,"href":"https:\/\/energizer.com\/eu\/spain\/wp-json\/wp\/v2\/comments?post=4443"}],"version-history":[{"count":13,"href":"https:\/\/energizer.com\/eu\/spain\/wp-json\/wp\/v2\/product\/4443\/revisions"}],"predecessor-version":[{"id":10672,"href":"https:\/\/energizer.com\/eu\/spain\/wp-json\/wp\/v2\/product\/4443\/revisions\/10672"}],"wp:attachment":[{"href":"https:\/\/energizer.com\/eu\/spain\/wp-json\/wp\/v2\/media?parent=4443"}],"wp:term":[{"taxonomy":"product_brand","embeddable":true,"href":"https:\/\/energizer.com\/eu\/spain\/wp-json\/wp\/v2\/product_brand?post=4443"},{"taxonomy":"product_cat","embeddable":true,"href":"https:\/\/energizer.com\/eu\/spain\/wp-json\/wp\/v2\/product_cat?post=4443"},{"taxonomy":"product_tag","embeddable":true,"href":"https:\/\/energizer.com\/eu\/spain\/wp-json\/wp\/v2\/product_tag?post=4443"}],"curies":[{"name":"wp","href":"https:\/\/api.w.org\/{rel}","templated":true}]}}