{"id":4576,"date":"2024-05-17T06:35:37","date_gmt":"2024-05-17T06:35:37","guid":{"rendered":"https:\/\/23b13e8ab3.nxcli.io\/spain\/?post_type=product&#038;p=4576"},"modified":"2024-11-26T11:56:36","modified_gmt":"2024-11-26T11:56:36","slug":"energizer-watch-batteries-392-384","status":"publish","type":"product","link":"https:\/\/energizer.com\/eu\/spain\/product\/energizer-watch-batteries-392-384\/","title":{"rendered":"ENERGIZER\u00ae PILAS DE RELOJ \u2013 392\/384"},"content":{"rendered":"<ul>\n<li>\n<div class=\"jsx-3636891234 relative px-2.5 pb-2\">\n<div class=\"jsx-3636891234 comment-privacy-wrapper\">Pila de bot\u00f3n de \u00f3xido de plata Energizer 392\/384 de 1.5 voltios<\/div>\n<\/div>\n<\/li>\n<li>Proporciona energ\u00eda confiable y duradera a sus dispositivos que funcionan con pilas de bot\u00f3n, como dispositivos m\u00e9dicos, calculadoras, juguetes y relojes<\/li>\n<li>Mantiene la energ\u00eda almacenada hasta por 5 a\u00f1os, lo que garantiza que tengas pilas de bot\u00f3n listas cuando las necesites<\/li>\n<li>Tama\u00f1o de pila: 392\/384; Tipo: \u00d3xido de Plata; Voltaje: 1.5<\/li>\n<li>Reemplazo para: SR41, D392\/384, SP392, SP384, V392, V384, SG8, \u200b\u200b317, WL5, SR1120W, SR41SW, GS3, SB-D1, SB-AL, 10L125, 280-11, 280-13, SR736W, TR41W, 1135S0, y 1134S0<\/li>\n<li>Nuestras pilas de bot\u00f3n de \u00f3xido de plata est\u00e1n dise\u00f1adas de forma responsable sin mercurio<\/li>\n<\/ul>\n","protected":false},"excerpt":{"rendered":"<p>Hay pilas de especialidad normales y luego est\u00e1n las pilas de especialidad Energizer. Obtenga energ\u00eda duradera y confiable que contin\u00fae con esta pila de bot\u00f3n de \u00f3xido de plata Energizer 392\/384. Proporciona energ\u00eda duradera a sus dispositivos que funcionan con pilas de bot\u00f3n, desde aparatos electr\u00f3nicos dom\u00e9sticos como sistemas de entrada sin llave, hasta libros electr\u00f3nicos, juguetes, calculadoras y relojes, hasta monitores de frecuencia card\u00edaca y glucosa. Y estas pilas de bot\u00f3n sin mercurio pueden conservar energ\u00eda hasta por 5 a\u00f1os almacenadas. Elija Pilas de Especialidad Energizer para obtener energ\u00eda duradera con la que puede contar cuando la necesite.<\/p>\n","protected":false},"featured_media":0,"comment_status":"open","ping_status":"closed","template":"","meta":{"_acf_changed":false},"product_brand":[],"product_cat":[58],"product_tag":[],"class_list":{"0":"post-4576","1":"product","2":"type-product","3":"status-publish","5":"product_cat-specialty","7":"first","8":"instock","9":"shipping-taxable","10":"product-type-simple"},"acf":[],"_links":{"self":[{"href":"https:\/\/energizer.com\/eu\/spain\/wp-json\/wp\/v2\/product\/4576","targetHints":{"allow":["GET"]}}],"collection":[{"href":"https:\/\/energizer.com\/eu\/spain\/wp-json\/wp\/v2\/product"}],"about":[{"href":"https:\/\/energizer.com\/eu\/spain\/wp-json\/wp\/v2\/types\/product"}],"replies":[{"embeddable":true,"href":"https:\/\/energizer.com\/eu\/spain\/wp-json\/wp\/v2\/comments?post=4576"}],"version-history":[{"count":12,"href":"https:\/\/energizer.com\/eu\/spain\/wp-json\/wp\/v2\/product\/4576\/revisions"}],"predecessor-version":[{"id":10752,"href":"https:\/\/energizer.com\/eu\/spain\/wp-json\/wp\/v2\/product\/4576\/revisions\/10752"}],"wp:attachment":[{"href":"https:\/\/energizer.com\/eu\/spain\/wp-json\/wp\/v2\/media?parent=4576"}],"wp:term":[{"taxonomy":"product_brand","embeddable":true,"href":"https:\/\/energizer.com\/eu\/spain\/wp-json\/wp\/v2\/product_brand?post=4576"},{"taxonomy":"product_cat","embeddable":true,"href":"https:\/\/energizer.com\/eu\/spain\/wp-json\/wp\/v2\/product_cat?post=4576"},{"taxonomy":"product_tag","embeddable":true,"href":"https:\/\/energizer.com\/eu\/spain\/wp-json\/wp\/v2\/product_tag?post=4576"}],"curies":[{"name":"wp","href":"https:\/\/api.w.org\/{rel}","templated":true}]}}