{"id":4581,"date":"2024-05-17T06:44:01","date_gmt":"2024-05-17T06:44:01","guid":{"rendered":"https:\/\/23b13e8ab3.nxcli.io\/spain\/?post_type=product&#038;p=4581"},"modified":"2024-11-26T10:07:59","modified_gmt":"2024-11-26T10:07:59","slug":"energizer-watch-batteries-319","status":"publish","type":"product","link":"https:\/\/energizer.com\/eu\/spain\/product\/energizer-watch-batteries-319\/","title":{"rendered":"ENERGIZER\u00ae PILAS DE RELOJ \u2013 319"},"content":{"rendered":"<ul>\n<li>Pila de bot\u00f3n de \u00f3xido de plata Energizer 319 de 1.5 voltios<\/li>\n<li>Proporciona energ\u00eda de confianza y duradera a sus dispositivos que funcionan con pilas de bot\u00f3n, como dispositivos m\u00e9dicos, calculadoras, juguetes y relojes<\/li>\n<li>Retiene su energ\u00eda hasta por 3 a\u00f1os en almacenamiento, lo que garantiza que tenga pilas de bot\u00f3n listas cuando las necesite<\/li>\n<li>Tama\u00f1o de pila: 319; Tipo: \u00d3xido de Plata; Voltio: 1.5<\/li>\n<li>Reemplazo para: S54, 280-60, D319, SR64, SR527SW, SP319, RW328, SB-AE, SB-DE, TR527SW, SR527 y V319<\/li>\n<li>Nuestras pilas de bot\u00f3n de \u00f3xido de plata est\u00e1n dise\u00f1adas de forma responsable sin mercurio<\/li>\n<\/ul>\n","protected":false},"excerpt":{"rendered":"<p>Hay pilas de especialidad regulares y luego est\u00e1n las pilas de especialidad Energizer. Obtenga energ\u00eda duradera y confiable que sigue funcionando con esta pilas de bot\u00f3n de \u00f3xido de plata Energizer 319. Proporciona energ\u00eda duradera a sus dispositivos que funcionan con pilas de bot\u00f3n, desde aparatos electr\u00f3nicos dom\u00e9sticos como sistemas de entrada sin llave, hasta libros electr\u00f3nicos, juguetes, calculadoras y relojes, hasta monitores de frecuencia card\u00edaca y glucosa. Y estas pilas de bot\u00f3n sin mercurio pueden conservar energ\u00eda hasta por 3 a\u00f1os almacenadas. Elija pilas Especializadas Energizer para obtener energ\u00eda duradera con la que puede contar cuando la necesite.<\/p>\n","protected":false},"featured_media":0,"comment_status":"open","ping_status":"closed","template":"","meta":{"_acf_changed":false},"product_brand":[],"product_cat":[58],"product_tag":[],"class_list":{"0":"post-4581","1":"product","2":"type-product","3":"status-publish","5":"product_cat-specialty","7":"first","8":"instock","9":"shipping-taxable","10":"product-type-simple"},"acf":[],"_links":{"self":[{"href":"https:\/\/energizer.com\/eu\/spain\/wp-json\/wp\/v2\/product\/4581","targetHints":{"allow":["GET"]}}],"collection":[{"href":"https:\/\/energizer.com\/eu\/spain\/wp-json\/wp\/v2\/product"}],"about":[{"href":"https:\/\/energizer.com\/eu\/spain\/wp-json\/wp\/v2\/types\/product"}],"replies":[{"embeddable":true,"href":"https:\/\/energizer.com\/eu\/spain\/wp-json\/wp\/v2\/comments?post=4581"}],"version-history":[{"count":12,"href":"https:\/\/energizer.com\/eu\/spain\/wp-json\/wp\/v2\/product\/4581\/revisions"}],"predecessor-version":[{"id":10709,"href":"https:\/\/energizer.com\/eu\/spain\/wp-json\/wp\/v2\/product\/4581\/revisions\/10709"}],"wp:attachment":[{"href":"https:\/\/energizer.com\/eu\/spain\/wp-json\/wp\/v2\/media?parent=4581"}],"wp:term":[{"taxonomy":"product_brand","embeddable":true,"href":"https:\/\/energizer.com\/eu\/spain\/wp-json\/wp\/v2\/product_brand?post=4581"},{"taxonomy":"product_cat","embeddable":true,"href":"https:\/\/energizer.com\/eu\/spain\/wp-json\/wp\/v2\/product_cat?post=4581"},{"taxonomy":"product_tag","embeddable":true,"href":"https:\/\/energizer.com\/eu\/spain\/wp-json\/wp\/v2\/product_tag?post=4581"}],"curies":[{"name":"wp","href":"https:\/\/api.w.org\/{rel}","templated":true}]}}