{"id":4629,"date":"2024-05-17T06:56:26","date_gmt":"2024-05-17T06:56:26","guid":{"rendered":"https:\/\/23b13e8ab3.nxcli.io\/spain\/?post_type=product&#038;p=4629"},"modified":"2024-11-26T10:33:56","modified_gmt":"2024-11-26T10:33:56","slug":"energizer-watch-batteries-341","status":"publish","type":"product","link":"https:\/\/energizer.com\/eu\/spain\/product\/energizer-watch-batteries-341\/","title":{"rendered":"ENERGIZER\u00ae PILAS DE RELOJ \u2013 341"},"content":{"rendered":"<ul>\n<li>Son de alto rendimiento, equivalentes a nuestra gama de pilas que contienen mercurio<\/li>\n<li>Tienen una larga vida \u00fatil, por lo que siempre est\u00e1n listos cuando los necesitas<\/li>\n<li>Han sido probados exhaustivamente, por lo que nunca te sentir\u00e1s decepcionado<\/li>\n<\/ul>\n","protected":false},"excerpt":{"rendered":"<p>En 1957, Energizer<sup>\u00ae<\/sup> fabric\u00f3 la primera pila de reloj, y la gente dej\u00f3 de dar cuerda a sus relojes. Hoy en d\u00eda, existen m\u00e1s de 46 tipos diferentes de pilas de reloj en el mercado, lo que hace que algo que empez\u00f3 como simple sea mucho m\u00e1s complejo.<\/p>\n<p>Tenemos una gama completa de pilas de reloj para todo tipo de relojes que funcionan con pilas, incluido un avance nuevo e incomparable en el dise\u00f1o de pilas de reloj que aporta simplicidad a un mundo complejo: Energizer<sup>\u00ae<\/sup>\u00a0Multi Drain.<\/p>\n<p>Utilizando una qu\u00edmica celular innovadora, las pilas de descarga m\u00faltiple muestran las mejores caracter\u00edsticas tanto de las pilas de alto drenaje como de las de bajo drenaje. Ahora, solo necesitas una pila sin importar los requerimientos de energ\u00eda. La tecnolog\u00eda de drenaje m\u00faltiple Energizer<sup>\u00ae<\/sup>\u00a0le brindar\u00e1 el mismo excelente rendimiento en todos los dispositivos de bajo y alto consumo, desde un simple reloj anal\u00f3gico hasta los relojes electr\u00f3nicos digitales m\u00e1s complejos.<\/p>\n","protected":false},"featured_media":0,"comment_status":"open","ping_status":"closed","template":"","meta":{"_acf_changed":false},"product_brand":[],"product_cat":[58],"product_tag":[],"class_list":{"0":"post-4629","1":"product","2":"type-product","3":"status-publish","5":"product_cat-specialty","7":"first","8":"instock","9":"shipping-taxable","10":"product-type-simple"},"acf":[],"_links":{"self":[{"href":"https:\/\/energizer.com\/eu\/spain\/wp-json\/wp\/v2\/product\/4629","targetHints":{"allow":["GET"]}}],"collection":[{"href":"https:\/\/energizer.com\/eu\/spain\/wp-json\/wp\/v2\/product"}],"about":[{"href":"https:\/\/energizer.com\/eu\/spain\/wp-json\/wp\/v2\/types\/product"}],"replies":[{"embeddable":true,"href":"https:\/\/energizer.com\/eu\/spain\/wp-json\/wp\/v2\/comments?post=4629"}],"version-history":[{"count":11,"href":"https:\/\/energizer.com\/eu\/spain\/wp-json\/wp\/v2\/product\/4629\/revisions"}],"predecessor-version":[{"id":10720,"href":"https:\/\/energizer.com\/eu\/spain\/wp-json\/wp\/v2\/product\/4629\/revisions\/10720"}],"wp:attachment":[{"href":"https:\/\/energizer.com\/eu\/spain\/wp-json\/wp\/v2\/media?parent=4629"}],"wp:term":[{"taxonomy":"product_brand","embeddable":true,"href":"https:\/\/energizer.com\/eu\/spain\/wp-json\/wp\/v2\/product_brand?post=4629"},{"taxonomy":"product_cat","embeddable":true,"href":"https:\/\/energizer.com\/eu\/spain\/wp-json\/wp\/v2\/product_cat?post=4629"},{"taxonomy":"product_tag","embeddable":true,"href":"https:\/\/energizer.com\/eu\/spain\/wp-json\/wp\/v2\/product_tag?post=4629"}],"curies":[{"name":"wp","href":"https:\/\/api.w.org\/{rel}","templated":true}]}}