{"id":4688,"date":"2024-05-17T08:09:20","date_gmt":"2024-05-17T08:09:20","guid":{"rendered":"https:\/\/23b13e8ab3.nxcli.io\/spain\/?post_type=product&#038;p=4688"},"modified":"2024-11-26T10:17:28","modified_gmt":"2024-11-26T10:17:28","slug":"energizer-watch-batteries-329","status":"publish","type":"product","link":"https:\/\/energizer.com\/eu\/spain\/product\/energizer-watch-batteries-329\/","title":{"rendered":"ENERGIZER\u00ae PILAS DE RELOJ \u2013 329"},"content":{"rendered":"<ul>\n<li>Son de alto rendimiento, equivalentes a nuestra gama de pilas que contienen mercurio<\/li>\n<li>Tienen una larga vida \u00fatil, por lo que siempre est\u00e1n listos cuando los necesitas<\/li>\n<li>Se han probado exhaustivamente, por lo que nunca te decepcionar\u00edas<\/li>\n<\/ul>\n","protected":false},"excerpt":{"rendered":"<p>En 1957, Energizer<sup>\u00ae<\/sup>\u00a0 fabric\u00f3 la primera pila para reloj y la gente dej\u00f3 de darles cuerda a sus relojes. Hoy en d\u00eda, existen m\u00e1s de 46 tipos diferentes de pilas para relojes en el mercado, lo que hace que algo que empez\u00f3 como simple sea mucho m\u00e1s complejo.<\/p>\n<p>Tenemos una gama completa de pilas para relojes para todo tipo de relojes que funcionan con pilas, incluido un avance nuevo e incomparable en el dise\u00f1o de pilas para relojes que aporta simplicidad a un mundo complejo: Energizer<sup>\u00ae<\/sup>\u00a0Multi Drain.<\/p>\n<p>Utilizando una qu\u00edmica celular innovadora, las pilas de descarga m\u00faltiple muestran las mejores caracter\u00edsticas tanto de las pilas de alta descarga como de las de baja descarga. Ahora, solo necesitas una pila sin importar los requisitos de energ\u00eda. La tecnolog\u00eda de descarga m\u00faltiple de Energizer<sup>\u00ae<\/sup>\u00a0 le brindar\u00e1 el mismo excelente rendimiento en todos los dispositivos de bajo y alto consumo, desde un simple reloj anal\u00f3gico hasta los relojes electr\u00f3nicos digitales m\u00e1s complejos.<\/p>\n","protected":false},"featured_media":0,"comment_status":"open","ping_status":"closed","template":"","meta":{"_acf_changed":false},"product_brand":[],"product_cat":[58],"product_tag":[],"class_list":{"0":"post-4688","1":"product","2":"type-product","3":"status-publish","5":"product_cat-specialty","7":"first","8":"instock","9":"shipping-taxable","10":"product-type-simple"},"acf":[],"_links":{"self":[{"href":"https:\/\/energizer.com\/eu\/spain\/wp-json\/wp\/v2\/product\/4688","targetHints":{"allow":["GET"]}}],"collection":[{"href":"https:\/\/energizer.com\/eu\/spain\/wp-json\/wp\/v2\/product"}],"about":[{"href":"https:\/\/energizer.com\/eu\/spain\/wp-json\/wp\/v2\/types\/product"}],"replies":[{"embeddable":true,"href":"https:\/\/energizer.com\/eu\/spain\/wp-json\/wp\/v2\/comments?post=4688"}],"version-history":[{"count":9,"href":"https:\/\/energizer.com\/eu\/spain\/wp-json\/wp\/v2\/product\/4688\/revisions"}],"predecessor-version":[{"id":10713,"href":"https:\/\/energizer.com\/eu\/spain\/wp-json\/wp\/v2\/product\/4688\/revisions\/10713"}],"wp:attachment":[{"href":"https:\/\/energizer.com\/eu\/spain\/wp-json\/wp\/v2\/media?parent=4688"}],"wp:term":[{"taxonomy":"product_brand","embeddable":true,"href":"https:\/\/energizer.com\/eu\/spain\/wp-json\/wp\/v2\/product_brand?post=4688"},{"taxonomy":"product_cat","embeddable":true,"href":"https:\/\/energizer.com\/eu\/spain\/wp-json\/wp\/v2\/product_cat?post=4688"},{"taxonomy":"product_tag","embeddable":true,"href":"https:\/\/energizer.com\/eu\/spain\/wp-json\/wp\/v2\/product_tag?post=4688"}],"curies":[{"name":"wp","href":"https:\/\/api.w.org\/{rel}","templated":true}]}}