{"id":4711,"date":"2024-05-17T08:34:30","date_gmt":"2024-05-17T08:34:30","guid":{"rendered":"https:\/\/23b13e8ab3.nxcli.io\/spain\/?post_type=product&#038;p=4711"},"modified":"2024-11-04T12:18:22","modified_gmt":"2024-11-04T12:18:22","slug":"energizer-base-charger","status":"publish","type":"product","link":"https:\/\/energizer.com\/eu\/spain\/product\/energizer-base-charger\/","title":{"rendered":"ENERGIZER\u00ae Cargador Base"},"content":{"rendered":"<ul>\n<li>Carga 2 o 4 pilas recargables AA o AAA NiMH a la vez (4 pilas AA incluidas)<\/li>\n<li>El cargador de pilas Energizer m\u00e1s asequible disponible; una elecci\u00f3n inteligente para ahorrar dinero<\/li>\n<li>Ofrece una carga completa en 8 horas*<\/li>\n<li>Las luces indicadoras verdes LED le permiten saber que las pilas se est\u00e1n cargando<\/li>\n<li>La marca de recarga n\u00famero uno del mundo (seg\u00fan datos de estudios de mercado)<\/li>\n<li>Para un rendimiento \u00f3ptimo, \u00fasela con pilas Energizer Recharge Universal<\/li>\n<\/ul>\n","protected":false},"excerpt":{"rendered":"<p>Conozca la opci\u00f3n asequible para mantener cargadas sus pilas recargables. El cargador de pilas base Energizer carga 2 o 4 pilas AA o AAA NiMH en 8 horas.* Y es f\u00e1cil de usar: Simplemente cargue sus pilas en los canales de carga, conecte el cargador a la pared y contin\u00fae con su d\u00eda. La luz indicadora verde te permite saber que se est\u00e1 cargando. Ahorre dinero y mant\u00e9ngase cargado con la energ\u00eda confiable y duradera de Energizer Recharge, la marca de pilas recargables n\u00famero uno del mundo (seg\u00fan datos de estudios de mercado).<\/p>\n","protected":false},"featured_media":0,"comment_status":"open","ping_status":"closed","template":"","meta":{"_acf_changed":false},"product_brand":[],"product_cat":[82],"product_tag":[],"class_list":{"0":"post-4711","1":"product","2":"type-product","3":"status-publish","5":"product_cat-recharge-battery-chargers","7":"first","8":"instock","9":"shipping-taxable","10":"product-type-simple"},"acf":[],"_links":{"self":[{"href":"https:\/\/energizer.com\/eu\/spain\/wp-json\/wp\/v2\/product\/4711","targetHints":{"allow":["GET"]}}],"collection":[{"href":"https:\/\/energizer.com\/eu\/spain\/wp-json\/wp\/v2\/product"}],"about":[{"href":"https:\/\/energizer.com\/eu\/spain\/wp-json\/wp\/v2\/types\/product"}],"replies":[{"embeddable":true,"href":"https:\/\/energizer.com\/eu\/spain\/wp-json\/wp\/v2\/comments?post=4711"}],"version-history":[{"count":9,"href":"https:\/\/energizer.com\/eu\/spain\/wp-json\/wp\/v2\/product\/4711\/revisions"}],"predecessor-version":[{"id":10369,"href":"https:\/\/energizer.com\/eu\/spain\/wp-json\/wp\/v2\/product\/4711\/revisions\/10369"}],"wp:attachment":[{"href":"https:\/\/energizer.com\/eu\/spain\/wp-json\/wp\/v2\/media?parent=4711"}],"wp:term":[{"taxonomy":"product_brand","embeddable":true,"href":"https:\/\/energizer.com\/eu\/spain\/wp-json\/wp\/v2\/product_brand?post=4711"},{"taxonomy":"product_cat","embeddable":true,"href":"https:\/\/energizer.com\/eu\/spain\/wp-json\/wp\/v2\/product_cat?post=4711"},{"taxonomy":"product_tag","embeddable":true,"href":"https:\/\/energizer.com\/eu\/spain\/wp-json\/wp\/v2\/product_tag?post=4711"}],"curies":[{"name":"wp","href":"https:\/\/api.w.org\/{rel}","templated":true}]}}