{"id":4713,"date":"2024-05-17T08:36:51","date_gmt":"2024-05-17T08:36:51","guid":{"rendered":"https:\/\/23b13e8ab3.nxcli.io\/spain\/?post_type=product&#038;p=4713"},"modified":"2024-11-04T12:16:28","modified_gmt":"2024-11-04T12:16:28","slug":"energizer-pro-charger","status":"publish","type":"product","link":"https:\/\/energizer.com\/eu\/spain\/product\/energizer-pro-charger\/","title":{"rendered":"ENERGIZER\u00ae Cargador Pro"},"content":{"rendered":"<ul>\n<li>Cargador Energizer Recharge Pro para pilas recargables AA y AAA NiMH<\/li>\n<li>Compatible: Este cargador de pilas Energizer carga todas las pilas AAA y AA NiMH. Se recomienda usar con pilas Energizer Recharge<\/li>\n<li>Confiable: La potencia de carga r\u00e1pida de Recharge Pro ofrece una carga completa en 4 horas; los tiempos pueden variar seg\u00fan la pilas NiMH<\/li>\n<li>F\u00e1cil de usar: El indicador de &#8220;estado de carga&#8221; le avisa visual y sonoramente de los niveles de carga de sus pilas<\/li>\n<li>Seguro: Dise\u00f1ado con protecci\u00f3n contra sobrecargas y seccionador de seguridad para evitar que las pilas se sobrecarguen; maximizando su rendimiento<\/li>\n<li>Elecci\u00f3n de los clientes: Energizer es la marca de recarga n\u00famero uno del mundo, seg\u00fan datos de escaneo<\/li>\n<\/ul>\n","protected":false},"excerpt":{"rendered":"<p>Elija el cargador de pilas Energizer Pro r\u00e1pido y confiable para mantener sus dispositivos esenciales funcionando al m\u00e1ximo rendimiento. Perfecto para sus dispositivos m\u00e1s utilizados, como c\u00e1maras digitales, monitores para beb\u00e9s, controladores de juegos, ratones inal\u00e1mbricos y m\u00e1s. Este pr\u00e1ctico cargador Energizer Pro carga 2 o 4 pilas AA o AAA NiMH en solo 4 horas (los tiempos pueden variar seg\u00fan la pilas NiMH). Simplemente cargue el cargador de pilas recargables y con\u00e9ctelo para obtener energ\u00eda cuando la necesite. Con sus luces LED (rojas = 0-49 %, amarillas = 50-99 %, verde = 100 %) e indicadores de pitido de audio, el cargador de pilas Energizer Pro lo actualiza sobre el estado de carga de sus pilas.<\/p>\n","protected":false},"featured_media":0,"comment_status":"open","ping_status":"closed","template":"","meta":{"_acf_changed":false},"product_brand":[],"product_cat":[82],"product_tag":[],"class_list":{"0":"post-4713","1":"product","2":"type-product","3":"status-publish","5":"product_cat-recharge-battery-chargers","7":"first","8":"instock","9":"shipping-taxable","10":"product-type-simple"},"acf":[],"_links":{"self":[{"href":"https:\/\/energizer.com\/eu\/spain\/wp-json\/wp\/v2\/product\/4713","targetHints":{"allow":["GET"]}}],"collection":[{"href":"https:\/\/energizer.com\/eu\/spain\/wp-json\/wp\/v2\/product"}],"about":[{"href":"https:\/\/energizer.com\/eu\/spain\/wp-json\/wp\/v2\/types\/product"}],"replies":[{"embeddable":true,"href":"https:\/\/energizer.com\/eu\/spain\/wp-json\/wp\/v2\/comments?post=4713"}],"version-history":[{"count":10,"href":"https:\/\/energizer.com\/eu\/spain\/wp-json\/wp\/v2\/product\/4713\/revisions"}],"predecessor-version":[{"id":10367,"href":"https:\/\/energizer.com\/eu\/spain\/wp-json\/wp\/v2\/product\/4713\/revisions\/10367"}],"wp:attachment":[{"href":"https:\/\/energizer.com\/eu\/spain\/wp-json\/wp\/v2\/media?parent=4713"}],"wp:term":[{"taxonomy":"product_brand","embeddable":true,"href":"https:\/\/energizer.com\/eu\/spain\/wp-json\/wp\/v2\/product_brand?post=4713"},{"taxonomy":"product_cat","embeddable":true,"href":"https:\/\/energizer.com\/eu\/spain\/wp-json\/wp\/v2\/product_cat?post=4713"},{"taxonomy":"product_tag","embeddable":true,"href":"https:\/\/energizer.com\/eu\/spain\/wp-json\/wp\/v2\/product_tag?post=4713"}],"curies":[{"name":"wp","href":"https:\/\/api.w.org\/{rel}","templated":true}]}}