{"id":4720,"date":"2024-05-17T08:40:10","date_gmt":"2024-05-17T08:40:10","guid":{"rendered":"https:\/\/23b13e8ab3.nxcli.io\/spain\/?post_type=product&#038;p=4720"},"modified":"2024-11-04T13:04:22","modified_gmt":"2024-11-04T13:04:22","slug":"energizer-universal-charger","status":"publish","type":"product","link":"https:\/\/energizer.com\/eu\/spain\/product\/energizer-universal-charger\/","title":{"rendered":"ENERGIZER\u00ae Cargador Universal"},"content":{"rendered":"<ul>\n<li>Cargador de pilas universal para todas las pilas recargables de tama\u00f1os est\u00e1ndar (AA, AAA, C, D y 9V)<\/li>\n<li>Carga completamente 4 pilas AA en 5 horas *<\/li>\n<li>La barra de visualizaci\u00f3n LED le informa sobre el estado de carga de sus pilas<\/li>\n<li>Carga 2 o 4 pilas recargables AA, AAA, C o D o 1 o 2 pilas de 9V al mismo tiempo<\/li>\n<li>Adaptador integrado y cable desmontable para un f\u00e1cil almacenamiento cuando no est\u00e1 en uso. Se apaga autom\u00e1ticamente cuando las pilas est\u00e1n cargadas para proteger contra la sobrecarga, maximizando el rendimiento de la pilas<\/li>\n<li>Compatible con pilas AAA, AA, C, D y 9V NiMH (se recomiendan pilas Energizer Recharge)<\/li>\n<\/ul>\n","protected":false},"excerpt":{"rendered":"<p>\u00bfBusca una manera f\u00e1cil de cargar TODAS sus pilas? Con el cargador universal Energizer, puede cargar pilas recargables est\u00e1ndar de todos los tama\u00f1os, desde AAA hasta NiMH de 9 V, con un solo dispositivo. La barra de visualizaci\u00f3n de estado LED muestra el final del proceso de carga en tiempo real. Ayuda a maximizar el rendimiento de la pilas; este cargador dejar\u00e1 de cargar autom\u00e1ticamente tan pronto como las pilas est\u00e9n completamente cargadas. Gracias a numerosas funciones de seguridad, como la detecci\u00f3n de pilas primarias y defectuosas, la protecci\u00f3n contra polaridad inversa y un temporizador para proteger contra sobrecargas, sus pilas se cargar\u00e1n de forma fiable y sin problemas en todo momento.<\/p>\n","protected":false},"featured_media":0,"comment_status":"open","ping_status":"closed","template":"","meta":{"_acf_changed":false},"product_brand":[],"product_cat":[82],"product_tag":[],"class_list":{"0":"post-4720","1":"product","2":"type-product","3":"status-publish","5":"product_cat-recharge-battery-chargers","7":"first","8":"instock","9":"shipping-taxable","10":"product-type-simple"},"acf":[],"_links":{"self":[{"href":"https:\/\/energizer.com\/eu\/spain\/wp-json\/wp\/v2\/product\/4720","targetHints":{"allow":["GET"]}}],"collection":[{"href":"https:\/\/energizer.com\/eu\/spain\/wp-json\/wp\/v2\/product"}],"about":[{"href":"https:\/\/energizer.com\/eu\/spain\/wp-json\/wp\/v2\/types\/product"}],"replies":[{"embeddable":true,"href":"https:\/\/energizer.com\/eu\/spain\/wp-json\/wp\/v2\/comments?post=4720"}],"version-history":[{"count":10,"href":"https:\/\/energizer.com\/eu\/spain\/wp-json\/wp\/v2\/product\/4720\/revisions"}],"predecessor-version":[{"id":10376,"href":"https:\/\/energizer.com\/eu\/spain\/wp-json\/wp\/v2\/product\/4720\/revisions\/10376"}],"wp:attachment":[{"href":"https:\/\/energizer.com\/eu\/spain\/wp-json\/wp\/v2\/media?parent=4720"}],"wp:term":[{"taxonomy":"product_brand","embeddable":true,"href":"https:\/\/energizer.com\/eu\/spain\/wp-json\/wp\/v2\/product_brand?post=4720"},{"taxonomy":"product_cat","embeddable":true,"href":"https:\/\/energizer.com\/eu\/spain\/wp-json\/wp\/v2\/product_cat?post=4720"},{"taxonomy":"product_tag","embeddable":true,"href":"https:\/\/energizer.com\/eu\/spain\/wp-json\/wp\/v2\/product_tag?post=4720"}],"curies":[{"name":"wp","href":"https:\/\/api.w.org\/{rel}","templated":true}]}}