{"id":4815,"date":"2024-05-13T07:35:22","date_gmt":"2024-05-13T07:35:22","guid":{"rendered":"https:\/\/23b13e8ab3.nxcli.io\/spain\/?post_type=product&#038;p=4815"},"modified":"2025-08-04T12:08:37","modified_gmt":"2025-08-04T12:08:37","slug":"energizer-max-plus-aa","status":"publish","type":"product","link":"https:\/\/energizer.com\/eu\/spain\/product\/energizer-max-plus-aa\/","title":{"rendered":"ENERGIZER\u00ae MAX PLUS \u2122 &#8211; AA"},"content":{"rendered":"<ul>\n<li>Pilas Alcalinas Energizer Max Plus AA<\/li>\n<li>La M\u00e1s Duradera: La pila alcalina # 1 de mayor duraci\u00f3n de Energizer dura hasta un 200% m\u00e1s que las pilas alcalinas b\u00e1sicas de Energizer en c\u00e1maras digitales<\/li>\n<li>Energ\u00eda Confiable: Pilas alcalinas Energizer para controles remotos, relojes, c\u00e1maras y otros dispositivos de uso cotidiano<\/li>\n<li>Protecci\u00f3n Contra Fugas: Pilas AA resistentes a las fugas para proteger sus dispositivos contra las fugas y cubiertas por la Garant\u00eda de No Fugas de Energizer<\/li>\n<li>Confiable: Cada pila alcalina AA Energizer tiene una vida \u00fatil de hasta 10 a\u00f1os, por lo que estar\u00e1n listas cuando las necesite<\/li>\n<li>Innovaci\u00f3n Energizer: De los creadores de la pila AA m\u00e1s duradera del mundo, Energizer Ultimate Lithium<\/li>\n<\/ul>\n","protected":false},"excerpt":{"rendered":"<p>Saque el m\u00e1ximo partido a sus dispositivos esenciales con la energ\u00eda fiable y duradera que cabe esperar de las pilas Energizer. Aprovisi\u00f3nese de pilas AA para controles de juegos y pilas alcalinas AA para linternas, controles remotos, relojes y juguetes. Este pack de pilas AA tambi\u00e9n es una gran elecci\u00f3n si necesita pilas confiables para linternas<\/p>\n<p>LED. Los pilas Energizer Max Plus AA mantienen la energ\u00eda hasta 10 a\u00f1os mientras est\u00e1n guardadas, y su construcci\u00f3n resistente a las fugas protege sus dispositivos contra las fugas. Con Energizer, la energ\u00eda estar\u00e1 lista cuando usted lo est\u00e9. La gama Energizer Max Plus tambi\u00e9n incluye pilas AAA, C, D y 9V, por lo que es f\u00e1cil encontrar energ\u00eda confiable en el tama\u00f1o que necesita.<\/p>\n","protected":false},"featured_media":11027,"comment_status":"open","ping_status":"closed","template":"","meta":{"_acf_changed":false},"product_brand":[],"product_cat":[87],"product_tag":[],"class_list":{"0":"post-4815","1":"product","2":"type-product","3":"status-publish","4":"has-post-thumbnail","6":"product_cat-energizer-max-plus","8":"first","9":"instock","10":"shipping-taxable","11":"product-type-simple"},"acf":[],"_links":{"self":[{"href":"https:\/\/energizer.com\/eu\/spain\/wp-json\/wp\/v2\/product\/4815","targetHints":{"allow":["GET"]}}],"collection":[{"href":"https:\/\/energizer.com\/eu\/spain\/wp-json\/wp\/v2\/product"}],"about":[{"href":"https:\/\/energizer.com\/eu\/spain\/wp-json\/wp\/v2\/types\/product"}],"replies":[{"embeddable":true,"href":"https:\/\/energizer.com\/eu\/spain\/wp-json\/wp\/v2\/comments?post=4815"}],"version-history":[{"count":13,"href":"https:\/\/energizer.com\/eu\/spain\/wp-json\/wp\/v2\/product\/4815\/revisions"}],"predecessor-version":[{"id":11028,"href":"https:\/\/energizer.com\/eu\/spain\/wp-json\/wp\/v2\/product\/4815\/revisions\/11028"}],"wp:featuredmedia":[{"embeddable":true,"href":"https:\/\/energizer.com\/eu\/spain\/wp-json\/wp\/v2\/media\/11027"}],"wp:attachment":[{"href":"https:\/\/energizer.com\/eu\/spain\/wp-json\/wp\/v2\/media?parent=4815"}],"wp:term":[{"taxonomy":"product_brand","embeddable":true,"href":"https:\/\/energizer.com\/eu\/spain\/wp-json\/wp\/v2\/product_brand?post=4815"},{"taxonomy":"product_cat","embeddable":true,"href":"https:\/\/energizer.com\/eu\/spain\/wp-json\/wp\/v2\/product_cat?post=4815"},{"taxonomy":"product_tag","embeddable":true,"href":"https:\/\/energizer.com\/eu\/spain\/wp-json\/wp\/v2\/product_tag?post=4815"}],"curies":[{"name":"wp","href":"https:\/\/api.w.org\/{rel}","templated":true}]}}