{"id":5058,"date":"2024-05-21T05:15:35","date_gmt":"2024-05-21T05:15:35","guid":{"rendered":"https:\/\/23b13e8ab3.nxcli.io\/spain\/?post_type=product&#038;p=5058"},"modified":"2024-08-22T07:56:16","modified_gmt":"2024-08-22T07:56:16","slug":"energizer-recharge-extreme-aa","status":"publish","type":"product","link":"https:\/\/energizer.com\/eu\/spain\/product\/energizer-recharge-extreme-aa\/","title":{"rendered":"ENERGIZER\u00ae RECHARGE EXTREME \u2013 AA"},"content":{"rendered":"<ul>\n<li>Paquete de 4 pilas Energizer Accu Recharge Extreme AA<\/li>\n<li>Larga Duraci\u00f3n: Las pilas recargables AA Energizer duran hasta 6 veces m\u00e1s en c\u00e1maras digitales que las pilas alcalinas b\u00e1sicas Energizer \u2013 los resultados pueden variar seg\u00fan el dispositivo<\/li>\n<li>Potencia Confiable: Pilas Doble A ideales para dispositivos exigentes como c\u00e1maras digitales, controles remotos, mouse inal\u00e1mbricos y dispositivos GPS port\u00e1tiles<\/li>\n<li>Protecci\u00f3n Contra Fugas: Las pilas recargables Energizer est\u00e1n dise\u00f1adas para proteger sus dispositivos esenciales de fugas da\u00f1inas en condiciones de uso normales<\/li>\n<li>Recargable: Cada pila AA se puede cargar cientos de veces, con una carga que dura hasta 12 meses en almacenamiento<\/li>\n<li>Elegida por los Consumidores: Energizer es la marca de pilas recargables No. 1 del mundo, seg\u00fan datos de los puntos de venta<\/li>\n<li>Innovaci\u00f3n Energizer: La primera pila AA recargable del mundo fabricada con un 22% de material reciclado<\/li>\n<\/ul>\n","protected":false},"excerpt":{"rendered":"<p>Saque el m\u00e1ximo partido de sus dispositivos cotidianos y de alta tecnolog\u00eda con la confianza de las pilas recargables Energizer Extreme AA 2300mAh. Abast\u00e9zcase de pilas recargables para luces LED y c\u00e1maras, as\u00ed como de pilas para timbres, controles remotos, linternas y otros aparatos inal\u00e1mbricos. Siempre listas cuando usted lo est\u00e9, las pilas recargables Energizer Extreme AA vienen completamente cargadas y mantienen la energ\u00eda hasta 12 meses almacenadas. Cada pila doble A puede recargarse unas 500 veces con cualquier cargador Energizer Recharge Charger. Las pilas AA recargables est\u00e1n dise\u00f1adas para proteger sus dispositivos esenciales de fugas da\u00f1inas en condiciones normales de uso. Esta gama Energizer Accu Recharge Extreme tambi\u00e9n incluye pilas AAA, por lo que es f\u00e1cil encontrar energ\u00eda fiable en el tama\u00f1o que necesita. Desde la creaci\u00f3n de la pila de consumo original del mundo en 1896, Energizer ha liderado la innovaci\u00f3n del sector con un orgulloso historial de primicias, incluido el primer comprobador de pilas del mundo. La marca traslada su visi\u00f3n de futuro tambi\u00e9n a las iniciativas medioambientales, desarrollando el primer sistema de pilas recargables en 1958 e introduciendo la primera pila sin mercurio a\u00f1adido en 1989. Las pilas Energizer Recharge fueron tambi\u00e9n las primeras recargables que conten\u00edan pilas recicladas. La empresa colabora con organizaciones que animan, informan y capacitan a los consumidores para reciclar las pilas no recargables, as\u00ed como los envases de las pilas. Conf\u00ede en la potencia de las pilas AA recargables Energizer.<\/p>\n","protected":false},"featured_media":0,"comment_status":"open","ping_status":"closed","template":"","meta":{"_acf_changed":false},"product_brand":[],"product_cat":[31],"product_tag":[],"class_list":{"0":"post-5058","1":"product","2":"type-product","3":"status-publish","5":"product_cat-energizer-recharge","7":"first","8":"instock","9":"shipping-taxable","10":"product-type-simple"},"acf":[],"_links":{"self":[{"href":"https:\/\/energizer.com\/eu\/spain\/wp-json\/wp\/v2\/product\/5058","targetHints":{"allow":["GET"]}}],"collection":[{"href":"https:\/\/energizer.com\/eu\/spain\/wp-json\/wp\/v2\/product"}],"about":[{"href":"https:\/\/energizer.com\/eu\/spain\/wp-json\/wp\/v2\/types\/product"}],"replies":[{"embeddable":true,"href":"https:\/\/energizer.com\/eu\/spain\/wp-json\/wp\/v2\/comments?post=5058"}],"version-history":[{"count":8,"href":"https:\/\/energizer.com\/eu\/spain\/wp-json\/wp\/v2\/product\/5058\/revisions"}],"predecessor-version":[{"id":10169,"href":"https:\/\/energizer.com\/eu\/spain\/wp-json\/wp\/v2\/product\/5058\/revisions\/10169"}],"wp:attachment":[{"href":"https:\/\/energizer.com\/eu\/spain\/wp-json\/wp\/v2\/media?parent=5058"}],"wp:term":[{"taxonomy":"product_brand","embeddable":true,"href":"https:\/\/energizer.com\/eu\/spain\/wp-json\/wp\/v2\/product_brand?post=5058"},{"taxonomy":"product_cat","embeddable":true,"href":"https:\/\/energizer.com\/eu\/spain\/wp-json\/wp\/v2\/product_cat?post=5058"},{"taxonomy":"product_tag","embeddable":true,"href":"https:\/\/energizer.com\/eu\/spain\/wp-json\/wp\/v2\/product_tag?post=5058"}],"curies":[{"name":"wp","href":"https:\/\/api.w.org\/{rel}","templated":true}]}}