{"id":5062,"date":"2024-05-21T05:13:59","date_gmt":"2024-05-21T05:13:59","guid":{"rendered":"https:\/\/23b13e8ab3.nxcli.io\/spain\/?post_type=product&#038;p=5062"},"modified":"2024-12-10T11:15:08","modified_gmt":"2024-12-10T11:15:08","slug":"energizer-recharge-power-plus-d","status":"publish","type":"product","link":"https:\/\/energizer.com\/eu\/spain\/product\/energizer-recharge-power-plus-d\/","title":{"rendered":"ENERGIZER\u00ae RECHARGE POWER PLUS \u2013 D"},"content":{"rendered":"<ul>\n<li>Pilas Energizer Recharge Power Plus D<\/li>\n<li>Larga Duraci\u00f3n: Las pilas recargables Energizer D proporcionan energ\u00eda de larga duraci\u00f3n a sus dispositivos<\/li>\n<li>Potencia Confiable: ideal para dispositivos cotidianos y de alta tecnolog\u00eda, como juguetes, linternas de seguridad y linternas<\/li>\n<li>Protecci\u00f3n Contra Fugas: Las pilas recargables Energizer est\u00e1n dise\u00f1adas para proteger sus dispositivos esenciales de fugas da\u00f1inas en condiciones de uso normales<\/li>\n<li>Recargable: Cada pila se puede cargar cientos de veces, con hasta 3 a\u00f1os de vida \u00fatil de la bater\u00eda<\/li>\n<li>Elegida por los Consumidores: Energizer es la marca de pilas recargables No. 1 del mundo, seg\u00fan datos de los puntos de venta<\/li>\n<li>Innovaci\u00f3n Energizer: La primera pila D recargable del mundo fabricada con un 7% de material reciclado<\/li>\n<li>Embalajes 100% Reciclables: Los Embalajes Energizer son 100% reciclables, apoyan la silvicultura responsable y no contienen pl\u00e1stico, excepto los precintos de algunos embalajes<\/li>\n<\/ul>\n","protected":false},"excerpt":{"rendered":"<p>Saque el m\u00e1ximo partido a sus dispositivos cotidianos y de alta tecnolog\u00eda con la fiable potencia de las pilas Energizer Accu Recharge Power Plus de D. Abast\u00e9zcase de pilas recargables Energizer para linternas y relojes, as\u00ed como de pilas para timbres, controles remotos, dispositivos de audio y otros aparatos electr\u00f3nicos inal\u00e1mbricos. Este pack de pilas D tambi\u00e9n es una gran elecci\u00f3n si necesita pilas recargables D de larga duraci\u00f3n para c\u00e1maras, ya que una sola carga dura hasta 349 fotos. Siempre listas cuando usted lo est\u00e9, las pilas Energizer Accu Recharge Power Plus D vienen completamente cargadas y pueden mantener la energ\u00eda hasta 12 meses almacenadas.<\/p>\n","protected":false},"featured_media":0,"comment_status":"open","ping_status":"closed","template":"","meta":{"_acf_changed":false},"product_brand":[],"product_cat":[31],"product_tag":[],"class_list":{"0":"post-5062","1":"product","2":"type-product","3":"status-publish","5":"product_cat-energizer-recharge","7":"first","8":"instock","9":"shipping-taxable","10":"product-type-simple"},"acf":[],"_links":{"self":[{"href":"https:\/\/energizer.com\/eu\/spain\/wp-json\/wp\/v2\/product\/5062","targetHints":{"allow":["GET"]}}],"collection":[{"href":"https:\/\/energizer.com\/eu\/spain\/wp-json\/wp\/v2\/product"}],"about":[{"href":"https:\/\/energizer.com\/eu\/spain\/wp-json\/wp\/v2\/types\/product"}],"replies":[{"embeddable":true,"href":"https:\/\/energizer.com\/eu\/spain\/wp-json\/wp\/v2\/comments?post=5062"}],"version-history":[{"count":16,"href":"https:\/\/energizer.com\/eu\/spain\/wp-json\/wp\/v2\/product\/5062\/revisions"}],"predecessor-version":[{"id":10931,"href":"https:\/\/energizer.com\/eu\/spain\/wp-json\/wp\/v2\/product\/5062\/revisions\/10931"}],"wp:attachment":[{"href":"https:\/\/energizer.com\/eu\/spain\/wp-json\/wp\/v2\/media?parent=5062"}],"wp:term":[{"taxonomy":"product_brand","embeddable":true,"href":"https:\/\/energizer.com\/eu\/spain\/wp-json\/wp\/v2\/product_brand?post=5062"},{"taxonomy":"product_cat","embeddable":true,"href":"https:\/\/energizer.com\/eu\/spain\/wp-json\/wp\/v2\/product_cat?post=5062"},{"taxonomy":"product_tag","embeddable":true,"href":"https:\/\/energizer.com\/eu\/spain\/wp-json\/wp\/v2\/product_tag?post=5062"}],"curies":[{"name":"wp","href":"https:\/\/api.w.org\/{rel}","templated":true}]}}