{"id":5066,"date":"2024-05-21T05:11:29","date_gmt":"2024-05-21T05:11:29","guid":{"rendered":"https:\/\/23b13e8ab3.nxcli.io\/spain\/?post_type=product&#038;p=5066"},"modified":"2024-10-30T12:17:41","modified_gmt":"2024-10-30T12:17:41","slug":"energizer-recharge-power-plus-aaa","status":"publish","type":"product","link":"https:\/\/energizer.com\/eu\/spain\/product\/energizer-recharge-power-plus-aaa\/","title":{"rendered":"ENERGIZER\u00ae RECHARGE POWER PLUS \u2013 AAA"},"content":{"rendered":"<ul>\n<li>Pilas Energizer Recharge Power Plus AAA<\/li>\n<li>Larga Duraci\u00f3n: Las pilas recargables AAA Energizer duran hasta 4 veces m\u00e1s en c\u00e1maras digitales que las pilas alcalinas b\u00e1sicas Energizer \u2013 los resultados pueden variar seg\u00fan el dispositivo<\/li>\n<li>Energ\u00eda Confiable: Pilas AAA para c\u00e1maras, linternas, controles, relojes y otros dispositivos de uso cotidiano<\/li>\n<li>Protecci\u00f3n Contra Fugas: Las pilas recargables Energizer est\u00e1n dise\u00f1adas para proteger sus dispositivos esenciales de fugas da\u00f1inas en condiciones de uso normales<\/li>\n<li>Recargable: Cada pila AAA se puede cargar hasta 500 veces, y una carga dura hasta 12 meses en almacenamiento<\/li>\n<li>Elegida por los Consumidores: Energizer es la marca de pilas recargables No. 1 del mundo, seg\u00fan datos de los puntos de venta<\/li>\n<li>Innovaci\u00f3n Energizer: La primera pila AAA recargable del mundo fabricada con un 22% de material reciclado<\/li>\n<\/ul>\n","protected":false},"excerpt":{"rendered":"<p>Saque el m\u00e1ximo partido a sus dispositivos cotidianos y de alta tecnolog\u00eda con la fiable potencia de las pilas Energizer Accu Recharge Power Plus de AA. Aprovisi\u00f3nese de pilas recargables Energizer para luces y relojes, as\u00ed como de pilas para timbres, controles remotos, dispositivos de audio y otros aparatos electr\u00f3nicos inal\u00e1mbricos. Este pack de pilas AA tambi\u00e9n es una gran elecci\u00f3n si necesita pilas recargables AA de larga duraci\u00f3n para c\u00e1maras, ya que una sola carga dura hasta 349 fotos. Siempre listas cuando usted lo est\u00e9, las pilas Energizer Accu Recharge Power Plus AA vienen completamente cargadas y pueden mantener la energ\u00eda hasta 12 meses almacenadas<\/p>\n<p>Cargue sus pilas recargables con cualquier cargador Energizer Recharge Charger.<\/p>\n","protected":false},"featured_media":0,"comment_status":"open","ping_status":"closed","template":"","meta":{"_acf_changed":false},"product_brand":[],"product_cat":[31],"product_tag":[],"class_list":{"0":"post-5066","1":"product","2":"type-product","3":"status-publish","5":"product_cat-energizer-recharge","7":"first","8":"instock","9":"shipping-taxable","10":"product-type-simple"},"acf":[],"_links":{"self":[{"href":"https:\/\/energizer.com\/eu\/spain\/wp-json\/wp\/v2\/product\/5066","targetHints":{"allow":["GET"]}}],"collection":[{"href":"https:\/\/energizer.com\/eu\/spain\/wp-json\/wp\/v2\/product"}],"about":[{"href":"https:\/\/energizer.com\/eu\/spain\/wp-json\/wp\/v2\/types\/product"}],"replies":[{"embeddable":true,"href":"https:\/\/energizer.com\/eu\/spain\/wp-json\/wp\/v2\/comments?post=5066"}],"version-history":[{"count":16,"href":"https:\/\/energizer.com\/eu\/spain\/wp-json\/wp\/v2\/product\/5066\/revisions"}],"predecessor-version":[{"id":10352,"href":"https:\/\/energizer.com\/eu\/spain\/wp-json\/wp\/v2\/product\/5066\/revisions\/10352"}],"wp:attachment":[{"href":"https:\/\/energizer.com\/eu\/spain\/wp-json\/wp\/v2\/media?parent=5066"}],"wp:term":[{"taxonomy":"product_brand","embeddable":true,"href":"https:\/\/energizer.com\/eu\/spain\/wp-json\/wp\/v2\/product_brand?post=5066"},{"taxonomy":"product_cat","embeddable":true,"href":"https:\/\/energizer.com\/eu\/spain\/wp-json\/wp\/v2\/product_cat?post=5066"},{"taxonomy":"product_tag","embeddable":true,"href":"https:\/\/energizer.com\/eu\/spain\/wp-json\/wp\/v2\/product_tag?post=5066"}],"curies":[{"name":"wp","href":"https:\/\/api.w.org\/{rel}","templated":true}]}}