{"id":5189,"date":"2024-05-21T13:26:02","date_gmt":"2024-05-21T13:26:02","guid":{"rendered":"https:\/\/23b13e8ab3.nxcli.io\/spain\/?post_type=product&#038;p=5189"},"modified":"2024-12-10T06:17:36","modified_gmt":"2024-12-10T06:17:36","slug":"energizer-hard-case-multi-use-led-torch","status":"publish","type":"product","link":"https:\/\/energizer.com\/eu\/spain\/product\/energizer-hard-case-multi-use-led-torch\/","title":{"rendered":"Energizer  Hard Case Multi-Use LED Torch"},"content":{"rendered":"<ul>\n<li>Linterna multiusos Energizer Hard Case con tecnolog\u00eda LED, incluye 1 pila AA<\/li>\n<li>Linterna superbrillante: Esta potente linterna de mano 75 l\u00famenes tiene un alcance de 30 metros y proporciona una luz 10 veces m\u00e1s brillante que la tecnolog\u00eda LED est\u00e1ndar<\/li>\n<li>Dise\u00f1o muy compacto: Su tama\u00f1o compacto le permite llevarlo f\u00e1cilmente en su bolso y usarlo en espacios reducidos<\/li>\n<li>Construcci\u00f3n duradera: La construcci\u00f3n resistente a la intemperie proporciona protecci\u00f3n contra salpicaduras, mientras que el sobremolde de pl\u00e1stico y caucho duradero permite una m\u00e1xima absorci\u00f3n de impactos<\/li>\n<li>Horas de funcionamiento: La linterna LED Energizer puede brillar hasta 6 horas<\/li>\n<li>Uso vers\u00e1til de manos libres: El clip met\u00e1lico magn\u00e9tico giratorio y el asa para cord\u00f3n de esta linterna le permiten mantener las manos libres, fij\u00e1ndola a superficies met\u00e1licas o llev\u00e1ndola alrededor del cuello<\/li>\n<li>Energ\u00eda confiable: Conf\u00ede en Energizer para ofrecer el potente rendimiento que prometemos: todas las linternas Energizer se prueban y se adhieren a los est\u00e1ndares ANSI estrictos y confiables<\/li>\n<\/ul>\n","protected":false},"excerpt":{"rendered":"<p>Ilumine su entorno sin esfuerzo con esta potente linterna de alto rendimiento. La linterna multiusos Energizer de Carcasa Dura proporciona un brillo excepcional durante hasta 6 horas, ya sea que se embarque en una aventura o se prepare para emergencias en el hogar. Ideal para camping, bricolaje o cortes de energ\u00eda en casa, esta linterna LED de 75 l\u00famenes puede iluminar los espacios m\u00e1s oscuros, iluminando hasta 30 metros y proporcionando una luz 10 veces m\u00e1s brillante que la tecnolog\u00eda LED est\u00e1ndar. Utilice el clip met\u00e1lico magn\u00e9tico giratorio y el lazo de cord\u00f3n para sujetarlo f\u00e1cilmente a superficies met\u00e1licas, suj\u00e9telo a su camisa o ll\u00e9velo alrededor del cuello para proyectos de bricolaje o cualquier actividad que requiera las dos manos.<\/p>\n","protected":false},"featured_media":0,"comment_status":"open","ping_status":"closed","template":"","meta":{"_acf_changed":false},"product_brand":[],"product_cat":[97],"product_tag":[],"class_list":{"0":"post-5189","1":"product","2":"type-product","3":"status-publish","5":"product_cat-handheld","7":"first","8":"instock","9":"shipping-taxable","10":"product-type-simple"},"acf":[],"_links":{"self":[{"href":"https:\/\/energizer.com\/eu\/spain\/wp-json\/wp\/v2\/product\/5189","targetHints":{"allow":["GET"]}}],"collection":[{"href":"https:\/\/energizer.com\/eu\/spain\/wp-json\/wp\/v2\/product"}],"about":[{"href":"https:\/\/energizer.com\/eu\/spain\/wp-json\/wp\/v2\/types\/product"}],"replies":[{"embeddable":true,"href":"https:\/\/energizer.com\/eu\/spain\/wp-json\/wp\/v2\/comments?post=5189"}],"version-history":[{"count":8,"href":"https:\/\/energizer.com\/eu\/spain\/wp-json\/wp\/v2\/product\/5189\/revisions"}],"predecessor-version":[{"id":10916,"href":"https:\/\/energizer.com\/eu\/spain\/wp-json\/wp\/v2\/product\/5189\/revisions\/10916"}],"wp:attachment":[{"href":"https:\/\/energizer.com\/eu\/spain\/wp-json\/wp\/v2\/media?parent=5189"}],"wp:term":[{"taxonomy":"product_brand","embeddable":true,"href":"https:\/\/energizer.com\/eu\/spain\/wp-json\/wp\/v2\/product_brand?post=5189"},{"taxonomy":"product_cat","embeddable":true,"href":"https:\/\/energizer.com\/eu\/spain\/wp-json\/wp\/v2\/product_cat?post=5189"},{"taxonomy":"product_tag","embeddable":true,"href":"https:\/\/energizer.com\/eu\/spain\/wp-json\/wp\/v2\/product_tag?post=5189"}],"curies":[{"name":"wp","href":"https:\/\/api.w.org\/{rel}","templated":true}]}}