{"id":5195,"date":"2024-05-21T13:35:39","date_gmt":"2024-05-21T13:35:39","guid":{"rendered":"https:\/\/23b13e8ab3.nxcli.io\/spain\/?post_type=product&#038;p=5195"},"modified":"2024-08-23T09:23:13","modified_gmt":"2024-08-23T09:23:13","slug":"energizer-auto-safety-work-light","status":"publish","type":"product","link":"https:\/\/energizer.com\/eu\/spain\/product\/energizer-auto-safety-work-light\/","title":{"rendered":"Energizer Auto Safety Work Light"},"content":{"rendered":"<ul>\n<li>Luz de trabajo de seguridad para autom\u00f3viles Energizer, con banco de energ\u00eda para cargar dispositivos USB<\/li>\n<li>Luz potente: Esta luz de trabajo de 800 l\u00famenes es hasta 12 veces m\u00e1s brillante que la tecnolog\u00eda de luz LED est\u00e1ndar<\/li>\n<li>Accesorios vers\u00e1tiles: Magn\u00e9tico, gancho para colgar, succi\u00f3n, patas ajustables y tr\u00edpode adaptable<\/li>\n<li>4 modos de \u00e1rea: Elija entre alta, media, baja y luz intermitente roja de emergencia<\/li>\n<li>Construcci\u00f3n duradera: El dise\u00f1o resistente a la intemperie IPX4 resiste ca\u00eddas de hasta un metro<\/li>\n<li>Poder duradero: Esta linterna LED es recargable con una bater\u00eda de iones de litio y tiene una impresionante duraci\u00f3n de hasta 48 horas en modo bajo<\/li>\n<li>Luz personalizable: Luz de \u00e1rea completa o direccional espec\u00edfica para uso vers\u00e1til<\/li>\n<\/ul>\n","protected":false},"excerpt":{"rendered":"<p>Cuando trabaje en su autom\u00f3vil, conf\u00ede en la potencia, el rendimiento y la durabilidad de la luz de trabajo de seguridad para autom\u00f3viles Energizer. Ya sea que se enfrente a una emergencia automovil\u00edstica, un trabajo de reparaci\u00f3n o un proyecto de bricolaje, esta linterna LED multifuncional de 800 l\u00famenes es para usted. Elija entre luz de \u00e1rea amplia o direccional para usar debajo del cap\u00f3 y trabajar en el motor, o incl\u00ednela hacia el suelo para obtener un haz de luz al cambiar un neum\u00e1tico. El modo direccional tiene una distancia de haz de hasta 175 metros. Cambie entre los modos alto, medio, bajo y de emergencia, seg\u00fan sus necesidades.<\/p>\n","protected":false},"featured_media":0,"comment_status":"open","ping_status":"closed","template":"","meta":{"_acf_changed":false},"product_brand":[],"product_cat":[44],"product_tag":[],"class_list":{"0":"post-5195","1":"product","2":"type-product","3":"status-publish","5":"product_cat-area","7":"first","8":"instock","9":"shipping-taxable","10":"product-type-simple"},"acf":[],"_links":{"self":[{"href":"https:\/\/energizer.com\/eu\/spain\/wp-json\/wp\/v2\/product\/5195","targetHints":{"allow":["GET"]}}],"collection":[{"href":"https:\/\/energizer.com\/eu\/spain\/wp-json\/wp\/v2\/product"}],"about":[{"href":"https:\/\/energizer.com\/eu\/spain\/wp-json\/wp\/v2\/types\/product"}],"replies":[{"embeddable":true,"href":"https:\/\/energizer.com\/eu\/spain\/wp-json\/wp\/v2\/comments?post=5195"}],"version-history":[{"count":5,"href":"https:\/\/energizer.com\/eu\/spain\/wp-json\/wp\/v2\/product\/5195\/revisions"}],"predecessor-version":[{"id":9329,"href":"https:\/\/energizer.com\/eu\/spain\/wp-json\/wp\/v2\/product\/5195\/revisions\/9329"}],"wp:attachment":[{"href":"https:\/\/energizer.com\/eu\/spain\/wp-json\/wp\/v2\/media?parent=5195"}],"wp:term":[{"taxonomy":"product_brand","embeddable":true,"href":"https:\/\/energizer.com\/eu\/spain\/wp-json\/wp\/v2\/product_brand?post=5195"},{"taxonomy":"product_cat","embeddable":true,"href":"https:\/\/energizer.com\/eu\/spain\/wp-json\/wp\/v2\/product_cat?post=5195"},{"taxonomy":"product_tag","embeddable":true,"href":"https:\/\/energizer.com\/eu\/spain\/wp-json\/wp\/v2\/product_tag?post=5195"}],"curies":[{"name":"wp","href":"https:\/\/api.w.org\/{rel}","templated":true}]}}