{"id":5199,"date":"2024-05-21T13:54:58","date_gmt":"2024-05-21T13:54:58","guid":{"rendered":"https:\/\/23b13e8ab3.nxcli.io\/spain\/?post_type=product&#038;p=5199"},"modified":"2024-12-09T08:30:20","modified_gmt":"2024-12-09T08:30:20","slug":"energizer-x-focus-2aa-torch","status":"publish","type":"product","link":"https:\/\/energizer.com\/eu\/spain\/product\/energizer-x-focus-2aa-torch\/","title":{"rendered":"Energizer X Focus 2AA Torch"},"content":{"rendered":"<ul>\n<li>Haz de luz de enfoque ajustable<\/li>\n<li>Equipado con un pr\u00e1ctico interruptor trasero<\/li>\n<li>Hasta 10 veces m\u00e1s brillante que la tecnolog\u00eda LED ordinaria<\/li>\n<li>Compacto y ligero<\/li>\n<li>Agarre antideslizante y lazo para cord\u00f3n incorporado<\/li>\n<li>Rendimiento duradero<\/li>\n<li>Resistente al agua para uso en exteriores<\/li>\n<li>Funciona con 2 pilas AA<\/li>\n<\/ul>\n","protected":false},"excerpt":{"rendered":"<p>Con un dise\u00f1o compacto y liviano, Energizer X-Focus es una linterna brillante con lo \u00faltimo en tecnolog\u00eda LED. La linterna presenta una flexibilidad de haz excepcional a trav\u00e9s de una lente de enfoque ajustable. Un simple giro permite a los usuarios ajustar el haz de luz a un foco potente o a un reflector amplio para satisfacer todas sus necesidades de iluminaci\u00f3n. La linterna\u00a0 est\u00e1 construida con un agarre antideslizante, un asa para correa y una lente irrompible para mejorar la durabilidad. Energizer X-Focus es una linterna verdaderamente potente para todas las necesidades de iluminaci\u00f3n interior y exterior.<\/p>\n","protected":false},"featured_media":0,"comment_status":"open","ping_status":"closed","template":"","meta":{"_acf_changed":false},"product_brand":[],"product_cat":[97],"product_tag":[],"class_list":{"0":"post-5199","1":"product","2":"type-product","3":"status-publish","5":"product_cat-handheld","7":"first","8":"instock","9":"shipping-taxable","10":"product-type-simple"},"acf":[],"_links":{"self":[{"href":"https:\/\/energizer.com\/eu\/spain\/wp-json\/wp\/v2\/product\/5199","targetHints":{"allow":["GET"]}}],"collection":[{"href":"https:\/\/energizer.com\/eu\/spain\/wp-json\/wp\/v2\/product"}],"about":[{"href":"https:\/\/energizer.com\/eu\/spain\/wp-json\/wp\/v2\/types\/product"}],"replies":[{"embeddable":true,"href":"https:\/\/energizer.com\/eu\/spain\/wp-json\/wp\/v2\/comments?post=5199"}],"version-history":[{"count":6,"href":"https:\/\/energizer.com\/eu\/spain\/wp-json\/wp\/v2\/product\/5199\/revisions"}],"predecessor-version":[{"id":10821,"href":"https:\/\/energizer.com\/eu\/spain\/wp-json\/wp\/v2\/product\/5199\/revisions\/10821"}],"wp:attachment":[{"href":"https:\/\/energizer.com\/eu\/spain\/wp-json\/wp\/v2\/media?parent=5199"}],"wp:term":[{"taxonomy":"product_brand","embeddable":true,"href":"https:\/\/energizer.com\/eu\/spain\/wp-json\/wp\/v2\/product_brand?post=5199"},{"taxonomy":"product_cat","embeddable":true,"href":"https:\/\/energizer.com\/eu\/spain\/wp-json\/wp\/v2\/product_cat?post=5199"},{"taxonomy":"product_tag","embeddable":true,"href":"https:\/\/energizer.com\/eu\/spain\/wp-json\/wp\/v2\/product_tag?post=5199"}],"curies":[{"name":"wp","href":"https:\/\/api.w.org\/{rel}","templated":true}]}}