{"id":5205,"date":"2024-05-21T14:04:58","date_gmt":"2024-05-21T14:04:58","guid":{"rendered":"https:\/\/23b13e8ab3.nxcli.io\/spain\/?post_type=product&#038;p=5205"},"modified":"2024-11-26T13:03:11","modified_gmt":"2024-11-26T13:03:11","slug":"energizer-compact-led","status":"publish","type":"product","link":"https:\/\/energizer.com\/eu\/spain\/product\/energizer-compact-led\/","title":{"rendered":"Energizer COMPACT LED"},"content":{"rendered":"<ul>\n<li>Construcci\u00f3n de aluminio duradera<\/li>\n<li>Interruptor deslizante f\u00e1cil de operar<\/li>\n<li>Tama\u00f1o conveniente para transportar y almacenar<\/li>\n<li>Soporte para utilizar en modo manos libres<\/li>\n<li>Hasta 4 veces m\u00e1s brillante que la tecnolog\u00eda LED est\u00e1ndar<\/li>\n<li>Larga duraci\u00f3n<\/li>\n<li>Capacidad de se\u00f1al Morse<\/li>\n<li>Caracter\u00edsticas LED Tecnolog\u00eda<\/li>\n<li>Funciona con 2 pilas AA<\/li>\n<\/ul>\n","protected":false},"excerpt":{"rendered":"<p>La linterna met\u00e1lica compacta Energizer es una soluci\u00f3n conveniente y vers\u00e1til que proporciona iluminaci\u00f3n confiable en pr\u00e1cticamente cualquier situaci\u00f3n. Con tecnolog\u00eda LED brillante y duradera, los usuarios reciben una luz brillante que dura hora tres hora. Con un pr\u00e1ctico gancho para colgar y la capacidad de mantenerse en posici\u00f3n vertical, esta linterna permite un uso c\u00f3modo y con manos libres. Una construcci\u00f3n met\u00e1lica resistente a los impactos lo hace ideal para tareas tanto en interiores como en exteriores, todo mientras se alimenta con solo dos pilas AA.<\/p>\n","protected":false},"featured_media":0,"comment_status":"open","ping_status":"closed","template":"","meta":{"_acf_changed":false},"product_brand":[],"product_cat":[97],"product_tag":[],"class_list":{"0":"post-5205","1":"product","2":"type-product","3":"status-publish","5":"product_cat-handheld","7":"first","8":"instock","9":"shipping-taxable","10":"product-type-simple"},"acf":[],"_links":{"self":[{"href":"https:\/\/energizer.com\/eu\/spain\/wp-json\/wp\/v2\/product\/5205","targetHints":{"allow":["GET"]}}],"collection":[{"href":"https:\/\/energizer.com\/eu\/spain\/wp-json\/wp\/v2\/product"}],"about":[{"href":"https:\/\/energizer.com\/eu\/spain\/wp-json\/wp\/v2\/types\/product"}],"replies":[{"embeddable":true,"href":"https:\/\/energizer.com\/eu\/spain\/wp-json\/wp\/v2\/comments?post=5205"}],"version-history":[{"count":8,"href":"https:\/\/energizer.com\/eu\/spain\/wp-json\/wp\/v2\/product\/5205\/revisions"}],"predecessor-version":[{"id":10775,"href":"https:\/\/energizer.com\/eu\/spain\/wp-json\/wp\/v2\/product\/5205\/revisions\/10775"}],"wp:attachment":[{"href":"https:\/\/energizer.com\/eu\/spain\/wp-json\/wp\/v2\/media?parent=5205"}],"wp:term":[{"taxonomy":"product_brand","embeddable":true,"href":"https:\/\/energizer.com\/eu\/spain\/wp-json\/wp\/v2\/product_brand?post=5205"},{"taxonomy":"product_cat","embeddable":true,"href":"https:\/\/energizer.com\/eu\/spain\/wp-json\/wp\/v2\/product_cat?post=5205"},{"taxonomy":"product_tag","embeddable":true,"href":"https:\/\/energizer.com\/eu\/spain\/wp-json\/wp\/v2\/product_tag?post=5205"}],"curies":[{"name":"wp","href":"https:\/\/api.w.org\/{rel}","templated":true}]}}