{"id":5210,"date":"2024-05-21T18:35:17","date_gmt":"2024-05-21T18:35:17","guid":{"rendered":"https:\/\/23b13e8ab3.nxcli.io\/spain\/?post_type=product&#038;p=5210"},"modified":"2024-08-23T09:18:48","modified_gmt":"2024-08-23T09:18:48","slug":"energizer-rubber-impact-torch","status":"publish","type":"product","link":"https:\/\/energizer.com\/eu\/spain\/product\/energizer-rubber-impact-torch\/","title":{"rendered":"Energizer Rubber Impact Torch"},"content":{"rendered":"<ul>\n<li>Funciona con dos pilas AAA (incluidas)<\/li>\n<li>Construcci\u00f3n de goma duradera con agarre antideslizante<\/li>\n<li>Se fija a un cord\u00f3n o mosquet\u00f3n<\/li>\n<li>Hasta diez veces m\u00e1s brillante en [contexto\/referencia]<\/li>\n<li>En comparaci\u00f3n con la tecnolog\u00eda LED convencional<\/li>\n<li>Pr\u00e1ctico soporte integrado<\/li>\n<li>Tiene 60 l\u00famenes y un alcance de hasta 50 m durante un tiempo de funcionamiento de 18 horas<\/li>\n<\/ul>\n","protected":false},"excerpt":{"rendered":"<p>La antorcha de goma compacta Energizer cuenta con tecnolog\u00eda LED brillante y un dise\u00f1o ergon\u00f3mico y duradero. Esta luz tiene un mango de goma texturizado antideslizante para mayor ergonom\u00eda y mayor durabilidad. Con el pr\u00e1ctico soporte integrado, la linterna se puede utilizar con las manos libres siempre que sea necesario. Se puede fijar f\u00e1cilmente a la anilla integrada para una correa de transporte. El interruptor de bot\u00f3n duradero es indestructible. La linterna de goma compacta Energizer es lo \u00faltimo en linternas para hacer usted mismo con excelente salida de luz y confiabilidad para todo tipo de proyectos.<\/p>\n","protected":false},"featured_media":0,"comment_status":"open","ping_status":"closed","template":"","meta":{"_acf_changed":false},"product_brand":[],"product_cat":[97],"product_tag":[],"class_list":{"0":"post-5210","1":"product","2":"type-product","3":"status-publish","5":"product_cat-handheld","7":"first","8":"instock","9":"shipping-taxable","10":"product-type-simple"},"acf":[],"_links":{"self":[{"href":"https:\/\/energizer.com\/eu\/spain\/wp-json\/wp\/v2\/product\/5210","targetHints":{"allow":["GET"]}}],"collection":[{"href":"https:\/\/energizer.com\/eu\/spain\/wp-json\/wp\/v2\/product"}],"about":[{"href":"https:\/\/energizer.com\/eu\/spain\/wp-json\/wp\/v2\/types\/product"}],"replies":[{"embeddable":true,"href":"https:\/\/energizer.com\/eu\/spain\/wp-json\/wp\/v2\/comments?post=5210"}],"version-history":[{"count":5,"href":"https:\/\/energizer.com\/eu\/spain\/wp-json\/wp\/v2\/product\/5210\/revisions"}],"predecessor-version":[{"id":9336,"href":"https:\/\/energizer.com\/eu\/spain\/wp-json\/wp\/v2\/product\/5210\/revisions\/9336"}],"wp:attachment":[{"href":"https:\/\/energizer.com\/eu\/spain\/wp-json\/wp\/v2\/media?parent=5210"}],"wp:term":[{"taxonomy":"product_brand","embeddable":true,"href":"https:\/\/energizer.com\/eu\/spain\/wp-json\/wp\/v2\/product_brand?post=5210"},{"taxonomy":"product_cat","embeddable":true,"href":"https:\/\/energizer.com\/eu\/spain\/wp-json\/wp\/v2\/product_cat?post=5210"},{"taxonomy":"product_tag","embeddable":true,"href":"https:\/\/energizer.com\/eu\/spain\/wp-json\/wp\/v2\/product_tag?post=5210"}],"curies":[{"name":"wp","href":"https:\/\/api.w.org\/{rel}","templated":true}]}}