{"id":5217,"date":"2024-05-21T18:43:38","date_gmt":"2024-05-21T18:43:38","guid":{"rendered":"https:\/\/23b13e8ab3.nxcli.io\/spain\/?post_type=product&#038;p=5217"},"modified":"2024-08-23T09:22:09","modified_gmt":"2024-08-23T09:22:09","slug":"energizer-led-headlight","status":"publish","type":"product","link":"https:\/\/energizer.com\/eu\/spain\/product\/energizer-led-headlight\/","title":{"rendered":"Energizer LED Headlight"},"content":{"rendered":"<ul>\n<li>Compacto en tama\u00f1o<\/li>\n<li>Peso ligero para mayor comodidad<\/li>\n<li>Correa ajustable<\/li>\n<li>F\u00e1cil pulsador de encendido\/apagado<\/li>\n<li>Soluci\u00f3n manos libres para uso diario<\/li>\n<li>2 pilas AAA incluidas<\/li>\n<\/ul>\n","protected":false},"excerpt":{"rendered":"<p>El faro LED ENERGIZER es una soluci\u00f3n de iluminaci\u00f3n confiable que combina la tecnolog\u00eda LED actual con un dise\u00f1o de manos libres para una excelente experiencia de usuario. Con un simple bot\u00f3n, los usuarios pueden activar la tecnolog\u00eda LED que proporciona un excelente equilibrio de brillo con horas y horas de funcionamiento. Con una c\u00f3moda correa para la cabeza ajustable, el faro LED ENERGIZER se adapta a una amplia variedad de necesidades del usuario, desde aplicaciones cotidianas hasta laborales.<\/p>\n","protected":false},"featured_media":0,"comment_status":"open","ping_status":"closed","template":"","meta":{"_acf_changed":false},"product_brand":[],"product_cat":[43],"product_tag":[],"class_list":{"0":"post-5217","1":"product","2":"type-product","3":"status-publish","5":"product_cat-hands-free","7":"first","8":"instock","9":"shipping-taxable","10":"product-type-simple"},"acf":[],"_links":{"self":[{"href":"https:\/\/energizer.com\/eu\/spain\/wp-json\/wp\/v2\/product\/5217","targetHints":{"allow":["GET"]}}],"collection":[{"href":"https:\/\/energizer.com\/eu\/spain\/wp-json\/wp\/v2\/product"}],"about":[{"href":"https:\/\/energizer.com\/eu\/spain\/wp-json\/wp\/v2\/types\/product"}],"replies":[{"embeddable":true,"href":"https:\/\/energizer.com\/eu\/spain\/wp-json\/wp\/v2\/comments?post=5217"}],"version-history":[{"count":5,"href":"https:\/\/energizer.com\/eu\/spain\/wp-json\/wp\/v2\/product\/5217\/revisions"}],"predecessor-version":[{"id":9339,"href":"https:\/\/energizer.com\/eu\/spain\/wp-json\/wp\/v2\/product\/5217\/revisions\/9339"}],"wp:attachment":[{"href":"https:\/\/energizer.com\/eu\/spain\/wp-json\/wp\/v2\/media?parent=5217"}],"wp:term":[{"taxonomy":"product_brand","embeddable":true,"href":"https:\/\/energizer.com\/eu\/spain\/wp-json\/wp\/v2\/product_brand?post=5217"},{"taxonomy":"product_cat","embeddable":true,"href":"https:\/\/energizer.com\/eu\/spain\/wp-json\/wp\/v2\/product_cat?post=5217"},{"taxonomy":"product_tag","embeddable":true,"href":"https:\/\/energizer.com\/eu\/spain\/wp-json\/wp\/v2\/product_tag?post=5217"}],"curies":[{"name":"wp","href":"https:\/\/api.w.org\/{rel}","templated":true}]}}