{"id":5220,"date":"2024-05-21T18:45:18","date_gmt":"2024-05-21T18:45:18","guid":{"rendered":"https:\/\/23b13e8ab3.nxcli.io\/spain\/?post_type=product&#038;p=5220"},"modified":"2024-12-09T10:31:43","modified_gmt":"2024-12-09T10:31:43","slug":"energizer-booklight","status":"publish","type":"product","link":"https:\/\/energizer.com\/eu\/spain\/product\/energizer-booklight\/","title":{"rendered":"Energizer Booklight"},"content":{"rendered":"<ul>\n<li>Dise\u00f1o delgado, se pliega y se bloquea para un f\u00e1cil almacenamiento<\/li>\n<li>Clip vers\u00e1til que puede adherirse a superficies de hasta 13 mm (0,5 pulgadas) de espesor<\/li>\n<li>El cuello de goma flexible permite un posicionamiento infinito de la luz<\/li>\n<li>Pr\u00e1ctico interruptor deslizante<\/li>\n<li>El LED blanco c\u00e1lido proporciona un contraste excelente y condiciones de lectura naturales<\/li>\n<li>Autonom\u00eda de 25 horas<\/li>\n<li>Puede iluminar objetos de hasta 4 metros, perfecto para lectura, tareas dom\u00e9sticas o automotrices<\/li>\n<\/ul>\n","protected":false},"excerpt":{"rendered":"<p>La linterna para libros Energizer proporciona una luz brillante dise\u00f1ada para mejorar la visi\u00f3n. El LED blanco c\u00e1lido proporciona un contraste excelente y una condici\u00f3n de lectura m\u00e1s natural. Con una temperatura de color c\u00e1lida, la linterna para libros tambi\u00e9n es la compa\u00f1era perfecta para leer o trabajar por la noche. El haz cient\u00edficamente dise\u00f1ado proporciona una amplia iluminaci\u00f3n para libros y revistas, pero es lo suficientemente estrecho como para no molestar a otros que est\u00e9n cerca. El pr\u00e1ctico clip se fija a superficies de hasta 13 mm (0,5 pulgadas) de espesor y el cuello flexible permite a los usuarios dirigir la luz con precisi\u00f3n.<\/p>\n","protected":false},"featured_media":0,"comment_status":"open","ping_status":"closed","template":"","meta":{"_acf_changed":false},"product_brand":[],"product_cat":[43],"product_tag":[],"class_list":{"0":"post-5220","1":"product","2":"type-product","3":"status-publish","5":"product_cat-hands-free","7":"first","8":"instock","9":"shipping-taxable","10":"product-type-simple"},"acf":[],"_links":{"self":[{"href":"https:\/\/energizer.com\/eu\/spain\/wp-json\/wp\/v2\/product\/5220","targetHints":{"allow":["GET"]}}],"collection":[{"href":"https:\/\/energizer.com\/eu\/spain\/wp-json\/wp\/v2\/product"}],"about":[{"href":"https:\/\/energizer.com\/eu\/spain\/wp-json\/wp\/v2\/types\/product"}],"replies":[{"embeddable":true,"href":"https:\/\/energizer.com\/eu\/spain\/wp-json\/wp\/v2\/comments?post=5220"}],"version-history":[{"count":6,"href":"https:\/\/energizer.com\/eu\/spain\/wp-json\/wp\/v2\/product\/5220\/revisions"}],"predecessor-version":[{"id":10828,"href":"https:\/\/energizer.com\/eu\/spain\/wp-json\/wp\/v2\/product\/5220\/revisions\/10828"}],"wp:attachment":[{"href":"https:\/\/energizer.com\/eu\/spain\/wp-json\/wp\/v2\/media?parent=5220"}],"wp:term":[{"taxonomy":"product_brand","embeddable":true,"href":"https:\/\/energizer.com\/eu\/spain\/wp-json\/wp\/v2\/product_brand?post=5220"},{"taxonomy":"product_cat","embeddable":true,"href":"https:\/\/energizer.com\/eu\/spain\/wp-json\/wp\/v2\/product_cat?post=5220"},{"taxonomy":"product_tag","embeddable":true,"href":"https:\/\/energizer.com\/eu\/spain\/wp-json\/wp\/v2\/product_tag?post=5220"}],"curies":[{"name":"wp","href":"https:\/\/api.w.org\/{rel}","templated":true}]}}