{"id":5233,"date":"2024-05-21T19:13:55","date_gmt":"2024-05-21T19:13:55","guid":{"rendered":"https:\/\/23b13e8ab3.nxcli.io\/spain\/?post_type=product&#038;p=5233"},"modified":"2024-08-23T09:18:29","modified_gmt":"2024-08-23T09:18:29","slug":"energizer-led-torch-vision-hd-metal","status":"publish","type":"product","link":"https:\/\/energizer.com\/eu\/spain\/product\/energizer-led-torch-vision-hd-metal\/","title":{"rendered":"Energizer LED Torch, Vision HD Metal"},"content":{"rendered":"<ul>\n<li>Linterna de metal Energizer Vision HD, Linterna de metal Energizer Vision HD con 3 pilas alcalinas AAA incluidas<\/li>\n<li>Linterna superbrillante: Esta linterna LED de 270 l\u00famenes ofrece un brillo excepcional y un alto rendimiento, lo que le permite ver hasta 84 metros en modo alto<\/li>\n<li>3 modos de luz: Esta linterna de metal presenta 3 modos de luz: Alta, ahorro de energ\u00eda y luz estrobosc\u00f3pica de emergencia<\/li>\n<li>Construcci\u00f3n de aleaci\u00f3n duradera: El robusto cuerpo met\u00e1lico y la construcci\u00f3n IPX4 brindan protecci\u00f3n contra da\u00f1os y salpicaduras<\/li>\n<li>Horas de duraci\u00f3n:\u202fLa linterna LED Energizer puede brillar hasta 12,5 horas en modo bajo<\/li>\n<li>Tama\u00f1o conveniente: Guarde esta vers\u00e1til y potente linterna en su caj\u00f3n, autom\u00f3vil, kit de emergencia en el hogar o ll\u00e9vela en su bolso<\/li>\n<li>Tecnolog\u00eda MAX-VIZ confiable: La poderosa tecnolog\u00eda de Energizer replica la luz del d\u00eda para una visi\u00f3n de alta definici\u00f3n en la que puede confiar<\/li>\n<\/ul>\n","protected":false},"excerpt":{"rendered":"<p>Ilumine su entorno sin esfuerzo con esta linterna superbrillante de alto rendimiento. La luz Energizer Metal Vision HD Compact proporciona un brillo excepcional durante hasta 12,5 horas en modo de ahorro de energ\u00eda, ya sea que vaya de aventura o se prepare para emergencias en el hogar. Ideal para acampar, hacer bricolaje o para cortes de energ\u00eda en casa, su linterna Energizer est\u00e1 a mano para ayudarlo a encontrar su camino en la oscuridad. Esta linterna LED de 270 l\u00famenes puede iluminar los espacios m\u00e1s oscuros, iluminando hasta 84 metros en modo alto. La linterna incluso reproduce la luz del d\u00eda, gracias a su tecnolog\u00eda MAX-VIZ que coincide con las preferencias naturales del ojo, ofreciendo una visi\u00f3n excepcional de alta definici\u00f3n.<\/p>\n","protected":false},"featured_media":0,"comment_status":"open","ping_status":"closed","template":"","meta":{"_acf_changed":false},"product_brand":[],"product_cat":[97],"product_tag":[],"class_list":{"0":"post-5233","1":"product","2":"type-product","3":"status-publish","5":"product_cat-handheld","7":"first","8":"instock","9":"shipping-taxable","10":"product-type-simple"},"acf":[],"_links":{"self":[{"href":"https:\/\/energizer.com\/eu\/spain\/wp-json\/wp\/v2\/product\/5233","targetHints":{"allow":["GET"]}}],"collection":[{"href":"https:\/\/energizer.com\/eu\/spain\/wp-json\/wp\/v2\/product"}],"about":[{"href":"https:\/\/energizer.com\/eu\/spain\/wp-json\/wp\/v2\/types\/product"}],"replies":[{"embeddable":true,"href":"https:\/\/energizer.com\/eu\/spain\/wp-json\/wp\/v2\/comments?post=5233"}],"version-history":[{"count":4,"href":"https:\/\/energizer.com\/eu\/spain\/wp-json\/wp\/v2\/product\/5233\/revisions"}],"predecessor-version":[{"id":9345,"href":"https:\/\/energizer.com\/eu\/spain\/wp-json\/wp\/v2\/product\/5233\/revisions\/9345"}],"wp:attachment":[{"href":"https:\/\/energizer.com\/eu\/spain\/wp-json\/wp\/v2\/media?parent=5233"}],"wp:term":[{"taxonomy":"product_brand","embeddable":true,"href":"https:\/\/energizer.com\/eu\/spain\/wp-json\/wp\/v2\/product_brand?post=5233"},{"taxonomy":"product_cat","embeddable":true,"href":"https:\/\/energizer.com\/eu\/spain\/wp-json\/wp\/v2\/product_cat?post=5233"},{"taxonomy":"product_tag","embeddable":true,"href":"https:\/\/energizer.com\/eu\/spain\/wp-json\/wp\/v2\/product_tag?post=5233"}],"curies":[{"name":"wp","href":"https:\/\/api.w.org\/{rel}","templated":true}]}}