{"id":5237,"date":"2024-05-21T19:18:06","date_gmt":"2024-05-21T19:18:06","guid":{"rendered":"https:\/\/23b13e8ab3.nxcli.io\/spain\/?post_type=product&#038;p=5237"},"modified":"2024-12-06T12:30:46","modified_gmt":"2024-12-06T12:30:46","slug":"energizer-handheld-led-torch-with-magnet","status":"publish","type":"product","link":"https:\/\/energizer.com\/eu\/spain\/product\/energizer-handheld-led-torch-with-magnet\/","title":{"rendered":"Energizer Handheld LED Torch with Magnet"},"content":{"rendered":"<ul>\n<li>Energizer linterna de mano con im\u00e1n y 2 pilas alcalinas tama\u00f1o AA incluidas<\/li>\n<li>Linterna superbrillante: Esta linterna LED de 50 l\u00famenes ofrece un alto rendimiento, permiti\u00e9ndole ver hasta 50 metros<\/li>\n<li>Uso vers\u00e1til: Esta linterna magn\u00e9tica f\u00e1cil de usar es ideal para actividades que requieren ambas manos<\/li>\n<li>Construcci\u00f3n duradera: Ideal para un uso prolongado, la duradera luz LED de esta linterna nunca necesita ser reemplazada<\/li>\n<li>Horas de duraci\u00f3n:\u202fLa luz de inspecci\u00f3n LED Energizer puede brillar hasta 40 horas<\/li>\n<li>Dise\u00f1o de f\u00e1cil agarre: Su pr\u00e1ctico dise\u00f1o con cord\u00f3n para la mu\u00f1eca y un interruptor de bot\u00f3n permite un f\u00e1cil agarre y uso<\/li>\n<li>Ligero: Utilice el cord\u00f3n de mu\u00f1eca adjunto para llevar f\u00e1cilmente esta linterna ligera a cualquier lugar<\/li>\n<\/ul>\n","protected":false},"excerpt":{"rendered":"<p>Ilumine su entorno sin esfuerzo con esta linterna superbrillante de alto rendimiento. La linterna port\u00e1til Energizer 2AA proporciona un brillo excepcional hasta 40 horas, ya sea que se embarque en una aventura o se prepare para emergencias en el hogar. Ideal para acampar, hacer bricolaje o para cortes de energ\u00eda en casa, su linterna Energizer est\u00e1 a mano para ayudarlo a encontrar su camino en la oscuridad. Esta linterna LED de 50 l\u00famenes puede iluminar los espacios m\u00e1s oscuros, ilumina hasta 50 metros y cuenta con un LED de larga duraci\u00f3n que nunca necesita ser reemplazado. Adhi\u00e9ralo a superficies met\u00e1licas con el im\u00e1n incorporado, para usarlo con manos libres en cualquier actividad que requiera ambas manos.<\/p>\n","protected":false},"featured_media":0,"comment_status":"open","ping_status":"closed","template":"","meta":{"_acf_changed":false},"product_brand":[],"product_cat":[97],"product_tag":[],"class_list":{"0":"post-5237","1":"product","2":"type-product","3":"status-publish","5":"product_cat-handheld","7":"first","8":"instock","9":"shipping-taxable","10":"product-type-simple"},"acf":[],"_links":{"self":[{"href":"https:\/\/energizer.com\/eu\/spain\/wp-json\/wp\/v2\/product\/5237","targetHints":{"allow":["GET"]}}],"collection":[{"href":"https:\/\/energizer.com\/eu\/spain\/wp-json\/wp\/v2\/product"}],"about":[{"href":"https:\/\/energizer.com\/eu\/spain\/wp-json\/wp\/v2\/types\/product"}],"replies":[{"embeddable":true,"href":"https:\/\/energizer.com\/eu\/spain\/wp-json\/wp\/v2\/comments?post=5237"}],"version-history":[{"count":6,"href":"https:\/\/energizer.com\/eu\/spain\/wp-json\/wp\/v2\/product\/5237\/revisions"}],"predecessor-version":[{"id":10781,"href":"https:\/\/energizer.com\/eu\/spain\/wp-json\/wp\/v2\/product\/5237\/revisions\/10781"}],"wp:attachment":[{"href":"https:\/\/energizer.com\/eu\/spain\/wp-json\/wp\/v2\/media?parent=5237"}],"wp:term":[{"taxonomy":"product_brand","embeddable":true,"href":"https:\/\/energizer.com\/eu\/spain\/wp-json\/wp\/v2\/product_brand?post=5237"},{"taxonomy":"product_cat","embeddable":true,"href":"https:\/\/energizer.com\/eu\/spain\/wp-json\/wp\/v2\/product_cat?post=5237"},{"taxonomy":"product_tag","embeddable":true,"href":"https:\/\/energizer.com\/eu\/spain\/wp-json\/wp\/v2\/product_tag?post=5237"}],"curies":[{"name":"wp","href":"https:\/\/api.w.org\/{rel}","templated":true}]}}