{"id":5239,"date":"2024-05-21T19:19:53","date_gmt":"2024-05-21T19:19:53","guid":{"rendered":"https:\/\/23b13e8ab3.nxcli.io\/spain\/?post_type=product&#038;p=5239"},"modified":"2024-12-09T08:05:43","modified_gmt":"2024-12-09T08:05:43","slug":"energizer-touch-tech-keychain","status":"publish","type":"product","link":"https:\/\/energizer.com\/eu\/spain\/product\/energizer-touch-tech-keychain\/","title":{"rendered":"Energizer Touch Tech Keychain"},"content":{"rendered":"<ul>\n<li>Encendido\/apagado t\u00e1ctil sin interruptor<\/li>\n<li>Dise\u00f1ado para m\u00e1xima comodidad: agarre la luz para una iluminaci\u00f3n instant\u00e1nea y su\u00e9ltela para apagarla suavemente<\/li>\n<li>El tama\u00f1o compacto la convierte en una luz c\u00f3moda para tener en todo momento<\/li>\n<\/ul>\n","protected":false},"excerpt":{"rendered":"<p>La linterna de Llavero Energizer con tecnolog\u00eda Touch Tech combina la \u00faltima tecnolog\u00eda patentada para un uso f\u00e1cil e intuitivo. Con la innovaci\u00f3n sin interruptor de Touch Tech, los usuarios obtienen una iluminaci\u00f3n instant\u00e1nea con solo agarrar la linterna. Simplemente suelte el agarre cuando termine de usarlo y la Tecnolog\u00eda Touch apagar\u00e1 la linterna suavemente. Touch Tech garantiza que la linterna nunca se quede encendida accidentalmente y ayuda a prolongar la vida \u00fatil de la pila. Esta tecnolog\u00eda hace que esta linterna de llavero sea muy c\u00f3moda y f\u00e1cil de usar.<\/p>\n","protected":false},"featured_media":0,"comment_status":"open","ping_status":"closed","template":"","meta":{"_acf_changed":false},"product_brand":[],"product_cat":[97],"product_tag":[],"class_list":{"0":"post-5239","1":"product","2":"type-product","3":"status-publish","5":"product_cat-handheld","7":"first","8":"instock","9":"shipping-taxable","10":"product-type-simple"},"acf":[],"_links":{"self":[{"href":"https:\/\/energizer.com\/eu\/spain\/wp-json\/wp\/v2\/product\/5239","targetHints":{"allow":["GET"]}}],"collection":[{"href":"https:\/\/energizer.com\/eu\/spain\/wp-json\/wp\/v2\/product"}],"about":[{"href":"https:\/\/energizer.com\/eu\/spain\/wp-json\/wp\/v2\/types\/product"}],"replies":[{"embeddable":true,"href":"https:\/\/energizer.com\/eu\/spain\/wp-json\/wp\/v2\/comments?post=5239"}],"version-history":[{"count":6,"href":"https:\/\/energizer.com\/eu\/spain\/wp-json\/wp\/v2\/product\/5239\/revisions"}],"predecessor-version":[{"id":10811,"href":"https:\/\/energizer.com\/eu\/spain\/wp-json\/wp\/v2\/product\/5239\/revisions\/10811"}],"wp:attachment":[{"href":"https:\/\/energizer.com\/eu\/spain\/wp-json\/wp\/v2\/media?parent=5239"}],"wp:term":[{"taxonomy":"product_brand","embeddable":true,"href":"https:\/\/energizer.com\/eu\/spain\/wp-json\/wp\/v2\/product_brand?post=5239"},{"taxonomy":"product_cat","embeddable":true,"href":"https:\/\/energizer.com\/eu\/spain\/wp-json\/wp\/v2\/product_cat?post=5239"},{"taxonomy":"product_tag","embeddable":true,"href":"https:\/\/energizer.com\/eu\/spain\/wp-json\/wp\/v2\/product_tag?post=5239"}],"curies":[{"name":"wp","href":"https:\/\/api.w.org\/{rel}","templated":true}]}}