{"id":5245,"date":"2024-05-21T19:26:15","date_gmt":"2024-05-21T19:26:15","guid":{"rendered":"https:\/\/23b13e8ab3.nxcli.io\/spain\/?post_type=product&#038;p=5245"},"modified":"2024-12-09T10:44:53","modified_gmt":"2024-12-09T10:44:53","slug":"energizer-compact-sport-led-headlamp","status":"publish","type":"product","link":"https:\/\/energizer.com\/eu\/spain\/product\/energizer-compact-sport-led-headlamp\/","title":{"rendered":"Energizer Compact Sport LED Headlamp"},"content":{"rendered":"<ul>\n<li>La linterna frontal LED deportiva compacta Energizer viene con 2 pilas AAA<\/li>\n<li>Ilumina tu carrera con hasta 125 l\u00famenes de brillo (en modo alto)<\/li>\n<li>La diadema deportiva especialmente dise\u00f1ada proporciona una comodidad excepcional y es lavable para una f\u00e1cil reutilizaci\u00f3n<\/li>\n<li>Cambia entre 2 modos de luz para un uso \u00f3ptimo en exteriores: Intenso y suave<\/li>\n<li>Trota o camina todo el tiempo que quieras con 7 horas de duraci\u00f3n (en modo alto)<\/li>\n<li>Ideal para correr con su amplio haz<\/li>\n<\/ul>\n","protected":false},"excerpt":{"rendered":"<p>Si\u00e9ntete seguro corriendo y caminando en la oscuridad: La linterna frontal LED deportiva compacta Energizer te muestra el camino con una luz f\u00e1cil de usar. Simplemente enciende tu linterna frontal y comienza a correr con hasta 100 l\u00famenes de brillo (en modo alto) para iluminar tu camino. Tu comodidad est\u00e1 garantizada con una diadema deportiva \u00fanica que permanece puesta sin importar cu\u00e1nto tiempo dure tu entrenamiento. Esta faro tambi\u00e9n es ideal durante un corte de energ\u00eda o incluso para actividades de cerca como proyectos de bricolaje. Mantente deportivo y seguro con el faro LED deportivo compacto Energizer.<\/p>\n","protected":false},"featured_media":0,"comment_status":"open","ping_status":"closed","template":"","meta":{"_acf_changed":false},"product_brand":[],"product_cat":[43],"product_tag":[],"class_list":{"0":"post-5245","1":"product","2":"type-product","3":"status-publish","5":"product_cat-hands-free","7":"first","8":"instock","9":"shipping-taxable","10":"product-type-simple"},"acf":[],"_links":{"self":[{"href":"https:\/\/energizer.com\/eu\/spain\/wp-json\/wp\/v2\/product\/5245","targetHints":{"allow":["GET"]}}],"collection":[{"href":"https:\/\/energizer.com\/eu\/spain\/wp-json\/wp\/v2\/product"}],"about":[{"href":"https:\/\/energizer.com\/eu\/spain\/wp-json\/wp\/v2\/types\/product"}],"replies":[{"embeddable":true,"href":"https:\/\/energizer.com\/eu\/spain\/wp-json\/wp\/v2\/comments?post=5245"}],"version-history":[{"count":8,"href":"https:\/\/energizer.com\/eu\/spain\/wp-json\/wp\/v2\/product\/5245\/revisions"}],"predecessor-version":[{"id":10830,"href":"https:\/\/energizer.com\/eu\/spain\/wp-json\/wp\/v2\/product\/5245\/revisions\/10830"}],"wp:attachment":[{"href":"https:\/\/energizer.com\/eu\/spain\/wp-json\/wp\/v2\/media?parent=5245"}],"wp:term":[{"taxonomy":"product_brand","embeddable":true,"href":"https:\/\/energizer.com\/eu\/spain\/wp-json\/wp\/v2\/product_brand?post=5245"},{"taxonomy":"product_cat","embeddable":true,"href":"https:\/\/energizer.com\/eu\/spain\/wp-json\/wp\/v2\/product_cat?post=5245"},{"taxonomy":"product_tag","embeddable":true,"href":"https:\/\/energizer.com\/eu\/spain\/wp-json\/wp\/v2\/product_tag?post=5245"}],"curies":[{"name":"wp","href":"https:\/\/api.w.org\/{rel}","templated":true}]}}