{"id":5249,"date":"2024-05-21T19:30:10","date_gmt":"2024-05-21T19:30:10","guid":{"rendered":"https:\/\/23b13e8ab3.nxcli.io\/spain\/?post_type=product&#038;p=5249"},"modified":"2024-08-23T09:22:00","modified_gmt":"2024-08-23T09:22:00","slug":"energizer-small-sporting-rech-headlamp","status":"publish","type":"product","link":"https:\/\/energizer.com\/eu\/spain\/product\/energizer-small-sporting-rech-headlamp\/","title":{"rendered":"Energizer Small Sporting Rech. Headlamp"},"content":{"rendered":"<ul>\n<li>Recargable (cable incluido)<\/li>\n<li>Dise\u00f1o peque\u00f1o, compacto y ligero<\/li>\n<li>Banda fina, ajustable y extra c\u00f3moda, estable en la cabeza para actividades deportivas<\/li>\n<li>Paneles reflectantes para seguridad (&#8220;Hazte ver&#8221;)<\/li>\n<\/ul>\n","protected":false},"excerpt":{"rendered":"<p>La linterna frontal deportiva Energizer Mini es la luz perfecta para cualquier actividad deportiva o al aire libre. Su dise\u00f1o compacto y liviano junto con el fino cord\u00f3n ajustable para la cabeza brindan una sensaci\u00f3n de &#8220;casi imperceptible&#8221; que hace que esta l\u00e1mpara sea s\u00faper c\u00f3moda de usar y al mismo tiempo permanece estable en la cabeza durante todas las actividades deportivas. El haz de luz est\u00e1 dise\u00f1ado pensando en el corredor activo, el patr\u00f3n del haz cubre no solo lo que est\u00e1 delante de ti sino tambi\u00e9n el suelo delante de tus pies, para maximizar la seguridad. La linterna frontal Mini Sporting se puede recargar mediante un micro-USB est\u00e1ndar, lo que la hace realmente c\u00f3moda para el uso diario.<\/p>\n","protected":false},"featured_media":0,"comment_status":"open","ping_status":"closed","template":"","meta":{"_acf_changed":false},"product_brand":[],"product_cat":[43],"product_tag":[],"class_list":{"0":"post-5249","1":"product","2":"type-product","3":"status-publish","5":"product_cat-hands-free","7":"first","8":"instock","9":"shipping-taxable","10":"product-type-simple"},"acf":[],"_links":{"self":[{"href":"https:\/\/energizer.com\/eu\/spain\/wp-json\/wp\/v2\/product\/5249","targetHints":{"allow":["GET"]}}],"collection":[{"href":"https:\/\/energizer.com\/eu\/spain\/wp-json\/wp\/v2\/product"}],"about":[{"href":"https:\/\/energizer.com\/eu\/spain\/wp-json\/wp\/v2\/types\/product"}],"replies":[{"embeddable":true,"href":"https:\/\/energizer.com\/eu\/spain\/wp-json\/wp\/v2\/comments?post=5249"}],"version-history":[{"count":5,"href":"https:\/\/energizer.com\/eu\/spain\/wp-json\/wp\/v2\/product\/5249\/revisions"}],"predecessor-version":[{"id":9708,"href":"https:\/\/energizer.com\/eu\/spain\/wp-json\/wp\/v2\/product\/5249\/revisions\/9708"}],"wp:attachment":[{"href":"https:\/\/energizer.com\/eu\/spain\/wp-json\/wp\/v2\/media?parent=5249"}],"wp:term":[{"taxonomy":"product_brand","embeddable":true,"href":"https:\/\/energizer.com\/eu\/spain\/wp-json\/wp\/v2\/product_brand?post=5249"},{"taxonomy":"product_cat","embeddable":true,"href":"https:\/\/energizer.com\/eu\/spain\/wp-json\/wp\/v2\/product_cat?post=5249"},{"taxonomy":"product_tag","embeddable":true,"href":"https:\/\/energizer.com\/eu\/spain\/wp-json\/wp\/v2\/product_tag?post=5249"}],"curies":[{"name":"wp","href":"https:\/\/api.w.org\/{rel}","templated":true}]}}