{"id":5279,"date":"2024-05-22T05:21:36","date_gmt":"2024-05-22T05:21:36","guid":{"rendered":"https:\/\/23b13e8ab3.nxcli.io\/spain\/?post_type=product&#038;p=5279"},"modified":"2024-08-23T09:17:33","modified_gmt":"2024-08-23T09:17:33","slug":"energizer-metal-3aaa","status":"publish","type":"product","link":"https:\/\/energizer.com\/eu\/spain\/product\/energizer-metal-3aaa\/","title":{"rendered":"Energizer Metal 3AAA"},"content":{"rendered":"<ul>\n<li>Luz vers\u00e1til, compacta y de alto rendimiento que proporciona un haz amplio excepcionalmente potente<\/li>\n<li>La tecnolog\u00eda MAX-VIZ se adapta a las preferencias naturales del ojo para producir una visi\u00f3n excepcional de alta definici\u00f3n<\/li>\n<li>La conmutaci\u00f3n digital suave permite a los usuarios opciones de modos de alta intensidad, de ahorro de energ\u00eda y estrobosc\u00f3pico de emergencia<\/li>\n<li>La construcci\u00f3n de aleaci\u00f3n duradera brinda confianza para cualquier tarea<\/li>\n<li>3 pilas alcalinas AAA incluidas<\/li>\n<\/ul>\n","protected":false},"excerpt":{"rendered":"<p>La luz Energizer<sup>\u00ae<\/sup>\u00a0Vision HD Compact ofrece innovaci\u00f3n de alto rendimiento en un tama\u00f1o conveniente. Dise\u00f1ado para caber en su veh\u00edculo, bolsillo o bolso, el Energizer Vision HD Compact es perfecto para una amplia variedad de tareas. La exclusiva tecnolog\u00eda MAXVIZ ofrece un haz amplio y potente que proporciona a los usuarios una visi\u00f3n n\u00edtida y de alta definici\u00f3n. Un interruptor digital sencillo brinda acceso a m\u00faltiples configuraciones de haz: Modos alto, de ahorro de energ\u00eda y estrobosc\u00f3pico de emergencia. Con una construcci\u00f3n de aleaci\u00f3n avanzada, Energizer Vision HD es una soluci\u00f3n duradera que ofrece una potente iluminaci\u00f3n de color de luz diurna en casa o en movimiento.<\/p>\n","protected":false},"featured_media":0,"comment_status":"open","ping_status":"closed","template":"","meta":{"_acf_changed":false},"product_brand":[],"product_cat":[97],"product_tag":[],"class_list":{"0":"post-5279","1":"product","2":"type-product","3":"status-publish","5":"product_cat-handheld","7":"first","8":"instock","9":"shipping-taxable","10":"product-type-simple"},"acf":[],"_links":{"self":[{"href":"https:\/\/energizer.com\/eu\/spain\/wp-json\/wp\/v2\/product\/5279","targetHints":{"allow":["GET"]}}],"collection":[{"href":"https:\/\/energizer.com\/eu\/spain\/wp-json\/wp\/v2\/product"}],"about":[{"href":"https:\/\/energizer.com\/eu\/spain\/wp-json\/wp\/v2\/types\/product"}],"replies":[{"embeddable":true,"href":"https:\/\/energizer.com\/eu\/spain\/wp-json\/wp\/v2\/comments?post=5279"}],"version-history":[{"count":4,"href":"https:\/\/energizer.com\/eu\/spain\/wp-json\/wp\/v2\/product\/5279\/revisions"}],"predecessor-version":[{"id":9176,"href":"https:\/\/energizer.com\/eu\/spain\/wp-json\/wp\/v2\/product\/5279\/revisions\/9176"}],"wp:attachment":[{"href":"https:\/\/energizer.com\/eu\/spain\/wp-json\/wp\/v2\/media?parent=5279"}],"wp:term":[{"taxonomy":"product_brand","embeddable":true,"href":"https:\/\/energizer.com\/eu\/spain\/wp-json\/wp\/v2\/product_brand?post=5279"},{"taxonomy":"product_cat","embeddable":true,"href":"https:\/\/energizer.com\/eu\/spain\/wp-json\/wp\/v2\/product_cat?post=5279"},{"taxonomy":"product_tag","embeddable":true,"href":"https:\/\/energizer.com\/eu\/spain\/wp-json\/wp\/v2\/product_tag?post=5279"}],"curies":[{"name":"wp","href":"https:\/\/api.w.org\/{rel}","templated":true}]}}