{"id":5283,"date":"2024-05-22T05:55:13","date_gmt":"2024-05-22T05:55:13","guid":{"rendered":"https:\/\/23b13e8ab3.nxcli.io\/spain\/?post_type=product&#038;p=5283"},"modified":"2024-08-23T09:21:54","modified_gmt":"2024-08-23T09:21:54","slug":"energizer-bike-light","status":"publish","type":"product","link":"https:\/\/energizer.com\/eu\/spain\/product\/energizer-bike-light\/","title":{"rendered":"Energizer Bike Light"},"content":{"rendered":"<ul>\n<li>Luz delantera para bicicleta Energizer y luz trasera para bicicleta con pilas AAA Energizer<\/li>\n<li>La brillante luz delantera para bicicleta emite 130 l\u00famenes durante hasta 6 horas<\/li>\n<li>El radio de 220 grados de salida de luz de la luz trasera te hace visible desde m\u00e1s \u00e1ngulos<\/li>\n<li>Perfecta como luz para bicicleta de carretera o de monta\u00f1a<\/li>\n<li>IPX4 resistente al agua y a impactos de hasta 3 pies<\/li>\n<li>La luz de clip compacta y liviana se siente como si fuera parte de tu bicicleta<\/li>\n<li>Conf\u00eda en Energizer para ofrecer el potente rendimiento que prometemos: todas las luces Energizer se prueban de forma independiente y cumplen con los est\u00e1ndares ANSI estrictos y confiables<\/li>\n<\/ul>\n","protected":false},"excerpt":{"rendered":"<p>Ilumina tu camino con la luz para bicicleta Energizer. Esta luz LED con clip incluye una luz delantera y una luz trasera para ayudarte a ver y ser visto, ya sea que est\u00e9 conduciendo por la carretera o por senderos oscuros. La luz delantera para bicicleta cuenta con una lente \u00f3ptica precisa para proyectar una iluminaci\u00f3n concentrada que viaja en l\u00ednea recta y emite un haz de luz de aproximadamente 53 metros. Hasta 14 veces m\u00e1s brillante que la tecnolog\u00eda LED est\u00e1ndar, la luz frontal tambi\u00e9n tiene un modo de parpadeo para emergencias. La luz trasera cuenta con LED rojos intermitentes y un radio de salida de luz de 220 grados para verse desde m\u00e1s \u00e1ngulos. Ambas luces para bicicletas presentan un dise\u00f1o compacto y liviano con una lente a prueba de roturas para uso todo terreno. La instalaci\u00f3n es r\u00e1pida y f\u00e1cil. La luz de clip LED frontal se monta en el manillar con un soporte f\u00e1cil de usar, lo que la hace sentir como parte de su bicicleta. O puede separar la peque\u00f1a luz del soporte para usarla como mini linterna. La luz trasera viene con presillas de goma de varios tama\u00f1os para fijarla r\u00e1pidamente a su bicicleta, aline\u00e1ndola c\u00f3modamente con la tija del sill\u00edn. Conf\u00ede en Energizer para obtener un rendimiento confiable en cualquier situaci\u00f3n.<\/p>\n","protected":false},"featured_media":0,"comment_status":"open","ping_status":"closed","template":"","meta":{"_acf_changed":false},"product_brand":[],"product_cat":[43],"product_tag":[],"class_list":{"0":"post-5283","1":"product","2":"type-product","3":"status-publish","5":"product_cat-hands-free","7":"first","8":"instock","9":"shipping-taxable","10":"product-type-simple"},"acf":[],"_links":{"self":[{"href":"https:\/\/energizer.com\/eu\/spain\/wp-json\/wp\/v2\/product\/5283","targetHints":{"allow":["GET"]}}],"collection":[{"href":"https:\/\/energizer.com\/eu\/spain\/wp-json\/wp\/v2\/product"}],"about":[{"href":"https:\/\/energizer.com\/eu\/spain\/wp-json\/wp\/v2\/types\/product"}],"replies":[{"embeddable":true,"href":"https:\/\/energizer.com\/eu\/spain\/wp-json\/wp\/v2\/comments?post=5283"}],"version-history":[{"count":7,"href":"https:\/\/energizer.com\/eu\/spain\/wp-json\/wp\/v2\/product\/5283\/revisions"}],"predecessor-version":[{"id":9356,"href":"https:\/\/energizer.com\/eu\/spain\/wp-json\/wp\/v2\/product\/5283\/revisions\/9356"}],"wp:attachment":[{"href":"https:\/\/energizer.com\/eu\/spain\/wp-json\/wp\/v2\/media?parent=5283"}],"wp:term":[{"taxonomy":"product_brand","embeddable":true,"href":"https:\/\/energizer.com\/eu\/spain\/wp-json\/wp\/v2\/product_brand?post=5283"},{"taxonomy":"product_cat","embeddable":true,"href":"https:\/\/energizer.com\/eu\/spain\/wp-json\/wp\/v2\/product_cat?post=5283"},{"taxonomy":"product_tag","embeddable":true,"href":"https:\/\/energizer.com\/eu\/spain\/wp-json\/wp\/v2\/product_tag?post=5283"}],"curies":[{"name":"wp","href":"https:\/\/api.w.org\/{rel}","templated":true}]}}