{"id":5285,"date":"2024-05-22T05:57:50","date_gmt":"2024-05-22T05:57:50","guid":{"rendered":"https:\/\/23b13e8ab3.nxcli.io\/spain\/?post_type=product&#038;p=5285"},"modified":"2024-12-24T10:57:25","modified_gmt":"2024-12-24T10:57:25","slug":"energizer-stranger-things","status":"publish","type":"product","link":"https:\/\/energizer.com\/eu\/spain\/product\/energizer-stranger-things\/","title":{"rendered":"Energizer Stranger Things"},"content":{"rendered":"<ul>\n<li>Linterna LED de caza de Demogorgon de edici\u00f3n limitada Stranger Things de Energizer, 2 pilas D (alcalinas) incluidas<\/li>\n<li>La bombilla LED es lo suficientemente potente como para brillar intensamente hasta 80 horas, lo que hace que esta Linterna de larga duraci\u00f3n de Energizer sea perfecta para cazar Demogorgons<\/li>\n<li>La linterna LED Energizer de 151 l\u00famenes brilla hasta 90 metros para iluminar tu camino mientras te aventuras por Hawkins y el Upside Down<\/li>\n<li>Con un aspecto vintage, esta linterna LED retro presenta detalles grabados con l\u00e1ser, un interruptor de bot\u00f3n amarillo, un anillo para colgar incorporado y un cuerpo acanalado resistente al agua<\/li>\n<li>El logotipo del Laboratorio Nacional Hawkins y la firma de un personaje especial le indican a qui\u00e9n pertenece esta linterna<\/li>\n<li>El c\u00f3digo Morse de la linterna tiene un secreto urgente que debes descifrar antes de que los Demogorgons te atrapen<\/li>\n<li>El compartimento secreto revela un mensaje oculto<\/li>\n<li>Conf\u00eda en la marca Energizer para obtener potencia y confiabilidad incomparables<\/li>\n<\/ul>\n","protected":false},"excerpt":{"rendered":"<p>La linterna de caza Demogorgon de Energizer Stranger Things de edici\u00f3n limitada no solo es una linterna pr\u00e1ctica y poderosa, sino que tambi\u00e9n es el art\u00edculo de colecci\u00f3n perfecto para todos los fan\u00e1ticos de Stranger Things. Esta linterna LED aprovecha suficiente potencia para ver en la oscuridad hasta 80 horas y es ideal para cazar Demogorgons. Se incluyen dos pilas alcalinas D para alimentar esta brillante linterna LED. Con 150 l\u00famenes, esta linterna para acampar ilumina hasta 90 metros, para que puedas iluminar el Laboratorio Nacional Hawkins, incluso el Upside Down. Energizer recuper\u00f3 su estilo cl\u00e1sico de los 80 para crear esta linterna plateada retro. Equipado con detalles grabados con l\u00e1ser, un cl\u00e1sico interruptor de bot\u00f3n amarillo, un colgador de anillo incorporado y un cuerpo acanalado resistente al agua. Esta linterna de pila D presenta de manera destacada el logotipo oficial del Laboratorio Nacional Hawkins, para que sepas que est\u00e1s obteniendo el aut\u00e9ntico. Tambi\u00e9n hay un c\u00f3digo morse en la linterna de metal. \u00bfPodr\u00e1s descifrar el c\u00f3digo antes de que sea demasiado tarde y los Demogorgons te atrapen? El compartimento oculto de esta gran linterna contiene un mensaje secreto: \u00a1nunca creer\u00e1s lo que dice! Descubre a qui\u00e9n pertenece esta linterna con la firma de un personaje especial. \u00a1Aseg\u00farate de sintonizar la temporada 4 de Stranger Things en Netflix para ver esta Linterna Energizer en acci\u00f3n! Puede confiar en Energizer para obtener un rendimiento de confianza en cualquier situaci\u00f3n.<\/p>\n","protected":false},"featured_media":0,"comment_status":"open","ping_status":"closed","template":"","meta":{"_acf_changed":false},"product_brand":[],"product_cat":[97],"product_tag":[],"class_list":{"0":"post-5285","1":"product","2":"type-product","3":"status-publish","5":"product_cat-handheld","7":"first","8":"instock","9":"shipping-taxable","10":"product-type-simple"},"acf":[],"_links":{"self":[{"href":"https:\/\/energizer.com\/eu\/spain\/wp-json\/wp\/v2\/product\/5285","targetHints":{"allow":["GET"]}}],"collection":[{"href":"https:\/\/energizer.com\/eu\/spain\/wp-json\/wp\/v2\/product"}],"about":[{"href":"https:\/\/energizer.com\/eu\/spain\/wp-json\/wp\/v2\/types\/product"}],"replies":[{"embeddable":true,"href":"https:\/\/energizer.com\/eu\/spain\/wp-json\/wp\/v2\/comments?post=5285"}],"version-history":[{"count":8,"href":"https:\/\/energizer.com\/eu\/spain\/wp-json\/wp\/v2\/product\/5285\/revisions"}],"predecessor-version":[{"id":10955,"href":"https:\/\/energizer.com\/eu\/spain\/wp-json\/wp\/v2\/product\/5285\/revisions\/10955"}],"wp:attachment":[{"href":"https:\/\/energizer.com\/eu\/spain\/wp-json\/wp\/v2\/media?parent=5285"}],"wp:term":[{"taxonomy":"product_brand","embeddable":true,"href":"https:\/\/energizer.com\/eu\/spain\/wp-json\/wp\/v2\/product_brand?post=5285"},{"taxonomy":"product_cat","embeddable":true,"href":"https:\/\/energizer.com\/eu\/spain\/wp-json\/wp\/v2\/product_cat?post=5285"},{"taxonomy":"product_tag","embeddable":true,"href":"https:\/\/energizer.com\/eu\/spain\/wp-json\/wp\/v2\/product_tag?post=5285"}],"curies":[{"name":"wp","href":"https:\/\/api.w.org\/{rel}","templated":true}]}}