{"id":5292,"date":"2024-05-22T06:33:18","date_gmt":"2024-05-22T06:33:18","guid":{"rendered":"https:\/\/23b13e8ab3.nxcli.io\/spain\/?post_type=product&#038;p=5292"},"modified":"2024-08-23T09:23:54","modified_gmt":"2024-08-23T09:23:54","slug":"energizer-paw-patrol-lantern","status":"publish","type":"product","link":"https:\/\/energizer.com\/eu\/spain\/product\/energizer-paw-patrol-lantern\/","title":{"rendered":"Energizer PAW PATROL Lantern"},"content":{"rendered":"<ul>\n<li>Linterna LED para ni\u00f1os Energizer PAW Patrol<\/li>\n<li>La linterna para ni\u00f1os es f\u00e1cil de operar y divertida para jugar<\/li>\n<li>Ideal para acampar, jugar en el patio trasero y explorar de noche<\/li>\n<li>La linterna emite un suave brillo durante hasta 17 horas<\/li>\n<li>La linterna LED es resistente a impactos de hasta 1 metro y resistente al agua de nivel IPX4<\/li>\n<li>Dise\u00f1o de pl\u00e1stico liviano con lente a prueba de roturas para facilitar su transporte<\/li>\n<li>Conf\u00ede en Energizer para obtener un rendimiento confiable en cualquier situaci\u00f3n<\/li>\n<\/ul>\n","protected":false},"excerpt":{"rendered":"<p>Deje que su hijo ilumine la noche con la linterna LED Energizer PAW Patrol. La linterna liviana es f\u00e1cil de transportar y cabe en manos peque\u00f1as. Las linternas para ni\u00f1os son una excelente manera para que los ni\u00f1os exploren la oscuridad de manera segura, ya sea en el patio trasero, en viajes de campamento o jugando en el interior. La linterna LED emite un suave brillo para hacer que la oscuridad sea m\u00e1s acogedora. Adem\u00e1s, cada linterna LED presenta un tema colorido que combina con los juguetes de PAW Patrol de su hijo. La linterna infantil cuenta con un clip retr\u00e1ctil que facilita llevarla a donde necesite luz adicional. Adem\u00e1s, la base de la linterna es lo suficientemente resistente como para descansar sobre la mayor\u00eda de las superficies. Para un rendimiento confiable en cualquier situaci\u00f3n, conf\u00ede en Energizer.<\/p>\n","protected":false},"featured_media":0,"comment_status":"open","ping_status":"closed","template":"","meta":{"_acf_changed":false},"product_brand":[],"product_cat":[45],"product_tag":[],"class_list":{"0":"post-5292","1":"product","2":"type-product","3":"status-publish","5":"product_cat-novelty","7":"first","8":"instock","9":"shipping-taxable","10":"product-type-simple"},"acf":[],"_links":{"self":[{"href":"https:\/\/energizer.com\/eu\/spain\/wp-json\/wp\/v2\/product\/5292","targetHints":{"allow":["GET"]}}],"collection":[{"href":"https:\/\/energizer.com\/eu\/spain\/wp-json\/wp\/v2\/product"}],"about":[{"href":"https:\/\/energizer.com\/eu\/spain\/wp-json\/wp\/v2\/types\/product"}],"replies":[{"embeddable":true,"href":"https:\/\/energizer.com\/eu\/spain\/wp-json\/wp\/v2\/comments?post=5292"}],"version-history":[{"count":6,"href":"https:\/\/energizer.com\/eu\/spain\/wp-json\/wp\/v2\/product\/5292\/revisions"}],"predecessor-version":[{"id":9357,"href":"https:\/\/energizer.com\/eu\/spain\/wp-json\/wp\/v2\/product\/5292\/revisions\/9357"}],"wp:attachment":[{"href":"https:\/\/energizer.com\/eu\/spain\/wp-json\/wp\/v2\/media?parent=5292"}],"wp:term":[{"taxonomy":"product_brand","embeddable":true,"href":"https:\/\/energizer.com\/eu\/spain\/wp-json\/wp\/v2\/product_brand?post=5292"},{"taxonomy":"product_cat","embeddable":true,"href":"https:\/\/energizer.com\/eu\/spain\/wp-json\/wp\/v2\/product_cat?post=5292"},{"taxonomy":"product_tag","embeddable":true,"href":"https:\/\/energizer.com\/eu\/spain\/wp-json\/wp\/v2\/product_tag?post=5292"}],"curies":[{"name":"wp","href":"https:\/\/api.w.org\/{rel}","templated":true}]}}