{"id":5295,"date":"2024-05-22T06:34:43","date_gmt":"2024-05-22T06:34:43","guid":{"rendered":"https:\/\/23b13e8ab3.nxcli.io\/spain\/?post_type=product&#038;p=5295"},"modified":"2024-12-10T08:03:12","modified_gmt":"2024-12-10T08:03:12","slug":"energizer-paw-patrol-15-hh-os-pphh22y","status":"publish","type":"product","link":"https:\/\/energizer.com\/eu\/spain\/product\/energizer-paw-patrol-15-hh-os-pphh22y\/","title":{"rendered":"Energizer PAW PATROL BLUE"},"content":{"rendered":"<ul>\n<li>Linterna LED Energizer PAW Patrol con dos (2) pilas Energizer MAX AAA<\/li>\n<li>Linterna peque\u00f1a para ni\u00f1os con bonito dise\u00f1o de la Patrulla Canina<\/li>\n<li>Los ni\u00f1os exploran el aire libre y se divierten en el interior con linternas infantiles<\/li>\n<li>Emite un brillo suave que brilla hasta por 72 horas<\/li>\n<li>Linterna de pl\u00e1stico de la Patrulla Canina con lente irrompible y cuerpo resistente a impactos de hasta 0.91 metros<\/li>\n<li>La linterna para ni\u00f1os con agarre c\u00f3modo cabe f\u00e1cilmente en las manos de los ni\u00f1os<\/li>\n<li>Conf\u00ede en Energizer para obtener un rendimiento confiable en cualquier situaci\u00f3n<\/li>\n<\/ul>\n","protected":false},"excerpt":{"rendered":"<p>Haga que la oscuridad sea divertida para los ni\u00f1os con la linterna LED Energizer PAW Patrol. Al emitir un brillo suave, las linternas para ni\u00f1os pueden ayudar a los ni\u00f1os a jugar y explorar en la oscuridad, ya sea en el interior o en el patio trasero por la noche. Peque\u00f1a y liviana, esta linterna para ni\u00f1os proporciona una iluminaci\u00f3n segura para ni\u00f1os de 3 a\u00f1os en adelante. La luz LED de pl\u00e1stico cuenta con una lente irrompible y un cuerpo resistente a impactos de hasta 0.91 metros. Un dise\u00f1o de bot\u00f3n f\u00e1cil de operar y un dise\u00f1o de agarre c\u00f3modo hacen que la operaci\u00f3n sea sencilla incluso para la mano m\u00e1s peque\u00f1a, y un asa incorporada le permite colgar la luz alimentada por pilas al alcance de su hijo. El colorido dise\u00f1o combina con sus otros juguetes de la Patrulla Canina. Un tiempo de funcionamiento de 72 horas significa que esta linterna compacta durar\u00e1 cualquier tiempo de juego sin agotar la pila.<\/p>\n","protected":false},"featured_media":0,"comment_status":"open","ping_status":"closed","template":"","meta":{"_acf_changed":false},"product_brand":[],"product_cat":[45],"product_tag":[],"class_list":{"0":"post-5295","1":"product","2":"type-product","3":"status-publish","5":"product_cat-novelty","7":"first","8":"instock","9":"shipping-taxable","10":"product-type-simple"},"acf":[],"_links":{"self":[{"href":"https:\/\/energizer.com\/eu\/spain\/wp-json\/wp\/v2\/product\/5295","targetHints":{"allow":["GET"]}}],"collection":[{"href":"https:\/\/energizer.com\/eu\/spain\/wp-json\/wp\/v2\/product"}],"about":[{"href":"https:\/\/energizer.com\/eu\/spain\/wp-json\/wp\/v2\/types\/product"}],"replies":[{"embeddable":true,"href":"https:\/\/energizer.com\/eu\/spain\/wp-json\/wp\/v2\/comments?post=5295"}],"version-history":[{"count":8,"href":"https:\/\/energizer.com\/eu\/spain\/wp-json\/wp\/v2\/product\/5295\/revisions"}],"predecessor-version":[{"id":10925,"href":"https:\/\/energizer.com\/eu\/spain\/wp-json\/wp\/v2\/product\/5295\/revisions\/10925"}],"wp:attachment":[{"href":"https:\/\/energizer.com\/eu\/spain\/wp-json\/wp\/v2\/media?parent=5295"}],"wp:term":[{"taxonomy":"product_brand","embeddable":true,"href":"https:\/\/energizer.com\/eu\/spain\/wp-json\/wp\/v2\/product_brand?post=5295"},{"taxonomy":"product_cat","embeddable":true,"href":"https:\/\/energizer.com\/eu\/spain\/wp-json\/wp\/v2\/product_cat?post=5295"},{"taxonomy":"product_tag","embeddable":true,"href":"https:\/\/energizer.com\/eu\/spain\/wp-json\/wp\/v2\/product_tag?post=5295"}],"curies":[{"name":"wp","href":"https:\/\/api.w.org\/{rel}","templated":true}]}}