{"id":5301,"date":"2024-05-22T06:48:05","date_gmt":"2024-05-22T06:48:05","guid":{"rendered":"https:\/\/23b13e8ab3.nxcli.io\/spain\/?post_type=product&#038;p=5301"},"modified":"2024-12-09T13:22:24","modified_gmt":"2024-12-09T13:22:24","slug":"energizer-paw-patrol-squeezelight","status":"publish","type":"product","link":"https:\/\/energizer.com\/eu\/spain\/product\/energizer-paw-patrol-squeezelight\/","title":{"rendered":"Energizer PAW PATROL Squeeze Light Skye"},"content":{"rendered":"<ul>\n<li>Linterna LED Energizer PAW Patrol Squeeze &#8211; Skye<\/li>\n<li>Linterna peque\u00f1a para ni\u00f1os con la forma del personaje favorito de PAW Patrol de tu hijo<\/li>\n<li>La linterna Infantil fomenta la diversi\u00f3n y la creatividad en la oscuridad<\/li>\n<li>La luz LED emite un brillo c\u00e1lido<\/li>\n<li>Presiona simult\u00e1neamente la espalda y el est\u00f3mago del cachorro para encender la linterna de ni\u00f1os<\/li>\n<li>Conf\u00eda en Energizer para obtener un rendimiento confiable en cualquier situaci\u00f3n<\/li>\n<\/ul>\n","protected":false},"excerpt":{"rendered":"<p>Ilumina el tiempo de juego de tu hijo con la linterna LED Energizer PAW Patrol Squeeze. Para ni\u00f1os de 3 a\u00f1os en adelante, esta luz que funciona con pilas combina una linterna compacta con los juguetes favoritos de la Patrulla Canina de su hijo. Su hijo puede llevar a Skye a la hora de dormir, durante los paseos nocturnos o simplemente jugando en el interior despu\u00e9s del anochecer. Adem\u00e1s, las linternas para ni\u00f1os son f\u00e1ciles de operar. Simplemente presione la espalda y el est\u00f3mago del cachorro para encenderlo. Para mayor seguridad, la linterna infantil se apaga autom\u00e1ticamente cuando se sueltan los botones. La linterna infantil cuenta con una luz LED que proporciona un brillo c\u00e1lido. La linterna PAW Patrol incluye dos bater\u00edas Energizer no reemplazables para usar nada m\u00e1s sacarlas de la caja.<\/p>\n","protected":false},"featured_media":0,"comment_status":"open","ping_status":"closed","template":"","meta":{"_acf_changed":false},"product_brand":[],"product_cat":[45],"product_tag":[],"class_list":{"0":"post-5301","1":"product","2":"type-product","3":"status-publish","5":"product_cat-novelty","7":"first","8":"instock","9":"shipping-taxable","10":"product-type-simple"},"acf":[],"_links":{"self":[{"href":"https:\/\/energizer.com\/eu\/spain\/wp-json\/wp\/v2\/product\/5301","targetHints":{"allow":["GET"]}}],"collection":[{"href":"https:\/\/energizer.com\/eu\/spain\/wp-json\/wp\/v2\/product"}],"about":[{"href":"https:\/\/energizer.com\/eu\/spain\/wp-json\/wp\/v2\/types\/product"}],"replies":[{"embeddable":true,"href":"https:\/\/energizer.com\/eu\/spain\/wp-json\/wp\/v2\/comments?post=5301"}],"version-history":[{"count":8,"href":"https:\/\/energizer.com\/eu\/spain\/wp-json\/wp\/v2\/product\/5301\/revisions"}],"predecessor-version":[{"id":10906,"href":"https:\/\/energizer.com\/eu\/spain\/wp-json\/wp\/v2\/product\/5301\/revisions\/10906"}],"wp:attachment":[{"href":"https:\/\/energizer.com\/eu\/spain\/wp-json\/wp\/v2\/media?parent=5301"}],"wp:term":[{"taxonomy":"product_brand","embeddable":true,"href":"https:\/\/energizer.com\/eu\/spain\/wp-json\/wp\/v2\/product_brand?post=5301"},{"taxonomy":"product_cat","embeddable":true,"href":"https:\/\/energizer.com\/eu\/spain\/wp-json\/wp\/v2\/product_cat?post=5301"},{"taxonomy":"product_tag","embeddable":true,"href":"https:\/\/energizer.com\/eu\/spain\/wp-json\/wp\/v2\/product_tag?post=5301"}],"curies":[{"name":"wp","href":"https:\/\/api.w.org\/{rel}","templated":true}]}}