{"id":5303,"date":"2024-05-22T06:49:32","date_gmt":"2024-05-22T06:49:32","guid":{"rendered":"https:\/\/23b13e8ab3.nxcli.io\/spain\/?post_type=product&#038;p=5303"},"modified":"2024-08-23T09:21:53","modified_gmt":"2024-08-23T09:21:53","slug":"enr-eu-tier1hdl10-250-hl-tr-t11a32","status":"publish","type":"product","link":"https:\/\/energizer.com\/eu\/spain\/product\/enr-eu-tier1hdl10-250-hl-tr-t11a32\/","title":{"rendered":"Energizer HEADLAMP HDL10"},"content":{"rendered":"<ul>\n<li>Linterna de cabeza LED Energizer HDL10 con 3 pilas AAA Energizer<\/li>\n<li>Linterna de cabeza brillante que proporciona iluminaci\u00f3n integral para uso con manos libres<\/li>\n<li>La linterna de cabeza LED perfecta para el hogar, el trabajo y las actividades al aire libre<\/li>\n<li>Produce 250 l\u00famenes con un haz de 196 metros durante hasta 7 horas en modo alto<\/li>\n<li>Lente IPX4 resistente al agua, a prueba de roturas y resistente a impactos de hasta 0.91 metros<\/li>\n<li>El cabezal giratorio antirreflejos dirige la luz y las correas ajustables ofrecen un ajuste c\u00f3modo alrededor de la cabeza<\/li>\n<li>Conf\u00ede en la marca Energizer para obtener energ\u00eda y rendimiento confiables en cualquier situaci\u00f3n<\/li>\n<\/ul>\n","protected":false},"excerpt":{"rendered":"<p>La linterna de cabeza LED Energizer HDL10 ofrece una luz LED brillante para una potente iluminaci\u00f3n exterior. Esta linterna de cabeza Energizer ofrece una buena cobertura para actividades al aire libre, como senderismo, ciclismo y acampada, as\u00ed como para tareas dom\u00e9sticas y laborales. Con 250 l\u00famenes, esta linterna Energizer tiene una potente luz LED blanca que dura hasta 7 horas en modo alto. Los modos alto y bajo le permiten ajustar la intensidad del haz con un bot\u00f3n para cambiar f\u00e1cilmente. Un cabezal giratorio dirige la luz exactamente donde la necesita y el dise\u00f1o liviano cuenta con una correa ajustable para un uso c\u00f3modo. Con una lente a prueba de roturas y un cuerpo resistente al agua, esta linterna frontal LED Energizer es confiable en condiciones clim\u00e1ticas exteriores y entornos hostiles. Conf\u00ede en Energizer para ofrecer el potente rendimiento que prometemos: las luces Energizer se prueban y cumplen con est\u00e1ndares ANSI estrictos y confiables.<\/p>\n","protected":false},"featured_media":0,"comment_status":"open","ping_status":"closed","template":"","meta":{"_acf_changed":false},"product_brand":[],"product_cat":[43],"product_tag":[],"class_list":{"0":"post-5303","1":"product","2":"type-product","3":"status-publish","5":"product_cat-hands-free","7":"first","8":"instock","9":"shipping-taxable","10":"product-type-simple"},"acf":[],"_links":{"self":[{"href":"https:\/\/energizer.com\/eu\/spain\/wp-json\/wp\/v2\/product\/5303","targetHints":{"allow":["GET"]}}],"collection":[{"href":"https:\/\/energizer.com\/eu\/spain\/wp-json\/wp\/v2\/product"}],"about":[{"href":"https:\/\/energizer.com\/eu\/spain\/wp-json\/wp\/v2\/types\/product"}],"replies":[{"embeddable":true,"href":"https:\/\/energizer.com\/eu\/spain\/wp-json\/wp\/v2\/comments?post=5303"}],"version-history":[{"count":6,"href":"https:\/\/energizer.com\/eu\/spain\/wp-json\/wp\/v2\/product\/5303\/revisions"}],"predecessor-version":[{"id":9362,"href":"https:\/\/energizer.com\/eu\/spain\/wp-json\/wp\/v2\/product\/5303\/revisions\/9362"}],"wp:attachment":[{"href":"https:\/\/energizer.com\/eu\/spain\/wp-json\/wp\/v2\/media?parent=5303"}],"wp:term":[{"taxonomy":"product_brand","embeddable":true,"href":"https:\/\/energizer.com\/eu\/spain\/wp-json\/wp\/v2\/product_brand?post=5303"},{"taxonomy":"product_cat","embeddable":true,"href":"https:\/\/energizer.com\/eu\/spain\/wp-json\/wp\/v2\/product_cat?post=5303"},{"taxonomy":"product_tag","embeddable":true,"href":"https:\/\/energizer.com\/eu\/spain\/wp-json\/wp\/v2\/product_tag?post=5303"}],"curies":[{"name":"wp","href":"https:\/\/api.w.org\/{rel}","templated":true}]}}