{"id":5305,"date":"2024-05-22T06:50:50","date_gmt":"2024-05-22T06:50:50","guid":{"rendered":"https:\/\/23b13e8ab3.nxcli.io\/spain\/?post_type=product&#038;p=5305"},"modified":"2024-12-09T12:13:02","modified_gmt":"2024-12-09T12:13:02","slug":"energizer-vision-hd-350-headlight","status":"publish","type":"product","link":"https:\/\/energizer.com\/eu\/spain\/product\/energizer-vision-hd-350-headlight\/","title":{"rendered":"Energizer VISION HD+ 350 Headlight"},"content":{"rendered":"<ul>\n<li>Linterna frontal LED Energizer Vision HD+ con 3 pilas AAA incluidas<\/li>\n<li>Tecnolog\u00eda LED: Esta potente linterna frontal de 350 l\u00famenes tiene un alcance de 80 metros y proporciona una luz 4 veces m\u00e1s brillante que la tecnolog\u00eda LED est\u00e1ndar<\/li>\n<li>Tecnolog\u00eda Next Push Off: Evite pasar por ciclos adicionales y apague su faro LED Energizer inmediatamente con una sola pulsaci\u00f3n<\/li>\n<li>Construcci\u00f3n duradera: Ideal para un uso prolongado, esta linterna de cabeza Energizer resistente al agua IPX4 resiste la prueba de ca\u00edda desde 1 metro<\/li>\n<li>Linterna manos libres vers\u00e1til: Esta linterna manos libres compacta y f\u00e1cil de usar te cubre en caso de cortes de energ\u00eda, hazlo t\u00fa mismo y m\u00e1s<\/li>\n<li>Dise\u00f1o conveniente: Luz directa donde la necesites usando esta linterna de cabeza liviana con cabezal pivotante<\/li>\n<li>Energ\u00eda confiable: Conf\u00eda en Energizer para ofrecer el potente rendimiento que prometemos: todas las luces Energizer se prueban y cumplen con los est\u00e1ndares ANSI estrictos y confiables<\/li>\n<\/ul>\n","protected":false},"excerpt":{"rendered":"<p>Mant\u00e9n tus manos libres y disfruta al m\u00e1ximo de cada aventura con este faro ligero y vers\u00e1til. La linterna frontal LED Energizer Vision HD+ es compacta y manos libres, ideal para bricolaje y actividades que requieren ambas manos. E iluminar\u00e1 tu camino en cualquier escapada nocturna, ya sea que est\u00e9s acampando, haciendo senderismo o saliendo a correr. Esta linterna de cabeza LED de 350 l\u00famenes iluminar\u00e1 incluso los espacios m\u00e1s oscuros, iluminando hasta 80 metros en modo alto, brind\u00e1ndote amplia luz justo donde la necesitas. Evite pasar por ciclos adicionales gracias a nuestra funci\u00f3n Next Push Off Technology y controle la intensidad de la luz con la opci\u00f3n de conmutaci\u00f3n regulable. Elija el modo de luz perfecto para su actividad, eligiendo entre el modo rojo, el modo de foco alto y luz de inundaci\u00f3n, el modo de foco bajo y luz de inundaci\u00f3n, o el modo de foco alto con luz de inundaci\u00f3n baja. El conveniente dise\u00f1o y la construcci\u00f3n duradera y resistente al agua de esta linterna frontal Energizer ofrecen comodidad y versatilidad \u00f3ptimas para cualquier aventura en interiores o exteriores. Energizer, que abri\u00f3 el camino en la iluminaci\u00f3n port\u00e1til durante m\u00e1s de 120 a\u00f1os, present\u00f3 la primera linterna resistente al agua del mundo en 1970. Energizer hace que iluminar su camino sea f\u00e1cil.<\/p>\n","protected":false},"featured_media":0,"comment_status":"open","ping_status":"closed","template":"","meta":{"_acf_changed":false},"product_brand":[],"product_cat":[43],"product_tag":[],"class_list":{"0":"post-5305","1":"product","2":"type-product","3":"status-publish","5":"product_cat-hands-free","7":"first","8":"instock","9":"shipping-taxable","10":"product-type-simple"},"acf":[],"_links":{"self":[{"href":"https:\/\/energizer.com\/eu\/spain\/wp-json\/wp\/v2\/product\/5305","targetHints":{"allow":["GET"]}}],"collection":[{"href":"https:\/\/energizer.com\/eu\/spain\/wp-json\/wp\/v2\/product"}],"about":[{"href":"https:\/\/energizer.com\/eu\/spain\/wp-json\/wp\/v2\/types\/product"}],"replies":[{"embeddable":true,"href":"https:\/\/energizer.com\/eu\/spain\/wp-json\/wp\/v2\/comments?post=5305"}],"version-history":[{"count":8,"href":"https:\/\/energizer.com\/eu\/spain\/wp-json\/wp\/v2\/product\/5305\/revisions"}],"predecessor-version":[{"id":10870,"href":"https:\/\/energizer.com\/eu\/spain\/wp-json\/wp\/v2\/product\/5305\/revisions\/10870"}],"wp:attachment":[{"href":"https:\/\/energizer.com\/eu\/spain\/wp-json\/wp\/v2\/media?parent=5305"}],"wp:term":[{"taxonomy":"product_brand","embeddable":true,"href":"https:\/\/energizer.com\/eu\/spain\/wp-json\/wp\/v2\/product_brand?post=5305"},{"taxonomy":"product_cat","embeddable":true,"href":"https:\/\/energizer.com\/eu\/spain\/wp-json\/wp\/v2\/product_cat?post=5305"},{"taxonomy":"product_tag","embeddable":true,"href":"https:\/\/energizer.com\/eu\/spain\/wp-json\/wp\/v2\/product_tag?post=5305"}],"curies":[{"name":"wp","href":"https:\/\/api.w.org\/{rel}","templated":true}]}}