{"id":5359,"date":"2024-05-22T07:35:41","date_gmt":"2024-05-22T07:35:41","guid":{"rendered":"https:\/\/23b13e8ab3.nxcli.io\/spain\/?post_type=product&#038;p=5359"},"modified":"2024-11-26T13:09:51","modified_gmt":"2024-11-26T13:09:51","slug":"energizer-fusioncompact2in1","status":"publish","type":"product","link":"https:\/\/energizer.com\/eu\/spain\/product\/energizer-fusioncompact2in1\/","title":{"rendered":"Energizer Fusion Compact 2 in 1"},"content":{"rendered":"<ul>\n<li>Dos luces en una: linterna de doble funci\u00f3n y antorcha funcionan con 2 pilas Energizer MAX AAA (incluidas)<\/li>\n<li>Ofrece 60 l\u00famenes* de luz LED vibrante que dura 15 horas**, todo en un c\u00f3modo estuche de bolsillo<\/li>\n<li>Su construcci\u00f3n robusta y resistente al agua y una ranura para cord\u00f3n lo hacen perfecto tanto para uso dom\u00e9stico como al aire libre, desde cortes de energ\u00eda hasta paseos nocturnos con perros<\/li>\n<li>Cambie f\u00e1cilmente la luz entre los modos focal y de \u00e1rea con solo tocar un solo bot\u00f3n<\/li>\n<li>El dise\u00f1o delgado y liviano es ideal para guardar en cualquier lugar donde pueda necesitar una linterna de emergencia o una linterna LED<\/li>\n<\/ul>\n","protected":false},"excerpt":{"rendered":"<p>Perfecta para bolsillos, carteras, consolas de autom\u00f3viles y maletines de trabajo, la linterna Energizer Compact 2 en 1 est\u00e1 lista para funcionar con 60 l\u00famenes* de luz LED vibrante. Cambie f\u00e1cilmente entre los modos puntual y de \u00e1rea con solo tocar un bot\u00f3n. Con un dise\u00f1o delgado y una construcci\u00f3n liviana, esta luz compacta cabe y va a cualquier lugar. Los lados planos le permiten colocarlo, posicionarlo y trabajar con las manos libres. Se siente como en casa encontrar recuerdos guardados en el desv\u00e1n, revisar debajo de la cama en busca de monstruos o contar personas durante un corte de energ\u00eda. Con 15 horas de funcionamiento** y un estuche resistente al agua, es igual de \u00fatil al aire libre, en campamentos y paseos nocturnos para perros, o en situaciones que requieren luz de emergencia, como problemas con el autom\u00f3vil. Es una mini linterna. Es una linterna LED. Es la vers\u00e1til luz Energizer Compact 2 en 1. Incluye 2 pilas Energizer MAX AAA.<\/p>\n","protected":false},"featured_media":0,"comment_status":"open","ping_status":"closed","template":"","meta":{"_acf_changed":false},"product_brand":[],"product_cat":[97],"product_tag":[],"class_list":{"0":"post-5359","1":"product","2":"type-product","3":"status-publish","5":"product_cat-handheld","7":"first","8":"instock","9":"shipping-taxable","10":"product-type-simple"},"acf":[],"_links":{"self":[{"href":"https:\/\/energizer.com\/eu\/spain\/wp-json\/wp\/v2\/product\/5359","targetHints":{"allow":["GET"]}}],"collection":[{"href":"https:\/\/energizer.com\/eu\/spain\/wp-json\/wp\/v2\/product"}],"about":[{"href":"https:\/\/energizer.com\/eu\/spain\/wp-json\/wp\/v2\/types\/product"}],"replies":[{"embeddable":true,"href":"https:\/\/energizer.com\/eu\/spain\/wp-json\/wp\/v2\/comments?post=5359"}],"version-history":[{"count":8,"href":"https:\/\/energizer.com\/eu\/spain\/wp-json\/wp\/v2\/product\/5359\/revisions"}],"predecessor-version":[{"id":10779,"href":"https:\/\/energizer.com\/eu\/spain\/wp-json\/wp\/v2\/product\/5359\/revisions\/10779"}],"wp:attachment":[{"href":"https:\/\/energizer.com\/eu\/spain\/wp-json\/wp\/v2\/media?parent=5359"}],"wp:term":[{"taxonomy":"product_brand","embeddable":true,"href":"https:\/\/energizer.com\/eu\/spain\/wp-json\/wp\/v2\/product_brand?post=5359"},{"taxonomy":"product_cat","embeddable":true,"href":"https:\/\/energizer.com\/eu\/spain\/wp-json\/wp\/v2\/product_cat?post=5359"},{"taxonomy":"product_tag","embeddable":true,"href":"https:\/\/energizer.com\/eu\/spain\/wp-json\/wp\/v2\/product_tag?post=5359"}],"curies":[{"name":"wp","href":"https:\/\/api.w.org\/{rel}","templated":true}]}}