{"id":5365,"date":"2024-05-22T07:53:44","date_gmt":"2024-05-22T07:53:44","guid":{"rendered":"https:\/\/23b13e8ab3.nxcli.io\/spain\/?post_type=product&#038;p=5365"},"modified":"2024-12-09T12:11:17","modified_gmt":"2024-12-09T12:11:17","slug":"energizer-vision-450-ultra-headlight","status":"publish","type":"product","link":"https:\/\/energizer.com\/eu\/spain\/product\/energizer-vision-450-ultra-headlight\/","title":{"rendered":"Energizer VISION 450 ULTRA Headlight"},"content":{"rendered":"<ul>\n<li>\n<div class=\"jsx-2518687885 relative px-2.5 pb-2\">\n<div class=\"jsx-2518687885 comment-privacy-wrapper\">Linterna de cabeza LED Energizer Vision Ultra HD con tecnolog\u00eda LED y 3 pilas Energizer MAX AAA incluidas<\/div>\n<\/div>\n<\/li>\n<li>Tecnolog\u00eda LED: Esta potente Linterna de cabeza de 450 l\u00famenes tiene un alcance de 85 metros en modo alto: 15 veces m\u00e1s brillante que la tecnolog\u00eda LED est\u00e1ndar<\/li>\n<li>Modo nocturno de luz roja: La luz roja mejora tu visi\u00f3n nocturna para actividades como acampar, pasear perros y hacer caminatas nocturnas<\/li>\n<li>Construcci\u00f3n duradera Ideal para un uso prolongado, esta duradera linterna de cabeza Energizer resiste la prueba de ca\u00edda de 1 metro, con lente irrompible y cuerpo resistente al agua<\/li>\n<li>Linterna manos libres vers\u00e1til: Esta linterna manos libres compacta y f\u00e1cil de usar te cubre en caso de cortes de energ\u00eda, bricolaje y m\u00e1s<\/li>\n<li>Dise\u00f1o pr\u00e1ctico: Luz directa donde la necesites con esta linterna frontal liviana, que ofrece un ajuste firme con una diadema ajustable y un cabezal giratorio<\/li>\n<li>Tecnolog\u00eda de atenuaci\u00f3n inteligente: Ajusta la intensidad del 10 % al 100 % en todos los modos, incluidos alto, puntual y amplio<\/li>\n<\/ul>\n","protected":false},"excerpt":{"rendered":"<p>Mant\u00e9n tus manos libres y disfruta al m\u00e1ximo de cada aventura con esta linterna frontal ligera y vers\u00e1til. La linterna frontal LED Energizer Vision Ultra HD ofrece iluminaci\u00f3n compacta y manos libres, ideal para bricolaje y actividades que requieren ambas manos. Iluminar\u00e1 el camino en tus escapadas nocturnas, ya sea que est\u00e9s acampando, haciendo senderismo o saliendo a correr. Esta linterna frontal de 450 l\u00famenes iluminar\u00e1 incluso los espacios m\u00e1s oscuros, iluminando hasta 85 metros en modo alto y permiti\u00e9ndote ajustar la intensidad de la luz del 100 % al 10 % con tecnolog\u00eda Smart Dimming. Elija el modo de luz perfecto para su actividad, eligiendo entre 7 modos diferentes (incluidos 2 modos de visi\u00f3n nocturna LED): Alto, bajo, amplio, amplio-bajo (tenue), rojo, rojo intermitente y verde. Utilice el modo de visi\u00f3n nocturna rojo para ver mejor en la oscuridad y vea f\u00e1cilmente cuando la bater\u00eda est\u00e1 baja con el indicador rojo de bater\u00eda baja. Incluso puede minimizar el deslumbramiento de los espectadores aumentando lentamente la intensidad de la luz mediante la funci\u00f3n VisionGuard. El conveniente dise\u00f1o y la construcci\u00f3n duradera y resistente al agua de la linterna frontal LED Energizer Vision Ultra HD brindan comodidad y versatilidad \u00f3ptimas. Su banda ajustable, su cabezal pivotante y su lente irrompible lo convierten en una opci\u00f3n c\u00f3moda para cualquier aventura en interiores o exteriores. Energizer, que abri\u00f3 el camino en la iluminaci\u00f3n port\u00e1til durante m\u00e1s de 120 a\u00f1os, present\u00f3 la primera linterna resistente al agua del mundo en 1970. Energizer hace que iluminar su camino sea f\u00e1cil.<\/p>\n","protected":false},"featured_media":0,"comment_status":"open","ping_status":"closed","template":"","meta":{"_acf_changed":false},"product_brand":[],"product_cat":[43],"product_tag":[],"class_list":{"0":"post-5365","1":"product","2":"type-product","3":"status-publish","5":"product_cat-hands-free","7":"first","8":"instock","9":"shipping-taxable","10":"product-type-simple"},"acf":[],"_links":{"self":[{"href":"https:\/\/energizer.com\/eu\/spain\/wp-json\/wp\/v2\/product\/5365","targetHints":{"allow":["GET"]}}],"collection":[{"href":"https:\/\/energizer.com\/eu\/spain\/wp-json\/wp\/v2\/product"}],"about":[{"href":"https:\/\/energizer.com\/eu\/spain\/wp-json\/wp\/v2\/types\/product"}],"replies":[{"embeddable":true,"href":"https:\/\/energizer.com\/eu\/spain\/wp-json\/wp\/v2\/comments?post=5365"}],"version-history":[{"count":7,"href":"https:\/\/energizer.com\/eu\/spain\/wp-json\/wp\/v2\/product\/5365\/revisions"}],"predecessor-version":[{"id":10868,"href":"https:\/\/energizer.com\/eu\/spain\/wp-json\/wp\/v2\/product\/5365\/revisions\/10868"}],"wp:attachment":[{"href":"https:\/\/energizer.com\/eu\/spain\/wp-json\/wp\/v2\/media?parent=5365"}],"wp:term":[{"taxonomy":"product_brand","embeddable":true,"href":"https:\/\/energizer.com\/eu\/spain\/wp-json\/wp\/v2\/product_brand?post=5365"},{"taxonomy":"product_cat","embeddable":true,"href":"https:\/\/energizer.com\/eu\/spain\/wp-json\/wp\/v2\/product_cat?post=5365"},{"taxonomy":"product_tag","embeddable":true,"href":"https:\/\/energizer.com\/eu\/spain\/wp-json\/wp\/v2\/product_tag?post=5365"}],"curies":[{"name":"wp","href":"https:\/\/api.w.org\/{rel}","templated":true}]}}