{"id":5367,"date":"2024-05-22T07:54:44","date_gmt":"2024-05-22T07:54:44","guid":{"rendered":"https:\/\/23b13e8ab3.nxcli.io\/spain\/?post_type=product&#038;p=5367"},"modified":"2024-11-25T12:54:18","modified_gmt":"2024-11-25T12:54:18","slug":"energizer-atex-2aa","status":"publish","type":"product","link":"https:\/\/energizer.com\/eu\/spain\/product\/energizer-atex-2aa\/","title":{"rendered":"Energizer ATEX 2AA"},"content":{"rendered":"<ul>\n<li>Dispositivo port\u00e1til intr\u00ednsecamente seguro (ATEX)<\/li>\n<li>Rango de funcionamiento ambiental de -20 \u00b0C a 40 \u00b0C<\/li>\n<li>Divisi\u00f3n I, Clase I, II y III<\/li>\n<li>IECEx ia seguridad intr\u00ednseca<\/li>\n<li>Nivel de protecci\u00f3n de entrada EN60529 IP67<\/li>\n<li>Carcasa acanalada para un agarre seguro<\/li>\n<li>Probado de acuerdo con el est\u00e1ndar ANSI FL 1 utilizando pilas Energizer MAX<\/li>\n<\/ul>\n","protected":false},"excerpt":{"rendered":"<p>Aprobada por agencias de seguridad globales, la linterna LED Atex intr\u00ednsecamente segura de Energizer es capaz de funcionar en las condiciones m\u00e1s duras. Dise\u00f1ada pensando en el sector industrial, esta linterna de alto rendimiento est\u00e1 certificada con una clasificaci\u00f3n de impermeabilidad IP67 y sobrevive ca\u00edda tras ca\u00edda desde hasta 1 metro. Con el fin de mantener seguro al usuario, un asa para cord\u00f3n facilita el acceso en el trabajo, mientras que el color de seguridad naranja proporciona un reconocimiento instant\u00e1neo. La tecnolog\u00eda LED ofrece una iluminaci\u00f3n constante de hasta 150 l\u00famenes durante una larga duraci\u00f3n de 10 horas para mantenerte activo por m\u00e1s tiempo.<\/p>\n","protected":false},"featured_media":0,"comment_status":"open","ping_status":"closed","template":"","meta":{"_acf_changed":false},"product_brand":[],"product_cat":[97],"product_tag":[],"class_list":{"0":"post-5367","1":"product","2":"type-product","3":"status-publish","5":"product_cat-handheld","7":"first","8":"instock","9":"shipping-taxable","10":"product-type-simple"},"acf":[],"_links":{"self":[{"href":"https:\/\/energizer.com\/eu\/spain\/wp-json\/wp\/v2\/product\/5367","targetHints":{"allow":["GET"]}}],"collection":[{"href":"https:\/\/energizer.com\/eu\/spain\/wp-json\/wp\/v2\/product"}],"about":[{"href":"https:\/\/energizer.com\/eu\/spain\/wp-json\/wp\/v2\/types\/product"}],"replies":[{"embeddable":true,"href":"https:\/\/energizer.com\/eu\/spain\/wp-json\/wp\/v2\/comments?post=5367"}],"version-history":[{"count":8,"href":"https:\/\/energizer.com\/eu\/spain\/wp-json\/wp\/v2\/product\/5367\/revisions"}],"predecessor-version":[{"id":10696,"href":"https:\/\/energizer.com\/eu\/spain\/wp-json\/wp\/v2\/product\/5367\/revisions\/10696"}],"wp:attachment":[{"href":"https:\/\/energizer.com\/eu\/spain\/wp-json\/wp\/v2\/media?parent=5367"}],"wp:term":[{"taxonomy":"product_brand","embeddable":true,"href":"https:\/\/energizer.com\/eu\/spain\/wp-json\/wp\/v2\/product_brand?post=5367"},{"taxonomy":"product_cat","embeddable":true,"href":"https:\/\/energizer.com\/eu\/spain\/wp-json\/wp\/v2\/product_cat?post=5367"},{"taxonomy":"product_tag","embeddable":true,"href":"https:\/\/energizer.com\/eu\/spain\/wp-json\/wp\/v2\/product_tag?post=5367"}],"curies":[{"name":"wp","href":"https:\/\/api.w.org\/{rel}","templated":true}]}}