{"id":5372,"date":"2024-05-22T07:59:31","date_gmt":"2024-05-22T07:59:31","guid":{"rendered":"https:\/\/23b13e8ab3.nxcli.io\/spain\/?post_type=product&#038;p=5372"},"modified":"2024-12-09T06:52:20","modified_gmt":"2024-12-09T06:52:20","slug":"energizer-rechargeable-torch","status":"publish","type":"product","link":"https:\/\/energizer.com\/eu\/spain\/product\/energizer-rechargeable-torch\/","title":{"rendered":"Energizer Rechargeable Torch 1200"},"content":{"rendered":"<ul>\n<li>Energizer Linterna met\u00e1lica recargable Vision HD con enfoque digital y cable de carga USB bidireccional<\/li>\n<li>Linterna superbrillante: Esta linterna LED recargable de 1200 l\u00famenes ofrece un brillo excepcional y un alto rendimiento, lo que le permite ver hasta 200 metros<\/li>\n<li>Enfoque digital: Excelente control del haz con f\u00e1cil uso con una sola mano<\/li>\n<li>Potencia recargable: Esta linterna de metal cuenta con puertos de entrada y salida USB, por lo que puedes usarla para cargar otros dispositivos, as\u00ed como la propia linterna<\/li>\n<li>Construcci\u00f3n duradera: El robusto cuerpo de aluminio de calidad aeron\u00e1utica y la construcci\u00f3n IPX4 brindan protecci\u00f3n contra da\u00f1os y salpicaduras<\/li>\n<li>Horas de ejecuci\u00f3n: La linterna de alta potencia puede iluminar hasta 8 horas en modo bajo<\/li>\n<li>Tecnolog\u00eda MAX-VIZ confiable: La poderosa tecnolog\u00eda de Energizer replica la luz del d\u00eda para una visi\u00f3n de alta definici\u00f3n en la que puede confiar<\/li>\n<\/ul>\n","protected":false},"excerpt":{"rendered":"<p>Ilumine su entorno sin esfuerzo con esta linterna superbrillante de alto rendimiento. La linterna recargable de metal Energizer Vision HD proporciona un brillo excepcional, ya sea que se embarque en una aventura o se prepare para emergencias en el hogar. Ideal para acampar, hacer bricolaje o para cortes de energ\u00eda en casa, su linterna Energizer est\u00e1 a mano para ayudarlo a encontrar su camino en la oscuridad. Esta linterna LED recargable de 1200 l\u00famenes iluminar\u00e1 los espacios m\u00e1s oscuros, iluminando hasta 200 metros en modo alto. Y la funci\u00f3n de enfoque digital le brinda un excelente control del haz con facilidad con una sola mano, pasando suavemente de un brillo n\u00edtido a un enfoque amplio.<\/p>\n","protected":false},"featured_media":0,"comment_status":"open","ping_status":"closed","template":"","meta":{"_acf_changed":false},"product_brand":[],"product_cat":[97],"product_tag":[],"class_list":{"0":"post-5372","1":"product","2":"type-product","3":"status-publish","5":"product_cat-handheld","7":"first","8":"instock","9":"shipping-taxable","10":"product-type-simple"},"acf":[],"_links":{"self":[{"href":"https:\/\/energizer.com\/eu\/spain\/wp-json\/wp\/v2\/product\/5372","targetHints":{"allow":["GET"]}}],"collection":[{"href":"https:\/\/energizer.com\/eu\/spain\/wp-json\/wp\/v2\/product"}],"about":[{"href":"https:\/\/energizer.com\/eu\/spain\/wp-json\/wp\/v2\/types\/product"}],"replies":[{"embeddable":true,"href":"https:\/\/energizer.com\/eu\/spain\/wp-json\/wp\/v2\/comments?post=5372"}],"version-history":[{"count":6,"href":"https:\/\/energizer.com\/eu\/spain\/wp-json\/wp\/v2\/product\/5372\/revisions"}],"predecessor-version":[{"id":10803,"href":"https:\/\/energizer.com\/eu\/spain\/wp-json\/wp\/v2\/product\/5372\/revisions\/10803"}],"wp:attachment":[{"href":"https:\/\/energizer.com\/eu\/spain\/wp-json\/wp\/v2\/media?parent=5372"}],"wp:term":[{"taxonomy":"product_brand","embeddable":true,"href":"https:\/\/energizer.com\/eu\/spain\/wp-json\/wp\/v2\/product_brand?post=5372"},{"taxonomy":"product_cat","embeddable":true,"href":"https:\/\/energizer.com\/eu\/spain\/wp-json\/wp\/v2\/product_cat?post=5372"},{"taxonomy":"product_tag","embeddable":true,"href":"https:\/\/energizer.com\/eu\/spain\/wp-json\/wp\/v2\/product_tag?post=5372"}],"curies":[{"name":"wp","href":"https:\/\/api.w.org\/{rel}","templated":true}]}}