{"id":5377,"date":"2024-05-22T08:00:46","date_gmt":"2024-05-22T08:00:46","guid":{"rendered":"https:\/\/23b13e8ab3.nxcli.io\/spain\/?post_type=product&#038;p=5377"},"modified":"2024-12-09T12:47:51","modified_gmt":"2024-12-09T12:47:51","slug":"enr-eu-universal-100-hl-tc-hdcu22","status":"publish","type":"product","link":"https:\/\/energizer.com\/eu\/spain\/product\/enr-eu-universal-100-hl-tc-hdcu22\/","title":{"rendered":"Energizer Universal + Headlamp"},"content":{"rendered":"<ul>\n<li>Linterna frontal Energizer Universal Plus con tecnolog\u00eda LED eficiente, 2 pilas alcalinas AAA incluidas<\/li>\n<li>Tecnolog\u00eda LED eficiente: Esta potente linterna de cabeza de 100 l\u00famenes tiene un alcance de 40 metros y proporciona una luz potente con su excelente \u00f3ptica y sus LED de superficie<\/li>\n<li>Modo nocturno de luz roja: La luz roja mejora tu visi\u00f3n nocturna para actividades como acampar y hacer caminatas nocturnas<\/li>\n<li>Linterna manos libres vers\u00e1til: Esta linterna manos libres compacta y f\u00e1cil de usar te cubre para carreras nocturnas, paseos con perros y m\u00e1s<\/li>\n<li>Dise\u00f1o pr\u00e1ctico: Luz directa donde la necesites con esta linterna frontal liviana, que cuenta con un cabezal giratorio y una banda el\u00e1stica ajustable<\/li>\n<li>Potencia confiable: Conf\u00eda en Energizer para ofrecer el potente rendimiento que prometemos: todas las Linterna Energizer se prueban y cumplen con los est\u00e1ndares ANSI estrictos y confiables<\/li>\n<\/ul>\n","protected":false},"excerpt":{"rendered":"<p>Mant\u00e9n tus manos libres y disfruta al m\u00e1ximo de cada aventura con esta linterna frontal ligera y vers\u00e1til. La linterna frontal Energizer Universal Plus es compacta y manos libres, ideal para bricolaje y actividades que requieren ambas manos. Iluminar\u00e1 tu camino en cualquier escapada nocturna, ya sea que est\u00e9s acampando, haciendo senderismo o saliendo a correr. Esta linterna frontal LED de 100 l\u00famenes iluminar\u00e1 incluso los espacios m\u00e1s oscuros, iluminando hasta 40 metros en modo alto. Puedes activarlo f\u00e1cilmente usando el pr\u00e1ctico interruptor deslizante, dirigir la luz hacia donde la necesite con el cabezal giratorio y mejorar su visi\u00f3n nocturna usando el modo de luz roja. El dise\u00f1o conveniente y la construcci\u00f3n duradera de la linterna frontal universal Energizer ofrecen comodidad y versatilidad \u00f3ptimas. Su banda ajustable, su c\u00f3modo coj\u00edn y su cabezal giratorio lo convierten en una opci\u00f3n c\u00f3moda para cualquier aventura en interiores o exteriores. Energizer hace que iluminar tu camino sea f\u00e1cil.<\/p>\n","protected":false},"featured_media":0,"comment_status":"open","ping_status":"closed","template":"","meta":{"_acf_changed":false},"product_brand":[],"product_cat":[43],"product_tag":[],"class_list":{"0":"post-5377","1":"product","2":"type-product","3":"status-publish","5":"product_cat-hands-free","7":"first","8":"instock","9":"shipping-taxable","10":"product-type-simple"},"acf":[],"_links":{"self":[{"href":"https:\/\/energizer.com\/eu\/spain\/wp-json\/wp\/v2\/product\/5377","targetHints":{"allow":["GET"]}}],"collection":[{"href":"https:\/\/energizer.com\/eu\/spain\/wp-json\/wp\/v2\/product"}],"about":[{"href":"https:\/\/energizer.com\/eu\/spain\/wp-json\/wp\/v2\/types\/product"}],"replies":[{"embeddable":true,"href":"https:\/\/energizer.com\/eu\/spain\/wp-json\/wp\/v2\/comments?post=5377"}],"version-history":[{"count":7,"href":"https:\/\/energizer.com\/eu\/spain\/wp-json\/wp\/v2\/product\/5377\/revisions"}],"predecessor-version":[{"id":10891,"href":"https:\/\/energizer.com\/eu\/spain\/wp-json\/wp\/v2\/product\/5377\/revisions\/10891"}],"wp:attachment":[{"href":"https:\/\/energizer.com\/eu\/spain\/wp-json\/wp\/v2\/media?parent=5377"}],"wp:term":[{"taxonomy":"product_brand","embeddable":true,"href":"https:\/\/energizer.com\/eu\/spain\/wp-json\/wp\/v2\/product_brand?post=5377"},{"taxonomy":"product_cat","embeddable":true,"href":"https:\/\/energizer.com\/eu\/spain\/wp-json\/wp\/v2\/product_cat?post=5377"},{"taxonomy":"product_tag","embeddable":true,"href":"https:\/\/energizer.com\/eu\/spain\/wp-json\/wp\/v2\/product_tag?post=5377"}],"curies":[{"name":"wp","href":"https:\/\/api.w.org\/{rel}","templated":true}]}}