{"id":5382,"date":"2024-05-22T08:03:02","date_gmt":"2024-05-22T08:03:02","guid":{"rendered":"https:\/\/23b13e8ab3.nxcli.io\/spain\/?post_type=product&#038;p=5382"},"modified":"2024-12-10T07:45:05","modified_gmt":"2024-12-10T07:45:05","slug":"energizer-rechargeable-torch-2","status":"publish","type":"product","link":"https:\/\/energizer.com\/eu\/spain\/product\/energizer-rechargeable-torch-2\/","title":{"rendered":"Energizer Rechargeable Torch 700"},"content":{"rendered":"<ul>\n<li>Linterna LED de metal t\u00e1ctica recargable Energizer TAC-R 700 con cable de carga USB<\/li>\n<li>Linterna superbrillante: Esta linterna LED recargable de 700 l\u00famenes ofrece un brillo excepcional y un alto rendimiento, lo que le permite ver hasta 100 metros<\/li>\n<li>4 modos de luz: Elija el modo de luz perfecto para su actividad, eligiendo entre alta, media, baja luz estrobosc\u00f3pica y de emergencia<\/li>\n<li>Ligero: Mantenga esta linterna compacta y potente en su caj\u00f3n, autom\u00f3vil, kit de emergencia en el hogar o ll\u00e9vela en su bolsillo<\/li>\n<li>Construcci\u00f3n duradera: El robusto cuerpo de aluminio de calidad aeron\u00e1utica y la construcci\u00f3n IPX4 brindan protecci\u00f3n contra da\u00f1os y salpicaduras<\/li>\n<li>Horas de duraci\u00f3n: Esta linterna de mano alta potencia puede brillar hasta 35 horas en modo bajo<\/li>\n<li>Tecnolog\u00eda MAX-VIZ de confianza: La poderosa tecnolog\u00eda de Energizer replica la luz del d\u00eda para una visi\u00f3n de alta definici\u00f3n en la que puede confiar<\/li>\n<\/ul>\n","protected":false},"excerpt":{"rendered":"<p>Ilumine su entorno esfuerzo con esta linterna superbrillante de alto rendimiento. La linterna met\u00e1lica t\u00e1ctica recargable Energizer TAC-R 700 proporciona un brillo excepcional durante hasta 35 horas en modo bajo, ya sea que se embarque en una aventura o se prepare para emergencias en el hogar. Ideal para acampar, hacer bricolaje o para cortes de energ\u00eda en casa, su linterna Energizer est\u00e1 a mano para ayudarlo a encontrar su camino en la oscuridad. Esta linterna LED de 700 l\u00famenes iluminar\u00e1 los espacios m\u00e1s oscuros, iluminando hasta 100 metros en modo alto y proporcionando una luz 15 veces m\u00e1s brillante que la tecnolog\u00eda LED est\u00e1ndar.<\/p>\n","protected":false},"featured_media":0,"comment_status":"open","ping_status":"closed","template":"","meta":{"_acf_changed":false},"product_brand":[],"product_cat":[97],"product_tag":[],"class_list":{"0":"post-5382","1":"product","2":"type-product","3":"status-publish","5":"product_cat-handheld","7":"first","8":"instock","9":"shipping-taxable","10":"product-type-simple"},"acf":[],"_links":{"self":[{"href":"https:\/\/energizer.com\/eu\/spain\/wp-json\/wp\/v2\/product\/5382","targetHints":{"allow":["GET"]}}],"collection":[{"href":"https:\/\/energizer.com\/eu\/spain\/wp-json\/wp\/v2\/product"}],"about":[{"href":"https:\/\/energizer.com\/eu\/spain\/wp-json\/wp\/v2\/types\/product"}],"replies":[{"embeddable":true,"href":"https:\/\/energizer.com\/eu\/spain\/wp-json\/wp\/v2\/comments?post=5382"}],"version-history":[{"count":8,"href":"https:\/\/energizer.com\/eu\/spain\/wp-json\/wp\/v2\/product\/5382\/revisions"}],"predecessor-version":[{"id":10923,"href":"https:\/\/energizer.com\/eu\/spain\/wp-json\/wp\/v2\/product\/5382\/revisions\/10923"}],"wp:attachment":[{"href":"https:\/\/energizer.com\/eu\/spain\/wp-json\/wp\/v2\/media?parent=5382"}],"wp:term":[{"taxonomy":"product_brand","embeddable":true,"href":"https:\/\/energizer.com\/eu\/spain\/wp-json\/wp\/v2\/product_brand?post=5382"},{"taxonomy":"product_cat","embeddable":true,"href":"https:\/\/energizer.com\/eu\/spain\/wp-json\/wp\/v2\/product_cat?post=5382"},{"taxonomy":"product_tag","embeddable":true,"href":"https:\/\/energizer.com\/eu\/spain\/wp-json\/wp\/v2\/product_tag?post=5382"}],"curies":[{"name":"wp","href":"https:\/\/api.w.org\/{rel}","templated":true}]}}