{"id":5386,"date":"2024-05-22T08:10:09","date_gmt":"2024-05-22T08:10:09","guid":{"rendered":"https:\/\/23b13e8ab3.nxcli.io\/spain\/?post_type=product&#038;p=5386"},"modified":"2024-12-09T07:28:13","modified_gmt":"2024-12-09T07:28:13","slug":"energizer-tactical-rechargeable-1200-torch","status":"publish","type":"product","link":"https:\/\/energizer.com\/eu\/spain\/product\/energizer-tactical-rechargeable-1200-torch\/","title":{"rendered":"Energizer Tactical Rechargeable 1200 Torch"},"content":{"rendered":"<ul>\n<li>Luz t\u00e1ctica met\u00e1lica recargable de gran formato<\/li>\n<li>Se recarga mediante cable USB (Incluido)<\/li>\n<li>Carga otros dispositivos (salida del puerto USB)<\/li>\n<li>1200 l\u00famenes<\/li>\n<li>Cabeza de bisel de impacto<\/li>\n<li>Pulsador trasero para operaci\u00f3n con una mano<\/li>\n<\/ul>\n","protected":false},"excerpt":{"rendered":"<div class=\"jsx-2518687885 relative px-2.5 pb-2\">\n<div class=\"jsx-2518687885 comment-privacy-wrapper\">La linterna El Energizer recargable t\u00e1ctico 1200 ofrece un alto rendimiento en una construcci\u00f3n duradera y confiable. Con caracter\u00edsticas de dise\u00f1o que incluyen: el bot\u00f3n trasero, el modo estrobosc\u00f3pico de emergencia y el aluminio aeron\u00e1utico duradero, esta linterna t\u00e1ctica es una excelente primera opci\u00f3n para brindar seguridad en cualquier situaci\u00f3n oscura. Su potente brillo y luz estrobosc\u00f3pica de emergencia te ayudar\u00e1n a afrontar situaciones de emergencia. Se puede recargar a trav\u00e9s de un puerto USB y tambi\u00e9n cargar otros dispositivos como tel\u00e9fonos inteligentes, asegurando que nunca te quedes sin energ\u00eda.<\/div>\n<\/div>\n","protected":false},"featured_media":0,"comment_status":"open","ping_status":"closed","template":"","meta":{"_acf_changed":false},"product_brand":[],"product_cat":[97],"product_tag":[],"class_list":{"0":"post-5386","1":"product","2":"type-product","3":"status-publish","5":"product_cat-handheld","7":"first","8":"instock","9":"shipping-taxable","10":"product-type-simple"},"acf":[],"_links":{"self":[{"href":"https:\/\/energizer.com\/eu\/spain\/wp-json\/wp\/v2\/product\/5386","targetHints":{"allow":["GET"]}}],"collection":[{"href":"https:\/\/energizer.com\/eu\/spain\/wp-json\/wp\/v2\/product"}],"about":[{"href":"https:\/\/energizer.com\/eu\/spain\/wp-json\/wp\/v2\/types\/product"}],"replies":[{"embeddable":true,"href":"https:\/\/energizer.com\/eu\/spain\/wp-json\/wp\/v2\/comments?post=5386"}],"version-history":[{"count":7,"href":"https:\/\/energizer.com\/eu\/spain\/wp-json\/wp\/v2\/product\/5386\/revisions"}],"predecessor-version":[{"id":10807,"href":"https:\/\/energizer.com\/eu\/spain\/wp-json\/wp\/v2\/product\/5386\/revisions\/10807"}],"wp:attachment":[{"href":"https:\/\/energizer.com\/eu\/spain\/wp-json\/wp\/v2\/media?parent=5386"}],"wp:term":[{"taxonomy":"product_brand","embeddable":true,"href":"https:\/\/energizer.com\/eu\/spain\/wp-json\/wp\/v2\/product_brand?post=5386"},{"taxonomy":"product_cat","embeddable":true,"href":"https:\/\/energizer.com\/eu\/spain\/wp-json\/wp\/v2\/product_cat?post=5386"},{"taxonomy":"product_tag","embeddable":true,"href":"https:\/\/energizer.com\/eu\/spain\/wp-json\/wp\/v2\/product_tag?post=5386"}],"curies":[{"name":"wp","href":"https:\/\/api.w.org\/{rel}","templated":true}]}}