{"id":5390,"date":"2024-05-22T08:13:38","date_gmt":"2024-05-22T08:13:38","guid":{"rendered":"https:\/\/23b13e8ab3.nxcli.io\/spain\/?post_type=product&#038;p=5390"},"modified":"2024-08-23T09:21:08","modified_gmt":"2024-08-23T09:21:08","slug":"energizer-rechargeable-industrial-headlight","status":"publish","type":"product","link":"https:\/\/energizer.com\/eu\/spain\/product\/energizer-rechargeable-industrial-headlight\/","title":{"rendered":"Energizer Rechargeable Industrial Headlight"},"content":{"rendered":"<ul>\n<li>Ideal para usuarios frecuentes y usuarios conscientes del medio ambiente<\/li>\n<li>Recargable (cable USB incluido)<\/li>\n<li>Tecnolog\u00eda Energizer Smart Dimming para controlar la intensidad de la luz<\/li>\n<li>VisionGuard protege la visi\u00f3n aumentando gradualmente la intensidad de la luz<\/li>\n<li>LEDs rojo y verde para visi\u00f3n nocturna<\/li>\n<\/ul>\n","protected":false},"excerpt":{"rendered":"<p>La linterna frontal recargable Energizer Vision Ultra HD ofrece un rendimiento excepcional en un dise\u00f1o compacto. La linterna frontal muestra caracter\u00edsticas innovadoras con su capacidad de recarga (puerto USB) y la tecnolog\u00eda Energizer Smart Dimming que permite un f\u00e1cil control de la intensidad de la luz. Adem\u00e1s de los LED blancos, esta luz tiene LED verdes y rojos que preservan la visi\u00f3n nocturna para actividades al aire libre como la caza y la pesca. La tecnolog\u00eda VisionGuard aumenta gradualmente la intensidad de la luz para evitar que las luces altas lleguen directamente a los ojos de los usuarios.<\/p>\n","protected":false},"featured_media":0,"comment_status":"open","ping_status":"closed","template":"","meta":{"_acf_changed":false},"product_brand":[],"product_cat":[43],"product_tag":[],"class_list":{"0":"post-5390","1":"product","2":"type-product","3":"status-publish","5":"product_cat-hands-free","7":"first","8":"instock","9":"shipping-taxable","10":"product-type-simple"},"acf":[],"_links":{"self":[{"href":"https:\/\/energizer.com\/eu\/spain\/wp-json\/wp\/v2\/product\/5390","targetHints":{"allow":["GET"]}}],"collection":[{"href":"https:\/\/energizer.com\/eu\/spain\/wp-json\/wp\/v2\/product"}],"about":[{"href":"https:\/\/energizer.com\/eu\/spain\/wp-json\/wp\/v2\/types\/product"}],"replies":[{"embeddable":true,"href":"https:\/\/energizer.com\/eu\/spain\/wp-json\/wp\/v2\/comments?post=5390"}],"version-history":[{"count":5,"href":"https:\/\/energizer.com\/eu\/spain\/wp-json\/wp\/v2\/product\/5390\/revisions"}],"predecessor-version":[{"id":9373,"href":"https:\/\/energizer.com\/eu\/spain\/wp-json\/wp\/v2\/product\/5390\/revisions\/9373"}],"wp:attachment":[{"href":"https:\/\/energizer.com\/eu\/spain\/wp-json\/wp\/v2\/media?parent=5390"}],"wp:term":[{"taxonomy":"product_brand","embeddable":true,"href":"https:\/\/energizer.com\/eu\/spain\/wp-json\/wp\/v2\/product_brand?post=5390"},{"taxonomy":"product_cat","embeddable":true,"href":"https:\/\/energizer.com\/eu\/spain\/wp-json\/wp\/v2\/product_cat?post=5390"},{"taxonomy":"product_tag","embeddable":true,"href":"https:\/\/energizer.com\/eu\/spain\/wp-json\/wp\/v2\/product_tag?post=5390"}],"curies":[{"name":"wp","href":"https:\/\/api.w.org\/{rel}","templated":true}]}}